{"id":17168,"date":"2024-10-18T23:40:26","date_gmt":"2024-10-18T23:40:26","guid":{"rendered":"https:\/\/halizer.com\/?page_id=17168"},"modified":"2024-10-21T01:07:00","modified_gmt":"2024-10-21T01:07:00","slug":"hakkimizda","status":"publish","type":"page","link":"https:\/\/halizer.com\/?page_id=17168","title":{"rendered":"Hakk\u0131m\u0131zda"},"content":{"rendered":"\t\t<div data-elementor-type=\"wp-page\" data-elementor-id=\"17168\" class=\"elementor elementor-17168\" data-elementor-post-type=\"page\">\n\t\t\t\t<div class=\"elementor-element elementor-element-18ae549 e-flex e-con-boxed elementor-invisible e-con e-parent\" data-id=\"18ae549\" data-element_type=\"container\" data-e-type=\"container\" data-settings=\"{&quot;animation&quot;:&quot;slideInDown&quot;}\">\n\t\t\t\t\t<div class=\"e-con-inner\">\n\t\t\t\t<div class=\"elementor-element elementor-element-574314a elementor-invisible elementor-widget elementor-widget-heading\" data-id=\"574314a\" data-element_type=\"widget\" data-e-type=\"widget\" data-settings=\"{&quot;_animation&quot;:&quot;fadeIn&quot;}\" data-widget_type=\"heading.default\">\n\t\t\t\t<div class=\"elementor-widget-container\">\n\t\t\t\t\t<h2 class=\"elementor-heading-title elementor-size-default\">Biz kimiz?<\/h2>\t\t\t\t<\/div>\n\t\t\t\t<\/div>\n\t\t\t\t\t<\/div>\n\t\t\t\t<\/div>\n\t\t<div class=\"elementor-element elementor-element-d1b91da e-flex e-con-boxed elementor-invisible e-con e-parent\" data-id=\"d1b91da\" data-element_type=\"container\" data-e-type=\"container\" data-settings=\"{&quot;animation&quot;:&quot;slideInLeft&quot;}\">\n\t\t\t\t\t<div class=\"e-con-inner\">\n\t\t\t\t<div class=\"elementor-element elementor-element-0d646ef elementor-widget elementor-widget-text-editor\" data-id=\"0d646ef\" data-element_type=\"widget\" data-e-type=\"widget\" data-widget_type=\"text-editor.default\">\n\t\t\t\t<div class=\"elementor-widget-container\">\n\t\t\t\t\t\t\t\t\t<h3>Hakk\u0131m\u0131zda<\/h3><p>2007 y\u0131l\u0131nda hal\u0131 sekt\u00f6r\u00fcnde hizmet vermeye ba\u015flayan Hal\u0131zer, el dokumas\u0131ndan makine hal\u0131lar\u0131na uzanan geni\u015f \u00fcr\u00fcn yelpazesiyle sekt\u00f6rde g\u00fcvenilir bir marka haline gelmi\u015ftir. Ge\u00e7mi\u015ften g\u00fcn\u00fcm\u00fcze, kaliteyi ve m\u00fc\u015fteri memnuniyetini en \u00f6n planda tutarak, her zevke hitap eden farkl\u0131 desenlerde ve \u00f6zelliklerde hal\u0131lar\u0131 m\u00fc\u015fterilerimizle bulu\u015fturuyoruz.<\/p><p>100.000 m\u00b2&#8217;yi a\u015fan haz\u0131r stok kapasitemizle, T\u00fcrkiye ve d\u00fcnya genelinde m\u00fc\u015fterilerimize en h\u0131zl\u0131 ve kaliteli hizmeti sunmaya devam ediyoruz. Hal\u0131zer olarak, geleneksel motiflerin zarafetini modern hayat\u0131n gereksinimleriyle birle\u015ftiriyor, her bir hal\u0131m\u0131z\u0131 \u00f6zenle se\u00e7iyor ve sizlere sunuyoruz.<\/p><h3>Misyonumuz<\/h3><p>M\u00fc\u015fterilerimize her zaman en kaliteli hal\u0131lar\u0131 sunmak, yenilik\u00e7i \u00e7\u00f6z\u00fcmlerle estetik ve fonksiyonelli\u011fi bir araya getirerek ev ve i\u015f yerlerine de\u011fer katmak. \u00dcretim s\u00fcre\u00e7lerimizde s\u00fcrd\u00fcr\u00fclebilirli\u011fi ve \u00e7evre duyarl\u0131l\u0131\u011f\u0131n\u0131 \u00f6n planda tutarak, sekt\u00f6rde fark yaratan bir marka olmak.<\/p><h3>Vizyonumuz<\/h3><p>Global hal\u0131 sekt\u00f6r\u00fcnde, yenilik\u00e7i tasar\u0131mlar\u0131m\u0131z ve g\u00fc\u00e7l\u00fc stok y\u00f6netimimizle lider bir marka haline gelmek. M\u00fc\u015fterilerimize her zaman en iyi hizmeti sunmak i\u00e7in teknoloji ve insan odakl\u0131 yat\u0131r\u0131mlar\u0131m\u0131z\u0131 s\u00fcrd\u00fcrerek, d\u00fcnyan\u0131n her k\u00f6\u015fesine hal\u0131lar\u0131m\u0131zla ilham vermek.<\/p>\t\t\t\t\t\t\t\t<\/div>\n\t\t\t\t<\/div>\n\t\t\t\t\t<\/div>\n\t\t\t\t<\/div>\n\t\t<div class=\"elementor-element elementor-element-af42caf e-flex e-con-boxed e-con e-parent\" data-id=\"af42caf\" data-element_type=\"container\" data-e-type=\"container\">\n\t\t\t\t\t<div class=\"e-con-inner\">\n\t\t\t\t<div class=\"elementor-element elementor-element-6d77bc9 elementor-widget-divider--view-line elementor-widget elementor-widget-divider\" data-id=\"6d77bc9\" data-element_type=\"widget\" data-e-type=\"widget\" data-widget_type=\"divider.default\">\n\t\t\t\t<div class=\"elementor-widget-container\">\n\t\t\t\t\t\t\t<div class=\"elementor-divider\">\n\t\t\t<span class=\"elementor-divider-separator\">\n\t\t\t\t\t\t<\/span>\n\t\t<\/div>\n\t\t\t\t\t\t<\/div>\n\t\t\t\t<\/div>\n\t\t\t\t\t<\/div>\n\t\t\t\t<\/div>\n\t\t\t\t<\/div>\n\t\t","protected":false},"excerpt":{"rendered":"<p>Biz kimiz? Hakk\u0131m\u0131zda 2007 y\u0131l\u0131nda hal\u0131 sekt\u00f6r\u00fcnde hizmet vermeye ba\u015flayan Hal\u0131zer, el dokumas\u0131ndan makine hal\u0131lar\u0131na uzanan geni\u015f \u00fcr\u00fcn yelpazesiyle sekt\u00f6rde g\u00fcvenilir bir marka haline gelmi\u015ftir. Ge\u00e7mi\u015ften g\u00fcn\u00fcm\u00fcze, kaliteyi ve m\u00fc\u015fteri memnuniyetini en \u00f6n planda tutarak, her zevke hitap eden farkl\u0131 desenlerde ve \u00f6zelliklerde hal\u0131lar\u0131 m\u00fc\u015fterilerimizle bulu\u015fturuyoruz. 100.000 m\u00b2&#8217;yi a\u015fan haz\u0131r stok kapasitemizle, T\u00fcrkiye ve d\u00fcnya&#8230;<\/p>\n","protected":false},"author":1,"featured_media":0,"parent":0,"menu_order":0,"comment_status":"closed","ping_status":"closed","template":"","meta":{"_kadence_starter_templates_imported_post":false,"_kad_post_transparent":"","_kad_post_title":"hide","_kad_post_layout":"fullwidth","_kad_post_sidebar_id":"","_kad_post_content_style":"unboxed","_kad_post_vertical_padding":"hide","_kad_post_feature":"hide","_kad_post_feature_position":"","_kad_post_header":false,"_kad_post_footer":false,"_kad_post_classname":"","footnotes":""},"class_list":["post-17168","page","type-page","status-publish","hentry"],"jetpack_sharing_enabled":true,"_links":{"self":[{"href":"https:\/\/halizer.com\/index.php?rest_route=\/wp\/v2\/pages\/17168","targetHints":{"allow":["GET"]}}],"collection":[{"href":"https:\/\/halizer.com\/index.php?rest_route=\/wp\/v2\/pages"}],"about":[{"href":"https:\/\/halizer.com\/index.php?rest_route=\/wp\/v2\/types\/page"}],"author":[{"embeddable":true,"href":"https:\/\/halizer.com\/index.php?rest_route=\/wp\/v2\/users\/1"}],"replies":[{"embeddable":true,"href":"https:\/\/halizer.com\/index.php?rest_route=%2Fwp%2Fv2%2Fcomments&post=17168"}],"version-history":[{"count":13,"href":"https:\/\/halizer.com\/index.php?rest_route=\/wp\/v2\/pages\/17168\/revisions"}],"predecessor-version":[{"id":17337,"href":"https:\/\/halizer.com\/index.php?rest_route=\/wp\/v2\/pages\/17168\/revisions\/17337"}],"wp:attachment":[{"href":"https:\/\/halizer.com\/index.php?rest_route=%2Fwp%2Fv2%2Fmedia&parent=17168"}],"curies":[{"name":"wp","href":"https:\/\/api.w.org\/{rel}","templated":true}]}}