{"id":17199,"date":"2024-10-19T01:03:45","date_gmt":"2024-10-19T01:03:45","guid":{"rendered":"https:\/\/halizer.com\/?page_id=17199"},"modified":"2024-10-21T01:10:09","modified_gmt":"2024-10-21T01:10:09","slug":"teslimat-ve-iade","status":"publish","type":"page","link":"https:\/\/halizer.com\/?page_id=17199","title":{"rendered":"Teslimat ve \u0130ade"},"content":{"rendered":"\t\t<div data-elementor-type=\"wp-page\" data-elementor-id=\"17199\" class=\"elementor elementor-17199\" data-elementor-post-type=\"page\">\n\t\t\t\t<div class=\"elementor-element elementor-element-18ae549 e-flex e-con-boxed elementor-invisible e-con e-parent\" data-id=\"18ae549\" data-element_type=\"container\" data-e-type=\"container\" data-settings=\"{&quot;animation&quot;:&quot;slideInDown&quot;}\">\n\t\t\t\t\t<div class=\"e-con-inner\">\n\t\t\t\t<div class=\"elementor-element elementor-element-574314a elementor-invisible elementor-widget elementor-widget-heading\" data-id=\"574314a\" data-element_type=\"widget\" data-e-type=\"widget\" data-settings=\"{&quot;_animation&quot;:&quot;fadeIn&quot;}\" data-widget_type=\"heading.default\">\n\t\t\t\t<div class=\"elementor-widget-container\">\n\t\t\t\t\t<h2 class=\"elementor-heading-title elementor-size-default\">Teslimat ve \u0130ade<\/h2>\t\t\t\t<\/div>\n\t\t\t\t<\/div>\n\t\t\t\t\t<\/div>\n\t\t\t\t<\/div>\n\t\t<div class=\"elementor-element elementor-element-d1b91da e-flex e-con-boxed e-con e-parent\" data-id=\"d1b91da\" data-element_type=\"container\" data-e-type=\"container\">\n\t\t\t\t\t<div class=\"e-con-inner\">\n\t\t\t\t<div class=\"elementor-element elementor-element-0d646ef animated-slow elementor-invisible elementor-widget elementor-widget-text-editor\" data-id=\"0d646ef\" data-element_type=\"widget\" data-e-type=\"widget\" data-settings=\"{&quot;_animation&quot;:&quot;slideInLeft&quot;}\" data-widget_type=\"text-editor.default\">\n\t\t\t\t<div class=\"elementor-widget-container\">\n\t\t\t\t\t\t\t\t\t<p>Teslimat Ko\u015fullar\u0131<br \/>Sipari\u015f edilen \u00fcr\u00fcnler \u00f6deme onay\u0131n\u0131n sisteme d\u00fc\u015fmesi akabinde en ge\u00e7 5-7 i\u015f g\u00fcn\u00fc i\u00e7erisinde kargoya teslim edilmektedir. \u00dcr\u00fcnlerin stokta olmamas\u0131 durumunda en ge\u00e7 15 i\u015f g\u00fcn\u00fc i\u00e7erisinde sipari\u015finiz \u00fcretilip sizlere ula\u015ft\u0131r\u0131lacakt\u0131r.<\/p><p>Sipari\u015finiz ile alakal\u0131 de\u011fi\u015fiklik taleplerinizde halizerpendik@gmail.com veya Whatsapp Destek hatt\u0131m\u0131z ile ileti\u015fime ge\u00e7ebilirsiniz.<\/p><p>\u0130ade ve De\u011fi\u015fim \u015eartlar\u0131<br \/>\u0130lgili yasal mevzuat gere\u011fi hi\u00e7bir sebep g\u00f6stermeksizin \u00fcr\u00fcnlerinizi teslim ald\u0131ktan sonra 14 g\u00fcn i\u00e7erisinde iade veya de\u011fi\u015fim yapabilirsiniz. Bununla birlikte halizer.com m\u00fc\u015fteri memnuniyetini en \u00fcst seviyede tuttu\u011funu bilmenizi isteriz. Ki\u015fiye \u00f6zel haz\u0131rlanan \u00f6zel \u00f6l\u00e7\u00fc kesme hal\u0131larda maalesef iade kabul edemiyoruz.<\/p><p>Sat\u0131n al\u0131nan \u00fcr\u00fcn\u00fcn kullan\u0131lmam\u0131\u015f, tahrip edilmemi\u015f, \u00fcr\u00fcn paketli ise paketi hasar g\u00f6rmemi\u015f, aksesuar\u0131 olan bir \u00fcr\u00fcn ise aksesuar\u0131nda eksik olmaks\u0131z\u0131n iade edilmi\u015f ve tekrar sat\u0131labilir olmas\u0131 gerekmektedir.<\/p><p>\u00dcr\u00fcn yukar\u0131da belirtilen ko\u015fullar dahilinde iade i\u015flemi ba\u015flat\u0131l\u0131p, taraf\u0131m\u0131za ula\u015ft\u0131ktan sonra iadenin \u015fartlara uygunlu\u011fu kontrol edilecektir. Kontrol sonras\u0131nda uygun bulunan iadeler i\u00e7in yap\u0131lan \u00f6demenin \u015fekline sad\u0131k kal\u0131narak iade i\u015flemi 14 i\u015f g\u00fcn\u00fc i\u00e7erisinde ger\u00e7ekle\u015ftirilir. Kredi kart\u0131 ile yap\u0131lan \u00f6demelerde \u00fcr\u00fcn bedeli, bankan\u0131za ba\u011fl\u0131 olarak 1-10 g\u00fcn i\u00e7erisinde hesab\u0131n\u0131za yans\u0131r.<\/p><p>Adres: halizerpendik@gmail.com<br \/>Dumlup\u0131nar Mahallesi Ankara Caddesi No34 Pendik\/\u0130stanbul<\/p><p>WHATSAPP : +90 532 562 17 91<\/p>\t\t\t\t\t\t\t\t<\/div>\n\t\t\t\t<\/div>\n\t\t\t\t\t<\/div>\n\t\t\t\t<\/div>\n\t\t\t\t<\/div>\n\t\t","protected":false},"excerpt":{"rendered":"<p>Teslimat ve \u0130ade Teslimat Ko\u015fullar\u0131Sipari\u015f edilen \u00fcr\u00fcnler \u00f6deme onay\u0131n\u0131n sisteme d\u00fc\u015fmesi akabinde en ge\u00e7 5-7 i\u015f g\u00fcn\u00fc i\u00e7erisinde kargoya teslim edilmektedir. \u00dcr\u00fcnlerin stokta olmamas\u0131 durumunda en ge\u00e7 15 i\u015f g\u00fcn\u00fc i\u00e7erisinde sipari\u015finiz \u00fcretilip sizlere ula\u015ft\u0131r\u0131lacakt\u0131r. Sipari\u015finiz ile alakal\u0131 de\u011fi\u015fiklik taleplerinizde halizerpendik@gmail.com veya Whatsapp Destek hatt\u0131m\u0131z ile ileti\u015fime ge\u00e7ebilirsiniz. \u0130ade ve De\u011fi\u015fim \u015eartlar\u0131\u0130lgili yasal mevzuat gere\u011fi&#8230;<\/p>\n","protected":false},"author":1,"featured_media":0,"parent":0,"menu_order":0,"comment_status":"closed","ping_status":"closed","template":"","meta":{"_kadence_starter_templates_imported_post":false,"_kad_post_transparent":"","_kad_post_title":"hide","_kad_post_layout":"fullwidth","_kad_post_sidebar_id":"","_kad_post_content_style":"unboxed","_kad_post_vertical_padding":"hide","_kad_post_feature":"hide","_kad_post_feature_position":"","_kad_post_header":false,"_kad_post_footer":false,"_kad_post_classname":"","footnotes":""},"class_list":["post-17199","page","type-page","status-publish","hentry"],"jetpack_sharing_enabled":true,"_links":{"self":[{"href":"https:\/\/halizer.com\/index.php?rest_route=\/wp\/v2\/pages\/17199","targetHints":{"allow":["GET"]}}],"collection":[{"href":"https:\/\/halizer.com\/index.php?rest_route=\/wp\/v2\/pages"}],"about":[{"href":"https:\/\/halizer.com\/index.php?rest_route=\/wp\/v2\/types\/page"}],"author":[{"embeddable":true,"href":"https:\/\/halizer.com\/index.php?rest_route=\/wp\/v2\/users\/1"}],"replies":[{"embeddable":true,"href":"https:\/\/halizer.com\/index.php?rest_route=%2Fwp%2Fv2%2Fcomments&post=17199"}],"version-history":[{"count":13,"href":"https:\/\/halizer.com\/index.php?rest_route=\/wp\/v2\/pages\/17199\/revisions"}],"predecessor-version":[{"id":17349,"href":"https:\/\/halizer.com\/index.php?rest_route=\/wp\/v2\/pages\/17199\/revisions\/17349"}],"wp:attachment":[{"href":"https:\/\/halizer.com\/index.php?rest_route=%2Fwp%2Fv2%2Fmedia&parent=17199"}],"curies":[{"name":"wp","href":"https:\/\/api.w.org\/{rel}","templated":true}]}}