{"id":17204,"date":"2024-10-19T01:17:40","date_gmt":"2024-10-19T01:17:40","guid":{"rendered":"https:\/\/halizer.com\/?page_id=17204"},"modified":"2024-10-21T01:14:48","modified_gmt":"2024-10-21T01:14:48","slug":"iletisim-2","status":"publish","type":"page","link":"https:\/\/halizer.com\/?page_id=17204","title":{"rendered":"\u0130leti\u015fim"},"content":{"rendered":"\t\t<div data-elementor-type=\"wp-page\" data-elementor-id=\"17204\" class=\"elementor elementor-17204\" data-elementor-post-type=\"page\">\n\t\t\t\t<div class=\"elementor-element elementor-element-18ae549 e-flex e-con-boxed elementor-invisible e-con e-parent\" data-id=\"18ae549\" data-element_type=\"container\" data-e-type=\"container\" data-settings=\"{&quot;animation&quot;:&quot;slideInDown&quot;}\">\n\t\t\t\t\t<div class=\"e-con-inner\">\n\t\t\t\t<div class=\"elementor-element elementor-element-574314a elementor-invisible elementor-widget elementor-widget-heading\" data-id=\"574314a\" data-element_type=\"widget\" data-e-type=\"widget\" data-settings=\"{&quot;_animation&quot;:&quot;fadeIn&quot;,&quot;_animation_mobile&quot;:&quot;slideInDown&quot;}\" data-widget_type=\"heading.default\">\n\t\t\t\t<div class=\"elementor-widget-container\">\n\t\t\t\t\t<h2 class=\"elementor-heading-title elementor-size-default\">Bizimle \u0130leti\u015fime Ge\u00e7in<\/h2>\t\t\t\t<\/div>\n\t\t\t\t<\/div>\n\t\t\t\t\t<\/div>\n\t\t\t\t<\/div>\n\t\t<div class=\"elementor-element elementor-element-e8c541c e-flex e-con-boxed elementor-invisible e-con e-parent\" data-id=\"e8c541c\" data-element_type=\"container\" data-e-type=\"container\" data-settings=\"{&quot;animation&quot;:&quot;slideInLeft&quot;}\">\n\t\t\t\t\t<div class=\"e-con-inner\">\n\t\t<div class=\"elementor-element elementor-element-1c28e54 e-con-full e-flex e-con e-child\" data-id=\"1c28e54\" data-element_type=\"container\" data-e-type=\"container\">\n\t\t\t\t<div class=\"elementor-element elementor-element-233d9ab elementor-widget elementor-widget-qi_addons_for_elementor_contact_form_7\" data-id=\"233d9ab\" data-element_type=\"widget\" data-e-type=\"widget\" data-widget_type=\"qi_addons_for_elementor_contact_form_7.default\">\n\t\t\t\t<div class=\"elementor-widget-container\">\n\t\t\t\t\t<div class=\"qodef-shortcode qodef-m qodef-qi-contact-form-7\">\n\t\n<div class=\"wpcf7 no-js\" id=\"wpcf7-f16936-o1\" lang=\"tr-TR\" dir=\"ltr\" data-wpcf7-id=\"16936\">\n<div class=\"screen-reader-response\"><p role=\"status\" aria-live=\"polite\" aria-atomic=\"true\"><\/p> <ul><\/ul><\/div>\n<form action=\"\/index.php?rest_route=%2Fwp%2Fv2%2Fpages%2F17204#wpcf7-f16936-o1\" method=\"post\" class=\"wpcf7-form init\" aria-label=\"\u0130leti\u015fim Formu\" novalidate=\"novalidate\" data-status=\"init\">\n<fieldset class=\"hidden-fields-container\"><input type=\"hidden\" name=\"_wpcf7\" value=\"16936\" \/><input type=\"hidden\" name=\"_wpcf7_version\" value=\"6.1.5\" \/><input type=\"hidden\" name=\"_wpcf7_locale\" value=\"tr_TR\" \/><input type=\"hidden\" name=\"_wpcf7_unit_tag\" value=\"wpcf7-f16936-o1\" \/><input type=\"hidden\" name=\"_wpcf7_container_post\" value=\"0\" \/><input type=\"hidden\" name=\"_wpcf7_posted_data_hash\" value=\"\" \/>\n<\/fieldset>\n<label> Ad\u0131n\u0131z\n    <span class=\"wpcf7-form-control-wrap\" data-name=\"your-name\"><input size=\"40\" maxlength=\"400\" class=\"wpcf7-form-control wpcf7-text wpcf7-validates-as-required\" autocomplete=\"name\" aria-required=\"true\" aria-invalid=\"false\" value=\"\" type=\"text\" name=\"your-name\" \/><\/span> <\/label>\n\n<label> E-posta adresiniz\n    <span class=\"wpcf7-form-control-wrap\" data-name=\"your-email\"><input size=\"40\" maxlength=\"400\" class=\"wpcf7-form-control wpcf7-email wpcf7-validates-as-required wpcf7-text wpcf7-validates-as-email\" autocomplete=\"email\" aria-required=\"true\" aria-invalid=\"false\" value=\"\" type=\"email\" name=\"your-email\" \/><\/span> <\/label>\n\n<label> Konu\n    <span class=\"wpcf7-form-control-wrap\" data-name=\"your-subject\"><input size=\"40\" maxlength=\"400\" class=\"wpcf7-form-control wpcf7-text wpcf7-validates-as-required\" aria-required=\"true\" aria-invalid=\"false\" value=\"\" type=\"text\" name=\"your-subject\" \/><\/span> <\/label>\n\n<label> \u0130letiniz (tercihe ba\u011fl\u0131)\n    <span class=\"wpcf7-form-control-wrap\" data-name=\"your-message\"><textarea cols=\"40\" rows=\"10\" maxlength=\"2000\" class=\"wpcf7-form-control wpcf7-textarea\" aria-invalid=\"false\" name=\"your-message\"><\/textarea><\/span> <\/label>\n\n<input class=\"wpcf7-form-control wpcf7-submit has-spinner\" type=\"submit\" value=\"G\u00f6nder\" \/><div class=\"wpcf7-response-output\" aria-hidden=\"true\"><\/div>\n<\/form>\n<\/div>\n<\/div>\n\t\t\t\t<\/div>\n\t\t\t\t<\/div>\n\t\t\t\t<\/div>\n\t\t<div class=\"elementor-element elementor-element-84ac7ae e-con-full e-flex e-con e-child\" data-id=\"84ac7ae\" data-element_type=\"container\" data-e-type=\"container\">\n\t\t\t\t<div class=\"elementor-element elementor-element-16d4e7b elementor-widget elementor-widget-image\" data-id=\"16d4e7b\" data-element_type=\"widget\" data-e-type=\"widget\" data-widget_type=\"image.default\">\n\t\t\t\t<div class=\"elementor-widget-container\">\n\t\t\t\t\t\t\t\t\t\t\t\t\t\t\t<img fetchpriority=\"high\" decoding=\"async\" width=\"1024\" height=\"1024\" src=\"https:\/\/halizer.com\/wp-content\/uploads\/2024\/10\/131640343_401504021105011_3782804267822942139_n-1024x1024.jpg\" class=\"attachment-large size-large wp-image-17225\" alt=\"\" srcset=\"https:\/\/halizer.com\/wp-content\/uploads\/2024\/10\/131640343_401504021105011_3782804267822942139_n-1024x1024.jpg 1024w, https:\/\/halizer.com\/wp-content\/uploads\/2024\/10\/131640343_401504021105011_3782804267822942139_n-410x410.jpg 410w, https:\/\/halizer.com\/wp-content\/uploads\/2024\/10\/131640343_401504021105011_3782804267822942139_n-100x100.jpg 100w, https:\/\/halizer.com\/wp-content\/uploads\/2024\/10\/131640343_401504021105011_3782804267822942139_n-800x800.jpg 800w, https:\/\/halizer.com\/wp-content\/uploads\/2024\/10\/131640343_401504021105011_3782804267822942139_n-300x300.jpg 300w, https:\/\/halizer.com\/wp-content\/uploads\/2024\/10\/131640343_401504021105011_3782804267822942139_n-150x150.jpg 150w, https:\/\/halizer.com\/wp-content\/uploads\/2024\/10\/131640343_401504021105011_3782804267822942139_n-768x768.jpg 768w, https:\/\/halizer.com\/wp-content\/uploads\/2024\/10\/131640343_401504021105011_3782804267822942139_n-650x650.jpg 650w, https:\/\/halizer.com\/wp-content\/uploads\/2024\/10\/131640343_401504021105011_3782804267822942139_n-24x24.jpg 24w, https:\/\/halizer.com\/wp-content\/uploads\/2024\/10\/131640343_401504021105011_3782804267822942139_n-36x36.jpg 36w, https:\/\/halizer.com\/wp-content\/uploads\/2024\/10\/131640343_401504021105011_3782804267822942139_n-48x48.jpg 48w, https:\/\/halizer.com\/wp-content\/uploads\/2024\/10\/131640343_401504021105011_3782804267822942139_n.jpg 1080w\" sizes=\"(max-width: 1024px) 100vw, 1024px\" \/>\t\t\t\t\t\t\t\t\t\t\t\t\t\t\t<\/div>\n\t\t\t\t<\/div>\n\t\t\t\t<\/div>\n\t\t\t\t\t<\/div>\n\t\t\t\t<\/div>\n\t\t<div class=\"elementor-element elementor-element-f84bf3d e-flex e-con-boxed elementor-invisible e-con e-parent\" data-id=\"f84bf3d\" data-element_type=\"container\" data-e-type=\"container\" data-settings=\"{&quot;animation&quot;:&quot;slideInRight&quot;}\">\n\t\t\t\t\t<div class=\"e-con-inner\">\n\t\t\t\t<div class=\"elementor-element elementor-element-b4d3566 elementor-widget__width-auto elementor-widget elementor-widget-text-editor\" data-id=\"b4d3566\" data-element_type=\"widget\" data-e-type=\"widget\" data-settings=\"{&quot;_animation_mobile&quot;:&quot;fadeInUp&quot;}\" data-widget_type=\"text-editor.default\">\n\t\t\t\t<div class=\"elementor-widget-container\">\n\t\t\t\t\t\t\t\t\t<h2 class=\"widget-title\">Bize Ula\u015f\u0131n<\/h2><div class=\"textwidget\"><p><span class=\"elementor-icon-list-text\"><img decoding=\"async\" class=\"wp-image-17232 alignleft\" src=\"https:\/\/halizer.com\/wp-content\/uploads\/2024\/10\/contact-phone.jpg\" alt=\"\" width=\"26\" height=\"23\" srcset=\"https:\/\/halizer.com\/wp-content\/uploads\/2024\/10\/contact-phone.jpg 37w, https:\/\/halizer.com\/wp-content\/uploads\/2024\/10\/contact-phone-24x21.jpg 24w\" sizes=\"(max-width: 26px) 100vw, 26px\" \/><span style=\"font-family: var(--global-body-font-family);\">+90 532 562 17 91<\/span><\/span><\/p><p><span class=\"elementor-icon-list-text\"><img decoding=\"async\" class=\"size-full wp-image-17231 alignleft\" src=\"https:\/\/halizer.com\/wp-content\/uploads\/2024\/10\/contact-mail.jpg\" alt=\"\" width=\"36\" height=\"24\" srcset=\"https:\/\/halizer.com\/wp-content\/uploads\/2024\/10\/contact-mail.jpg 36w, https:\/\/halizer.com\/wp-content\/uploads\/2024\/10\/contact-mail-24x16.jpg 24w\" sizes=\"(max-width: 36px) 100vw, 36px\" \/>halizerpendik@gmail.com<\/span><\/p><p><span class=\"elementor-icon-list-text\"><img loading=\"lazy\" decoding=\"async\" class=\"size-full wp-image-17230 alignleft\" src=\"https:\/\/halizer.com\/wp-content\/uploads\/2024\/10\/contact-address.jpg\" alt=\"\" width=\"37\" height=\"44\" srcset=\"https:\/\/halizer.com\/wp-content\/uploads\/2024\/10\/contact-address.jpg 37w, https:\/\/halizer.com\/wp-content\/uploads\/2024\/10\/contact-address-20x24.jpg 20w, https:\/\/halizer.com\/wp-content\/uploads\/2024\/10\/contact-address-30x36.jpg 30w\" sizes=\"(max-width: 37px) 100vw, 37px\" \/>Dumlup\u0131nar Mahallesi Ankara Caddesi No34 Pendik\/\u0130stanbul<\/span><\/p><\/div>\t\t\t\t\t\t\t\t<\/div>\n\t\t\t\t<\/div>\n\t\t\t\t\t<\/div>\n\t\t\t\t<\/div>\n\t\t<div class=\"elementor-element elementor-element-25889f3 e-flex e-con-boxed e-con e-parent\" data-id=\"25889f3\" data-element_type=\"container\" data-e-type=\"container\">\n\t\t\t\t\t<div class=\"e-con-inner\">\n\t\t\t\t<div class=\"elementor-element elementor-element-c23e7ab elementor-widget-divider--view-line elementor-widget elementor-widget-divider\" data-id=\"c23e7ab\" data-element_type=\"widget\" data-e-type=\"widget\" data-widget_type=\"divider.default\">\n\t\t\t\t<div class=\"elementor-widget-container\">\n\t\t\t\t\t\t\t<div class=\"elementor-divider\">\n\t\t\t<span class=\"elementor-divider-separator\">\n\t\t\t\t\t\t<\/span>\n\t\t<\/div>\n\t\t\t\t\t\t<\/div>\n\t\t\t\t<\/div>\n\t\t\t\t\t<\/div>\n\t\t\t\t<\/div>\n\t\t\t\t<\/div>\n\t\t","protected":false},"excerpt":{"rendered":"<p>Bizimle \u0130leti\u015fime Ge\u00e7in Ad\u0131n\u0131z E-posta adresiniz Konu \u0130letiniz (tercihe ba\u011fl\u0131) Bize Ula\u015f\u0131n +90 532 562 17 91 halizerpendik@gmail.com Dumlup\u0131nar Mahallesi Ankara Caddesi No34 Pendik\/\u0130stanbul<\/p>\n","protected":false},"author":1,"featured_media":0,"parent":0,"menu_order":0,"comment_status":"closed","ping_status":"closed","template":"","meta":{"_kadence_starter_templates_imported_post":false,"_kad_post_transparent":"","_kad_post_title":"hide","_kad_post_layout":"fullwidth","_kad_post_sidebar_id":"","_kad_post_content_style":"unboxed","_kad_post_vertical_padding":"hide","_kad_post_feature":"hide","_kad_post_feature_position":"","_kad_post_header":false,"_kad_post_footer":false,"_kad_post_classname":"","footnotes":""},"class_list":["post-17204","page","type-page","status-publish","hentry"],"jetpack_sharing_enabled":true,"_links":{"self":[{"href":"https:\/\/halizer.com\/index.php?rest_route=\/wp\/v2\/pages\/17204","targetHints":{"allow":["GET"]}}],"collection":[{"href":"https:\/\/halizer.com\/index.php?rest_route=\/wp\/v2\/pages"}],"about":[{"href":"https:\/\/halizer.com\/index.php?rest_route=\/wp\/v2\/types\/page"}],"author":[{"embeddable":true,"href":"https:\/\/halizer.com\/index.php?rest_route=\/wp\/v2\/users\/1"}],"replies":[{"embeddable":true,"href":"https:\/\/halizer.com\/index.php?rest_route=%2Fwp%2Fv2%2Fcomments&post=17204"}],"version-history":[{"count":31,"href":"https:\/\/halizer.com\/index.php?rest_route=\/wp\/v2\/pages\/17204\/revisions"}],"predecessor-version":[{"id":17361,"href":"https:\/\/halizer.com\/index.php?rest_route=\/wp\/v2\/pages\/17204\/revisions\/17361"}],"wp:attachment":[{"href":"https:\/\/halizer.com\/index.php?rest_route=%2Fwp%2Fv2%2Fmedia&parent=17204"}],"curies":[{"name":"wp","href":"https:\/\/api.w.org\/{rel}","templated":true}]}}