{"id":17210,"date":"2024-10-19T01:22:53","date_gmt":"2024-10-19T01:22:53","guid":{"rendered":"https:\/\/halizer.com\/?page_id=17210"},"modified":"2024-10-21T01:10:55","modified_gmt":"2024-10-21T01:10:55","slug":"siparis-takip","status":"publish","type":"page","link":"https:\/\/halizer.com\/?page_id=17210","title":{"rendered":"Sipari\u015f Takip"},"content":{"rendered":"\t\t<div data-elementor-type=\"wp-page\" data-elementor-id=\"17210\" class=\"elementor elementor-17210\" data-elementor-post-type=\"page\">\n\t\t\t\t<div class=\"elementor-element elementor-element-18ae549 e-flex e-con-boxed elementor-invisible e-con e-parent\" data-id=\"18ae549\" data-element_type=\"container\" data-e-type=\"container\" data-settings=\"{&quot;animation&quot;:&quot;slideInDown&quot;}\">\n\t\t\t\t\t<div class=\"e-con-inner\">\n\t\t\t\t<div class=\"elementor-element elementor-element-574314a elementor-invisible elementor-widget elementor-widget-heading\" data-id=\"574314a\" data-element_type=\"widget\" data-e-type=\"widget\" data-settings=\"{&quot;_animation&quot;:&quot;fadeIn&quot;}\" data-widget_type=\"heading.default\">\n\t\t\t\t<div class=\"elementor-widget-container\">\n\t\t\t\t\t<h2 class=\"elementor-heading-title elementor-size-default\">Sipari\u015f Takip<\/h2>\t\t\t\t<\/div>\n\t\t\t\t<\/div>\n\t\t\t\t\t<\/div>\n\t\t\t\t<\/div>\n\t\t<div class=\"elementor-element elementor-element-7b7fefb e-grid animated-slow e-con-boxed elementor-invisible e-con e-parent\" data-id=\"7b7fefb\" data-element_type=\"container\" data-e-type=\"container\" data-settings=\"{&quot;animation&quot;:&quot;slideInLeft&quot;}\">\n\t\t\t\t\t<div class=\"e-con-inner\">\n\t\t\t\t<div class=\"elementor-element elementor-element-e68f1f8 elementor-widget elementor-widget-shortcode\" data-id=\"e68f1f8\" data-element_type=\"widget\" data-e-type=\"widget\" data-widget_type=\"shortcode.default\">\n\t\t\t\t<div class=\"elementor-widget-container\">\n\t\t\t\t\t\t\t<div class=\"elementor-shortcode\"><div class=\"woocommerce\">\n<form action=\"https:\/\/halizer.com\/?page_id=17210\" method=\"post\" class=\"woocommerce-form woocommerce-form-track-order track_order\">\n\n\t\n\t<p>Sipari\u015finizi takip etmek i\u00e7in l\u00fctfen a\u015fa\u011f\u0131daki kutuya sipari\u015f numaran\u0131z\u0131 girin ve Takip Et butonuna t\u0131klay\u0131n. Size g\u00f6nderilen sipari\u015f onay e-postas\u0131nda sipari\u015f numaran\u0131z\u0131 bulabilirsiniz.<\/p>\n\n\t<p class=\"form-row form-row-first\"><label for=\"orderid\">Sipari\u015f numaras\u0131<\/label> <input class=\"input-text\" type=\"text\" name=\"orderid\" id=\"orderid\" value=\"\" placeholder=\"Sipari\u015f onay e-postas\u0131nda bulunur.\" \/><\/p>\t<p class=\"form-row form-row-last\"><label for=\"order_email\">Fatura e-posta adresi<\/label> <input class=\"input-text\" type=\"text\" name=\"order_email\" id=\"order_email\" value=\"\" placeholder=\"\u00d6deme s\u0131ras\u0131nda kullanm\u0131\u015f oldu\u011funuz e-posta adresi.\" \/><\/p>\t<div class=\"clear\"><\/div>\n\n\t\n\t<p class=\"form-row\"><button type=\"submit\" class=\"button\" name=\"track\" value=\"Takip et\">Takip et<\/button><\/p>\n\t<input type=\"hidden\" id=\"woocommerce-order-tracking-nonce\" name=\"woocommerce-order-tracking-nonce\" value=\"2232d04cfb\" \/><input type=\"hidden\" name=\"_wp_http_referer\" value=\"\/index.php?rest_route=%2Fwp%2Fv2%2Fpages%2F17210\" \/>\n\t\n<\/form>\n<\/div><\/div>\n\t\t\t\t\t\t<\/div>\n\t\t\t\t<\/div>\n\t\t\t\t<div class=\"elementor-element elementor-element-ca572d4 elementor-widget elementor-widget-image\" data-id=\"ca572d4\" data-element_type=\"widget\" data-e-type=\"widget\" data-widget_type=\"image.default\">\n\t\t\t\t<div class=\"elementor-widget-container\">\n\t\t\t\t\t\t\t\t\t\t\t\t\t\t\t<img fetchpriority=\"high\" decoding=\"async\" width=\"1000\" height=\"500\" src=\"https:\/\/halizer.com\/wp-content\/uploads\/2024\/10\/50_buyuk.webp\" class=\"attachment-full size-full wp-image-16891\" alt=\"\" srcset=\"https:\/\/halizer.com\/wp-content\/uploads\/2024\/10\/50_buyuk.webp 1000w, https:\/\/halizer.com\/wp-content\/uploads\/2024\/10\/50_buyuk-410x205.webp 410w, https:\/\/halizer.com\/wp-content\/uploads\/2024\/10\/50_buyuk-800x400.webp 800w, https:\/\/halizer.com\/wp-content\/uploads\/2024\/10\/50_buyuk-300x150.webp 300w, https:\/\/halizer.com\/wp-content\/uploads\/2024\/10\/50_buyuk-768x384.webp 768w\" sizes=\"(max-width: 1000px) 100vw, 1000px\" \/>\t\t\t\t\t\t\t\t\t\t\t\t\t\t\t<\/div>\n\t\t\t\t<\/div>\n\t\t\t\t\t<\/div>\n\t\t\t\t<\/div>\n\t\t<div class=\"elementor-element elementor-element-7409446 e-flex e-con-boxed e-con e-parent\" data-id=\"7409446\" data-element_type=\"container\" data-e-type=\"container\">\n\t\t\t\t\t<div class=\"e-con-inner\">\n\t\t\t\t<div class=\"elementor-element elementor-element-eadea5f elementor-widget-divider--view-line elementor-widget elementor-widget-divider\" data-id=\"eadea5f\" data-element_type=\"widget\" data-e-type=\"widget\" data-widget_type=\"divider.default\">\n\t\t\t\t<div class=\"elementor-widget-container\">\n\t\t\t\t\t\t\t<div class=\"elementor-divider\">\n\t\t\t<span class=\"elementor-divider-separator\">\n\t\t\t\t\t\t<\/span>\n\t\t<\/div>\n\t\t\t\t\t\t<\/div>\n\t\t\t\t<\/div>\n\t\t\t\t\t<\/div>\n\t\t\t\t<\/div>\n\t\t\t\t<\/div>\n\t\t","protected":false},"excerpt":{"rendered":"<p>Sipari\u015f Takip<\/p>\n","protected":false},"author":1,"featured_media":0,"parent":0,"menu_order":0,"comment_status":"closed","ping_status":"closed","template":"","meta":{"_kadence_starter_templates_imported_post":false,"_kad_post_transparent":"","_kad_post_title":"hide","_kad_post_layout":"fullwidth","_kad_post_sidebar_id":"","_kad_post_content_style":"unboxed","_kad_post_vertical_padding":"hide","_kad_post_feature":"hide","_kad_post_feature_position":"","_kad_post_header":false,"_kad_post_footer":false,"_kad_post_classname":"","footnotes":""},"class_list":["post-17210","page","type-page","status-publish","hentry"],"jetpack_sharing_enabled":true,"_links":{"self":[{"href":"https:\/\/halizer.com\/index.php?rest_route=\/wp\/v2\/pages\/17210","targetHints":{"allow":["GET"]}}],"collection":[{"href":"https:\/\/halizer.com\/index.php?rest_route=\/wp\/v2\/pages"}],"about":[{"href":"https:\/\/halizer.com\/index.php?rest_route=\/wp\/v2\/types\/page"}],"author":[{"embeddable":true,"href":"https:\/\/halizer.com\/index.php?rest_route=\/wp\/v2\/users\/1"}],"replies":[{"embeddable":true,"href":"https:\/\/halizer.com\/index.php?rest_route=%2Fwp%2Fv2%2Fcomments&post=17210"}],"version-history":[{"count":25,"href":"https:\/\/halizer.com\/index.php?rest_route=\/wp\/v2\/pages\/17210\/revisions"}],"predecessor-version":[{"id":17352,"href":"https:\/\/halizer.com\/index.php?rest_route=\/wp\/v2\/pages\/17210\/revisions\/17352"}],"wp:attachment":[{"href":"https:\/\/halizer.com\/index.php?rest_route=%2Fwp%2Fv2%2Fmedia&parent=17210"}],"curies":[{"name":"wp","href":"https:\/\/api.w.org\/{rel}","templated":true}]}}