{"id":22034,"date":"2025-01-25T17:25:25","date_gmt":"2025-01-25T17:25:25","guid":{"rendered":"https:\/\/halizer.com\/?page_id=22034"},"modified":"2025-01-25T17:25:25","modified_gmt":"2025-01-25T17:25:25","slug":"sepet","status":"publish","type":"page","link":"https:\/\/halizer.com\/?page_id=22034","title":{"rendered":"Sepet"},"content":{"rendered":"\n<div data-block-name=\"woocommerce\/cart\" class=\"wp-block-woocommerce-cart alignwide is-loading\">\n<div data-block-name=\"woocommerce\/filled-cart-block\" class=\"wp-block-woocommerce-filled-cart-block\">\n<div data-block-name=\"woocommerce\/cart-items-block\" class=\"wp-block-woocommerce-cart-items-block\">\n<div data-block-name=\"woocommerce\/cart-line-items-block\" class=\"wp-block-woocommerce-cart-line-items-block\"><\/div>\n\n\n\n<div data-block-name=\"woocommerce\/cart-cross-sells-block\" class=\"wp-block-woocommerce-cart-cross-sells-block\">\n<h2 class=\"wp-block-heading has-large-font-size\">\u0130lginizi \u00e7ekebilir\u2026<\/h2>\n\n\n\n<div data-block-name=\"woocommerce\/cart-cross-sells-products-block\" class=\"wp-block-woocommerce-cart-cross-sells-products-block\"><\/div>\n<\/div>\n<\/div>\n\n\n\n<div data-block-name=\"woocommerce\/cart-totals-block\" class=\"wp-block-woocommerce-cart-totals-block\">\n<div data-block-name=\"woocommerce\/cart-order-summary-block\" class=\"wp-block-woocommerce-cart-order-summary-block\">\n<div data-block-name=\"woocommerce\/cart-order-summary-heading-block\" class=\"wp-block-woocommerce-cart-order-summary-heading-block\"><\/div><div data-block-name=\"woocommerce\/cart-order-summary-coupon-form-block\" class=\"wp-block-woocommerce-cart-order-summary-coupon-form-block\"><\/div><div data-block-name=\"woocommerce\/cart-order-summary-totals-block\" class=\"wp-block-woocommerce-cart-order-summary-totals-block\">\n<div data-block-name=\"woocommerce\/cart-order-summary-subtotal-block\" class=\"wp-block-woocommerce-cart-order-summary-subtotal-block\"><\/div>\n<div data-block-name=\"woocommerce\/cart-order-summary-discount-block\" class=\"wp-block-woocommerce-cart-order-summary-discount-block\"><\/div>\n<div data-block-name=\"woocommerce\/cart-order-summary-fee-block\" class=\"wp-block-woocommerce-cart-order-summary-fee-block\"><\/div>\n<div data-block-name=\"woocommerce\/cart-order-summary-shipping-block\" class=\"wp-block-woocommerce-cart-order-summary-shipping-block\"><\/div>\n<div data-block-name=\"woocommerce\/cart-order-summary-taxes-block\" class=\"wp-block-woocommerce-cart-order-summary-taxes-block\"><\/div><\/div>\n<\/div>\n\n\n\n<div data-block-name=\"woocommerce\/cart-express-payment-block\" class=\"wp-block-woocommerce-cart-express-payment-block\"><\/div>\n\n\n\n<div data-block-name=\"woocommerce\/proceed-to-checkout-block\" class=\"wp-block-woocommerce-proceed-to-checkout-block\"><\/div>\n\n\n\n<div data-block-name=\"woocommerce\/cart-accepted-payment-methods-block\" class=\"wp-block-woocommerce-cart-accepted-payment-methods-block\"><\/div>\n<\/div>\n<\/div>\n\n\n\n<div data-block-name=\"woocommerce\/empty-cart-block\" class=\"wp-block-woocommerce-empty-cart-block\">\n<h2 class=\"wp-block-heading has-text-align-center with-empty-cart-icon wc-block-cart__empty-cart__title\">Sepetiniz \u015fu anda bo\u015f!<\/h2>\n\n\n\n<hr class=\"wp-block-separator has-alpha-channel-opacity is-style-dots\"\/>\n\n\n\n<h2 class=\"wp-block-heading has-text-align-center\">Ma\u011fazada yeni<\/h2>\n\n\n<div data-block-name=\"woocommerce\/product-new\" data-columns=\"4\" data-rows=\"1\" class=\"wc-block-grid wp-block-product-new wp-block-woocommerce-product-new wc-block-product-new has-4-columns\"><ul class=\"wc-block-grid__products\"><li class=\"wc-block-grid__product entry loop-entry content-bg woo-archive-action-on-hover woo-archive-btn-text product-loop-boxed woo-archive-image-hover-zoom\"><a href=\"https:\/\/halizer.com\/?product=elexus-hali-kalipso-3734\" class=\"wc-block-grid__product-link woocommerce-loop-image-link woocommerce-LoopProduct-link woocommerce-loop-product__link\">\n\t\t\t\t\t<img fetchpriority=\"high\" decoding=\"async\" width=\"410\" height=\"600\" src=\"https:\/\/halizer.com\/wp-content\/uploads\/2025\/04\/elexus-hali-kalipso-3734-410x600.jpeg\" class=\"attachment-woocommerce_thumbnail size-woocommerce_thumbnail\" alt=\"Elexus Hal\u0131 Kalipso 3734\" srcset=\"https:\/\/halizer.com\/wp-content\/uploads\/2025\/04\/elexus-hali-kalipso-3734-410x600.jpeg 410w, https:\/\/halizer.com\/wp-content\/uploads\/2025\/04\/elexus-hali-kalipso-3734-205x300.jpeg 205w, https:\/\/halizer.com\/wp-content\/uploads\/2025\/04\/elexus-hali-kalipso-3734-700x1024.jpeg 700w, https:\/\/halizer.com\/wp-content\/uploads\/2025\/04\/elexus-hali-kalipso-3734-768x1124.jpeg 768w, https:\/\/halizer.com\/wp-content\/uploads\/2025\/04\/elexus-hali-kalipso-3734-16x24.jpeg 16w, https:\/\/halizer.com\/wp-content\/uploads\/2025\/04\/elexus-hali-kalipso-3734-25x36.jpeg 25w, https:\/\/halizer.com\/wp-content\/uploads\/2025\/04\/elexus-hali-kalipso-3734-33x48.jpeg 33w, https:\/\/halizer.com\/wp-content\/uploads\/2025\/04\/elexus-hali-kalipso-3734.jpeg 800w\" sizes=\"(max-width: 410px) 100vw, 410px\" \/>\n\t\t\t\t\t\n\t\t\t\t<\/a><div class=\"wc-block-grid__product-onsale\">\n\t\t\t<span aria-hidden=\"true\">\u0130ndirim<\/span>\n\t\t\t<span class=\"screen-reader-text\">\u0130ndirimdeki \u00fcr\u00fcn<\/span>\n\t\t<\/div>\n\t\t\t\t<div class=\"product-details content-bg entry-content-wrap\">\n\t\t\t\t\t<a href=\"https:\/\/halizer.com\/?product=elexus-hali-kalipso-3734\" class=\"wc-block-grid__product-title-link\">\n\t\t\t\t\t\t<div class=\"wc-block-grid__product-title\">Elexus Hal\u0131 Kalipso 3734<\/div>\n\t\t\t\t\t<\/a>\n\t\t\t\t\t\n\t\t\t\t\t<div class=\"wc-block-grid__product-price price\"><span class=\"woocommerce-Price-amount amount\" aria-hidden=\"true\"><span class=\"woocommerce-Price-currencySymbol\">&#8378;<\/span>6.917,00<\/span> <span aria-hidden=\"true\"> \u2013 <\/span> <span class=\"woocommerce-Price-amount amount\" aria-hidden=\"true\"><span class=\"woocommerce-Price-currencySymbol\">&#8378;<\/span>33.431,00<\/span><span class=\"screen-reader-text\">Fiyat aral\u0131\u011f\u0131: &#8378;6.917,00 &#8211; &#8378;33.431,00<\/span><\/div>\n\t\t\t\t\t<div class=\"wp-block-button wc-block-grid__product-add-to-cart\"><a href=\"https:\/\/halizer.com\/?product=elexus-hali-kalipso-3734\" aria-label=\"&ldquo;Elexus Hal\u0131 Kalipso 3734&rdquo; i\u00e7in se\u00e7enekleri se\u00e7in\" data-quantity=\"1\" data-product_id=\"24318\" data-product_sku=\"\" rel=\"nofollow\" class=\"wp-block-button__link add_to_cart_button\">Se\u00e7enekler<span class=\"kadence-svg-iconset svg-baseline\"><svg aria-hidden=\"true\" class=\"kadence-svg-icon kadence-arrow-right-alt-svg\" fill=\"currentColor\" version=\"1.1\" xmlns=\"http:\/\/www.w3.org\/2000\/svg\" width=\"27\" height=\"28\" viewBox=\"0 0 27 28\"><title>Continue<\/title><path d=\"M27 13.953c0 0.141-0.063 0.281-0.156 0.375l-6 5.531c-0.156 0.141-0.359 0.172-0.547 0.094-0.172-0.078-0.297-0.25-0.297-0.453v-3.5h-19.5c-0.281 0-0.5-0.219-0.5-0.5v-3c0-0.281 0.219-0.5 0.5-0.5h19.5v-3.5c0-0.203 0.109-0.375 0.297-0.453s0.391-0.047 0.547 0.078l6 5.469c0.094 0.094 0.156 0.219 0.156 0.359v0z\"><\/path>\n\t\t\t\t<\/svg><\/span><span class=\"kadence-svg-iconset svg-baseline\"><svg class=\"kadence-svg-icon kadence-spinner-svg\" fill=\"currentColor\" version=\"1.1\" xmlns=\"http:\/\/www.w3.org\/2000\/svg\" width=\"16\" height=\"16\" viewBox=\"0 0 16 16\"><title>Loading<\/title><path d=\"M16 6h-6l2.243-2.243c-1.133-1.133-2.64-1.757-4.243-1.757s-3.109 0.624-4.243 1.757c-1.133 1.133-1.757 2.64-1.757 4.243s0.624 3.109 1.757 4.243c1.133 1.133 2.64 1.757 4.243 1.757s3.109-0.624 4.243-1.757c0.095-0.095 0.185-0.192 0.273-0.292l1.505 1.317c-1.466 1.674-3.62 2.732-6.020 2.732-4.418 0-8-3.582-8-8s3.582-8 8-8c2.209 0 4.209 0.896 5.656 2.344l2.343-2.344v6z\"><\/path>\n\t\t\t\t<\/svg><\/span><span class=\"kadence-svg-iconset svg-baseline\"><svg class=\"kadence-svg-icon kadence-check-svg\" fill=\"currentColor\" version=\"1.1\" xmlns=\"http:\/\/www.w3.org\/2000\/svg\" width=\"16\" height=\"16\" viewBox=\"0 0 16 16\"><title>Done<\/title><path d=\"M14 2.5l-8.5 8.5-3.5-3.5-1.5 1.5 5 5 10-10z\"><\/path>\n\t\t\t\t<\/svg><\/span><\/a><\/div>\n\t\t\t\t<\/div>\n\t\t\t<\/li><li class=\"wc-block-grid__product entry loop-entry content-bg woo-archive-action-on-hover woo-archive-btn-text product-loop-boxed woo-archive-image-hover-zoom\"><a href=\"https:\/\/halizer.com\/?product=elexus-hali-kalipso-3733\" class=\"wc-block-grid__product-link woocommerce-loop-image-link woocommerce-LoopProduct-link woocommerce-loop-product__link\">\n\t\t\t\t\t<img decoding=\"async\" width=\"410\" height=\"614\" src=\"https:\/\/halizer.com\/wp-content\/uploads\/2025\/04\/elexus-hali-kalipso-3733-410x614.jpeg\" class=\"attachment-woocommerce_thumbnail size-woocommerce_thumbnail\" alt=\"Elexus Hal\u0131 Kalipso 3733\" srcset=\"https:\/\/halizer.com\/wp-content\/uploads\/2025\/04\/elexus-hali-kalipso-3733-410x614.jpeg 410w, https:\/\/halizer.com\/wp-content\/uploads\/2025\/04\/elexus-hali-kalipso-3733-200x300.jpeg 200w, https:\/\/halizer.com\/wp-content\/uploads\/2025\/04\/elexus-hali-kalipso-3733-684x1024.jpeg 684w, https:\/\/halizer.com\/wp-content\/uploads\/2025\/04\/elexus-hali-kalipso-3733-768x1150.jpeg 768w, https:\/\/halizer.com\/wp-content\/uploads\/2025\/04\/elexus-hali-kalipso-3733-16x24.jpeg 16w, https:\/\/halizer.com\/wp-content\/uploads\/2025\/04\/elexus-hali-kalipso-3733-24x36.jpeg 24w, https:\/\/halizer.com\/wp-content\/uploads\/2025\/04\/elexus-hali-kalipso-3733-32x48.jpeg 32w, https:\/\/halizer.com\/wp-content\/uploads\/2025\/04\/elexus-hali-kalipso-3733.jpeg 800w\" sizes=\"(max-width: 410px) 100vw, 410px\" \/>\n\t\t\t\t\t\n\t\t\t\t<\/a><div class=\"wc-block-grid__product-onsale\">\n\t\t\t<span aria-hidden=\"true\">\u0130ndirim<\/span>\n\t\t\t<span class=\"screen-reader-text\">\u0130ndirimdeki \u00fcr\u00fcn<\/span>\n\t\t<\/div>\n\t\t\t\t<div class=\"product-details content-bg entry-content-wrap\">\n\t\t\t\t\t<a href=\"https:\/\/halizer.com\/?product=elexus-hali-kalipso-3733\" class=\"wc-block-grid__product-title-link\">\n\t\t\t\t\t\t<div class=\"wc-block-grid__product-title\">Elexus Hal\u0131 Kalipso 3733<\/div>\n\t\t\t\t\t<\/a>\n\t\t\t\t\t\n\t\t\t\t\t<div class=\"wc-block-grid__product-price price\"><span class=\"woocommerce-Price-amount amount\" aria-hidden=\"true\"><span class=\"woocommerce-Price-currencySymbol\">&#8378;<\/span>6.917,00<\/span> <span aria-hidden=\"true\"> \u2013 <\/span> <span class=\"woocommerce-Price-amount amount\" aria-hidden=\"true\"><span class=\"woocommerce-Price-currencySymbol\">&#8378;<\/span>33.431,00<\/span><span class=\"screen-reader-text\">Fiyat aral\u0131\u011f\u0131: &#8378;6.917,00 &#8211; &#8378;33.431,00<\/span><\/div>\n\t\t\t\t\t<div class=\"wp-block-button wc-block-grid__product-add-to-cart\"><a href=\"https:\/\/halizer.com\/?product=elexus-hali-kalipso-3733\" aria-label=\"&ldquo;Elexus Hal\u0131 Kalipso 3733&rdquo; i\u00e7in se\u00e7enekleri se\u00e7in\" data-quantity=\"1\" data-product_id=\"24309\" data-product_sku=\"\" rel=\"nofollow\" class=\"wp-block-button__link add_to_cart_button\">Se\u00e7enekler<span class=\"kadence-svg-iconset svg-baseline\"><svg aria-hidden=\"true\" class=\"kadence-svg-icon kadence-arrow-right-alt-svg\" fill=\"currentColor\" version=\"1.1\" xmlns=\"http:\/\/www.w3.org\/2000\/svg\" width=\"27\" height=\"28\" viewBox=\"0 0 27 28\"><title>Continue<\/title><path d=\"M27 13.953c0 0.141-0.063 0.281-0.156 0.375l-6 5.531c-0.156 0.141-0.359 0.172-0.547 0.094-0.172-0.078-0.297-0.25-0.297-0.453v-3.5h-19.5c-0.281 0-0.5-0.219-0.5-0.5v-3c0-0.281 0.219-0.5 0.5-0.5h19.5v-3.5c0-0.203 0.109-0.375 0.297-0.453s0.391-0.047 0.547 0.078l6 5.469c0.094 0.094 0.156 0.219 0.156 0.359v0z\"><\/path>\n\t\t\t\t<\/svg><\/span><span class=\"kadence-svg-iconset svg-baseline\"><svg class=\"kadence-svg-icon kadence-spinner-svg\" fill=\"currentColor\" version=\"1.1\" xmlns=\"http:\/\/www.w3.org\/2000\/svg\" width=\"16\" height=\"16\" viewBox=\"0 0 16 16\"><title>Loading<\/title><path d=\"M16 6h-6l2.243-2.243c-1.133-1.133-2.64-1.757-4.243-1.757s-3.109 0.624-4.243 1.757c-1.133 1.133-1.757 2.64-1.757 4.243s0.624 3.109 1.757 4.243c1.133 1.133 2.64 1.757 4.243 1.757s3.109-0.624 4.243-1.757c0.095-0.095 0.185-0.192 0.273-0.292l1.505 1.317c-1.466 1.674-3.62 2.732-6.020 2.732-4.418 0-8-3.582-8-8s3.582-8 8-8c2.209 0 4.209 0.896 5.656 2.344l2.343-2.344v6z\"><\/path>\n\t\t\t\t<\/svg><\/span><span class=\"kadence-svg-iconset svg-baseline\"><svg class=\"kadence-svg-icon kadence-check-svg\" fill=\"currentColor\" version=\"1.1\" xmlns=\"http:\/\/www.w3.org\/2000\/svg\" width=\"16\" height=\"16\" viewBox=\"0 0 16 16\"><title>Done<\/title><path d=\"M14 2.5l-8.5 8.5-3.5-3.5-1.5 1.5 5 5 10-10z\"><\/path>\n\t\t\t\t<\/svg><\/span><\/a><\/div>\n\t\t\t\t<\/div>\n\t\t\t<\/li><li class=\"wc-block-grid__product entry loop-entry content-bg woo-archive-action-on-hover woo-archive-btn-text product-loop-boxed woo-archive-image-hover-zoom\"><a href=\"https:\/\/halizer.com\/?product=elexus-hali-diamond-3827\" class=\"wc-block-grid__product-link woocommerce-loop-image-link woocommerce-LoopProduct-link woocommerce-loop-product__link\">\n\t\t\t\t\t<img decoding=\"async\" width=\"410\" height=\"616\" src=\"https:\/\/halizer.com\/wp-content\/uploads\/2025\/04\/elexus-hali-diamond-3827-410x616.jpeg\" class=\"attachment-woocommerce_thumbnail size-woocommerce_thumbnail\" alt=\"Elexus Hal\u0131 Diamond 3827\" srcset=\"https:\/\/halizer.com\/wp-content\/uploads\/2025\/04\/elexus-hali-diamond-3827-410x616.jpeg 410w, https:\/\/halizer.com\/wp-content\/uploads\/2025\/04\/elexus-hali-diamond-3827-200x300.jpeg 200w, https:\/\/halizer.com\/wp-content\/uploads\/2025\/04\/elexus-hali-diamond-3827-681x1024.jpeg 681w, https:\/\/halizer.com\/wp-content\/uploads\/2025\/04\/elexus-hali-diamond-3827-768x1155.jpeg 768w, https:\/\/halizer.com\/wp-content\/uploads\/2025\/04\/elexus-hali-diamond-3827-1022x1536.jpeg 1022w, https:\/\/halizer.com\/wp-content\/uploads\/2025\/04\/elexus-hali-diamond-3827-16x24.jpeg 16w, https:\/\/halizer.com\/wp-content\/uploads\/2025\/04\/elexus-hali-diamond-3827-24x36.jpeg 24w, https:\/\/halizer.com\/wp-content\/uploads\/2025\/04\/elexus-hali-diamond-3827-32x48.jpeg 32w, https:\/\/halizer.com\/wp-content\/uploads\/2025\/04\/elexus-hali-diamond-3827-800x1203.jpeg 800w, https:\/\/halizer.com\/wp-content\/uploads\/2025\/04\/elexus-hali-diamond-3827.jpeg 1200w\" sizes=\"(max-width: 410px) 100vw, 410px\" \/>\n\t\t\t\t\t\n\t\t\t\t<\/a><div class=\"wc-block-grid__product-onsale\">\n\t\t\t<span aria-hidden=\"true\">\u0130ndirim<\/span>\n\t\t\t<span class=\"screen-reader-text\">\u0130ndirimdeki \u00fcr\u00fcn<\/span>\n\t\t<\/div>\n\t\t\t\t<div class=\"product-details content-bg entry-content-wrap\">\n\t\t\t\t\t<a href=\"https:\/\/halizer.com\/?product=elexus-hali-diamond-3827\" class=\"wc-block-grid__product-title-link\">\n\t\t\t\t\t\t<div class=\"wc-block-grid__product-title\">Elexus Hal\u0131 Diamond 3827<\/div>\n\t\t\t\t\t<\/a>\n\t\t\t\t\t\n\t\t\t\t\t<div class=\"wc-block-grid__product-price price\"><span class=\"woocommerce-Price-amount amount\" aria-hidden=\"true\"><span class=\"woocommerce-Price-currencySymbol\">&#8378;<\/span>8.494,00<\/span> <span aria-hidden=\"true\"> \u2013 <\/span> <span class=\"woocommerce-Price-amount amount\" aria-hidden=\"true\"><span class=\"woocommerce-Price-currencySymbol\">&#8378;<\/span>41.052,00<\/span><span class=\"screen-reader-text\">Fiyat aral\u0131\u011f\u0131: &#8378;8.494,00 &#8211; &#8378;41.052,00<\/span><\/div>\n\t\t\t\t\t<div class=\"wp-block-button wc-block-grid__product-add-to-cart\"><a href=\"https:\/\/halizer.com\/?product=elexus-hali-diamond-3827\" aria-label=\"&ldquo;Elexus Hal\u0131 Diamond 3827&rdquo; i\u00e7in se\u00e7enekleri se\u00e7in\" data-quantity=\"1\" data-product_id=\"24300\" data-product_sku=\"\" rel=\"nofollow\" class=\"wp-block-button__link add_to_cart_button\">Se\u00e7enekler<span class=\"kadence-svg-iconset svg-baseline\"><svg aria-hidden=\"true\" class=\"kadence-svg-icon kadence-arrow-right-alt-svg\" fill=\"currentColor\" version=\"1.1\" xmlns=\"http:\/\/www.w3.org\/2000\/svg\" width=\"27\" height=\"28\" viewBox=\"0 0 27 28\"><title>Continue<\/title><path d=\"M27 13.953c0 0.141-0.063 0.281-0.156 0.375l-6 5.531c-0.156 0.141-0.359 0.172-0.547 0.094-0.172-0.078-0.297-0.25-0.297-0.453v-3.5h-19.5c-0.281 0-0.5-0.219-0.5-0.5v-3c0-0.281 0.219-0.5 0.5-0.5h19.5v-3.5c0-0.203 0.109-0.375 0.297-0.453s0.391-0.047 0.547 0.078l6 5.469c0.094 0.094 0.156 0.219 0.156 0.359v0z\"><\/path>\n\t\t\t\t<\/svg><\/span><span class=\"kadence-svg-iconset svg-baseline\"><svg class=\"kadence-svg-icon kadence-spinner-svg\" fill=\"currentColor\" version=\"1.1\" xmlns=\"http:\/\/www.w3.org\/2000\/svg\" width=\"16\" height=\"16\" viewBox=\"0 0 16 16\"><title>Loading<\/title><path d=\"M16 6h-6l2.243-2.243c-1.133-1.133-2.64-1.757-4.243-1.757s-3.109 0.624-4.243 1.757c-1.133 1.133-1.757 2.64-1.757 4.243s0.624 3.109 1.757 4.243c1.133 1.133 2.64 1.757 4.243 1.757s3.109-0.624 4.243-1.757c0.095-0.095 0.185-0.192 0.273-0.292l1.505 1.317c-1.466 1.674-3.62 2.732-6.020 2.732-4.418 0-8-3.582-8-8s3.582-8 8-8c2.209 0 4.209 0.896 5.656 2.344l2.343-2.344v6z\"><\/path>\n\t\t\t\t<\/svg><\/span><span class=\"kadence-svg-iconset svg-baseline\"><svg class=\"kadence-svg-icon kadence-check-svg\" fill=\"currentColor\" version=\"1.1\" xmlns=\"http:\/\/www.w3.org\/2000\/svg\" width=\"16\" height=\"16\" viewBox=\"0 0 16 16\"><title>Done<\/title><path d=\"M14 2.5l-8.5 8.5-3.5-3.5-1.5 1.5 5 5 10-10z\"><\/path>\n\t\t\t\t<\/svg><\/span><\/a><\/div>\n\t\t\t\t<\/div>\n\t\t\t<\/li><li class=\"wc-block-grid__product entry loop-entry content-bg woo-archive-action-on-hover woo-archive-btn-text product-loop-boxed woo-archive-image-hover-zoom\"><a href=\"https:\/\/halizer.com\/?product=elexus-hali-diamond-3826\" class=\"wc-block-grid__product-link woocommerce-loop-image-link woocommerce-LoopProduct-link woocommerce-loop-product__link\">\n\t\t\t\t\t<img loading=\"lazy\" decoding=\"async\" width=\"410\" height=\"616\" src=\"https:\/\/halizer.com\/wp-content\/uploads\/2025\/04\/elexus-hali-diamond-3826-410x616.jpeg\" class=\"attachment-woocommerce_thumbnail size-woocommerce_thumbnail\" alt=\"Elexus Hal\u0131 Diamond 3826\" srcset=\"https:\/\/halizer.com\/wp-content\/uploads\/2025\/04\/elexus-hali-diamond-3826-410x616.jpeg 410w, https:\/\/halizer.com\/wp-content\/uploads\/2025\/04\/elexus-hali-diamond-3826-200x300.jpeg 200w, https:\/\/halizer.com\/wp-content\/uploads\/2025\/04\/elexus-hali-diamond-3826-681x1024.jpeg 681w, https:\/\/halizer.com\/wp-content\/uploads\/2025\/04\/elexus-hali-diamond-3826-768x1155.jpeg 768w, https:\/\/halizer.com\/wp-content\/uploads\/2025\/04\/elexus-hali-diamond-3826-1022x1536.jpeg 1022w, https:\/\/halizer.com\/wp-content\/uploads\/2025\/04\/elexus-hali-diamond-3826-16x24.jpeg 16w, https:\/\/halizer.com\/wp-content\/uploads\/2025\/04\/elexus-hali-diamond-3826-24x36.jpeg 24w, https:\/\/halizer.com\/wp-content\/uploads\/2025\/04\/elexus-hali-diamond-3826-32x48.jpeg 32w, https:\/\/halizer.com\/wp-content\/uploads\/2025\/04\/elexus-hali-diamond-3826-800x1203.jpeg 800w, https:\/\/halizer.com\/wp-content\/uploads\/2025\/04\/elexus-hali-diamond-3826.jpeg 1200w\" sizes=\"(max-width: 410px) 100vw, 410px\" \/>\n\t\t\t\t\t\n\t\t\t\t<\/a><div class=\"wc-block-grid__product-onsale\">\n\t\t\t<span aria-hidden=\"true\">\u0130ndirim<\/span>\n\t\t\t<span class=\"screen-reader-text\">\u0130ndirimdeki \u00fcr\u00fcn<\/span>\n\t\t<\/div>\n\t\t\t\t<div class=\"product-details content-bg entry-content-wrap\">\n\t\t\t\t\t<a href=\"https:\/\/halizer.com\/?product=elexus-hali-diamond-3826\" class=\"wc-block-grid__product-title-link\">\n\t\t\t\t\t\t<div class=\"wc-block-grid__product-title\">Elexus Hal\u0131 Diamond 3826<\/div>\n\t\t\t\t\t<\/a>\n\t\t\t\t\t\n\t\t\t\t\t<div class=\"wc-block-grid__product-price price\"><span class=\"woocommerce-Price-amount amount\" aria-hidden=\"true\"><span class=\"woocommerce-Price-currencySymbol\">&#8378;<\/span>8.494,00<\/span> <span aria-hidden=\"true\"> \u2013 <\/span> <span class=\"woocommerce-Price-amount amount\" aria-hidden=\"true\"><span class=\"woocommerce-Price-currencySymbol\">&#8378;<\/span>41.052,00<\/span><span class=\"screen-reader-text\">Fiyat aral\u0131\u011f\u0131: &#8378;8.494,00 &#8211; &#8378;41.052,00<\/span><\/div>\n\t\t\t\t\t<div class=\"wp-block-button wc-block-grid__product-add-to-cart\"><a href=\"https:\/\/halizer.com\/?product=elexus-hali-diamond-3826\" aria-label=\"&ldquo;Elexus Hal\u0131 Diamond 3826&rdquo; i\u00e7in se\u00e7enekleri se\u00e7in\" data-quantity=\"1\" data-product_id=\"24291\" data-product_sku=\"\" rel=\"nofollow\" class=\"wp-block-button__link add_to_cart_button\">Se\u00e7enekler<span class=\"kadence-svg-iconset svg-baseline\"><svg aria-hidden=\"true\" class=\"kadence-svg-icon kadence-arrow-right-alt-svg\" fill=\"currentColor\" version=\"1.1\" xmlns=\"http:\/\/www.w3.org\/2000\/svg\" width=\"27\" height=\"28\" viewBox=\"0 0 27 28\"><title>Continue<\/title><path d=\"M27 13.953c0 0.141-0.063 0.281-0.156 0.375l-6 5.531c-0.156 0.141-0.359 0.172-0.547 0.094-0.172-0.078-0.297-0.25-0.297-0.453v-3.5h-19.5c-0.281 0-0.5-0.219-0.5-0.5v-3c0-0.281 0.219-0.5 0.5-0.5h19.5v-3.5c0-0.203 0.109-0.375 0.297-0.453s0.391-0.047 0.547 0.078l6 5.469c0.094 0.094 0.156 0.219 0.156 0.359v0z\"><\/path>\n\t\t\t\t<\/svg><\/span><span class=\"kadence-svg-iconset svg-baseline\"><svg class=\"kadence-svg-icon kadence-spinner-svg\" fill=\"currentColor\" version=\"1.1\" xmlns=\"http:\/\/www.w3.org\/2000\/svg\" width=\"16\" height=\"16\" viewBox=\"0 0 16 16\"><title>Loading<\/title><path d=\"M16 6h-6l2.243-2.243c-1.133-1.133-2.64-1.757-4.243-1.757s-3.109 0.624-4.243 1.757c-1.133 1.133-1.757 2.64-1.757 4.243s0.624 3.109 1.757 4.243c1.133 1.133 2.64 1.757 4.243 1.757s3.109-0.624 4.243-1.757c0.095-0.095 0.185-0.192 0.273-0.292l1.505 1.317c-1.466 1.674-3.62 2.732-6.020 2.732-4.418 0-8-3.582-8-8s3.582-8 8-8c2.209 0 4.209 0.896 5.656 2.344l2.343-2.344v6z\"><\/path>\n\t\t\t\t<\/svg><\/span><span class=\"kadence-svg-iconset svg-baseline\"><svg class=\"kadence-svg-icon kadence-check-svg\" fill=\"currentColor\" version=\"1.1\" xmlns=\"http:\/\/www.w3.org\/2000\/svg\" width=\"16\" height=\"16\" viewBox=\"0 0 16 16\"><title>Done<\/title><path d=\"M14 2.5l-8.5 8.5-3.5-3.5-1.5 1.5 5 5 10-10z\"><\/path>\n\t\t\t\t<\/svg><\/span><\/a><\/div>\n\t\t\t\t<\/div>\n\t\t\t<\/li><\/ul><\/div><\/div>\n<\/div>\n","protected":false},"excerpt":{"rendered":"","protected":false},"author":1,"featured_media":0,"parent":0,"menu_order":0,"comment_status":"closed","ping_status":"closed","template":"","meta":{"_kadence_starter_templates_imported_post":false,"_kad_post_transparent":"","_kad_post_title":"","_kad_post_layout":"","_kad_post_sidebar_id":"","_kad_post_content_style":"","_kad_post_vertical_padding":"","_kad_post_feature":"","_kad_post_feature_position":"","_kad_post_header":false,"_kad_post_footer":false,"_kad_post_classname":"","footnotes":""},"class_list":["post-22034","page","type-page","status-publish","hentry"],"jetpack_sharing_enabled":true,"_links":{"self":[{"href":"https:\/\/halizer.com\/index.php?rest_route=\/wp\/v2\/pages\/22034","targetHints":{"allow":["GET"]}}],"collection":[{"href":"https:\/\/halizer.com\/index.php?rest_route=\/wp\/v2\/pages"}],"about":[{"href":"https:\/\/halizer.com\/index.php?rest_route=\/wp\/v2\/types\/page"}],"author":[{"embeddable":true,"href":"https:\/\/halizer.com\/index.php?rest_route=\/wp\/v2\/users\/1"}],"replies":[{"embeddable":true,"href":"https:\/\/halizer.com\/index.php?rest_route=%2Fwp%2Fv2%2Fcomments&post=22034"}],"version-history":[{"count":0,"href":"https:\/\/halizer.com\/index.php?rest_route=\/wp\/v2\/pages\/22034\/revisions"}],"wp:attachment":[{"href":"https:\/\/halizer.com\/index.php?rest_route=%2Fwp%2Fv2%2Fmedia&parent=22034"}],"curies":[{"name":"wp","href":"https:\/\/api.w.org\/{rel}","templated":true}]}}