{"id":17496,"date":"2024-11-11T15:44:54","date_gmt":"2024-11-11T15:44:54","guid":{"rendered":"https:\/\/halizer.com\/?post_type=product&#038;p=17496"},"modified":"2024-11-11T15:57:42","modified_gmt":"2024-11-11T15:57:42","slug":"merinos-rodin-60900-095","status":"publish","type":"product","link":"https:\/\/halizer.com\/?product=merinos-rodin-60900-095","title":{"rendered":"Merinos Rodin 60900 095"},"content":{"rendered":"<p dir=\"ltr\"><strong>Merinos Rodin 60900 095 Premium Akrilik Salon Hal\u0131s\u0131<\/strong>, size m\u00fckemmel bir ev ortam\u0131 i\u00e7in en iyi hal\u0131 se\u00e7eneklerinden birini sunar. %100 y\u00fcksek kaliteli Akrilik ipliklerden dokunmu\u015ftur ve standart \u00f6l\u00e7\u00fclerde \u00fcretilmi\u015ftir. Akrilik iplikler sayesinde, yumu\u015fak, rahat ve parlak bir dokuya sahiptir. Renkleriyle farkl\u0131 dekorasyon stillerine uyum sa\u011flar. Uzun s\u00fcreli kullan\u0131ma uygun olarak tasarlanm\u0131\u015ft\u0131r. Ayn\u0131 zamanda, yumu\u015fak dokusu sayesinde ayaklar\u0131n\u0131zda yumu\u015fak bir dokunu\u015f hissi olu\u015fturarak, g\u00fcn\u00fcn yorgunlu\u011funu atman\u0131za yard\u0131mc\u0131 olur.\u00a0<strong>Merinos Rodin Koleksiyonu<\/strong>\u00a0ile odan\u0131z\u0131n eksik kalan par\u00e7as\u0131n\u0131 tamamlay\u0131n!<\/p>\n<p dir=\"ltr\">Hav y\u00fcksekli\u011fi 10 mm olup, \u0130lmek ucu s\u0131kl\u0131\u011f\u0131 820.000 \/ m2 \u2018dir.<\/p>\n<p dir=\"ltr\">Rodin koleksiyonunda pamuk atk\u0131 kullan\u0131ld\u0131\u011f\u0131ndan \u00f6l\u00e7\u00fclerde %1 ile %5 aras\u0131nda de\u011fi\u015fim olabilir.<\/p>\n<p dir=\"ltr\">Hal\u0131lar\u0131m\u0131z\u0131 ger\u00e7ek renklerini yans\u0131tacak \u015fekilde foto\u011fraflarda kaliteli \u00e7ekim ile aktarmaya \u00e7al\u0131\u015f\u0131yoruz. Ekran\u0131n\u0131zdan kaynakl\u0131 olarak hal\u0131 renginde k\u00fc\u00e7\u00fck farkl\u0131l\u0131klar olabilir.<\/p>\n","protected":false},"excerpt":{"rendered":"<p>Merinos Rodin 60900 095 Premium Akrilik Salon Hal\u0131s\u0131, size m\u00fckemmel bir ev ortam\u0131 i\u00e7in en iyi hal\u0131 se\u00e7eneklerinden birini sunar. %100 y\u00fcksek kaliteli Akrilik ipliklerden dokunmu\u015ftur ve standart \u00f6l\u00e7\u00fclerde \u00fcretilmi\u015ftir. Akrilik iplikler sayesinde, yumu\u015fak, rahat ve parlak bir dokuya sahiptir. Renkleriyle farkl\u0131 dekorasyon stillerine uyum sa\u011flar. Uzun s\u00fcreli kullan\u0131ma uygun olarak tasarlanm\u0131\u015ft\u0131r. Ayn\u0131 zamanda, yumu\u015fak&#8230;<\/p>\n","protected":false},"featured_media":17497,"comment_status":"open","ping_status":"closed","template":"","meta":{"_kadence_starter_templates_imported_post":false,"_kad_post_transparent":"default","_kad_post_title":"","_kad_post_layout":"default","_kad_post_sidebar_id":"","_kad_post_content_style":"default","_kad_post_vertical_padding":"default","_kad_post_feature":"","_kad_post_feature_position":"","_kad_post_header":false,"_kad_post_footer":false,"_kad_post_classname":""},"product_brand":[],"product_cat":[15],"product_tag":[],"class_list":{"0":"post-17496","1":"product","2":"type-product","3":"status-publish","4":"has-post-thumbnail","6":"product_cat-kmp","8":"first","9":"instock","10":"sale","11":"shipping-taxable","12":"purchasable","13":"product-type-variable","14":"entry","15":"content-bg","16":"loop-entry"},"jetpack_sharing_enabled":true,"_links":{"self":[{"href":"https:\/\/halizer.com\/index.php?rest_route=\/wp\/v2\/product\/17496","targetHints":{"allow":["GET"]}}],"collection":[{"href":"https:\/\/halizer.com\/index.php?rest_route=\/wp\/v2\/product"}],"about":[{"href":"https:\/\/halizer.com\/index.php?rest_route=\/wp\/v2\/types\/product"}],"replies":[{"embeddable":true,"href":"https:\/\/halizer.com\/index.php?rest_route=%2Fwp%2Fv2%2Fcomments&post=17496"}],"wp:featuredmedia":[{"embeddable":true,"href":"https:\/\/halizer.com\/index.php?rest_route=\/wp\/v2\/media\/17497"}],"wp:attachment":[{"href":"https:\/\/halizer.com\/index.php?rest_route=%2Fwp%2Fv2%2Fmedia&parent=17496"}],"wp:term":[{"taxonomy":"product_brand","embeddable":true,"href":"https:\/\/halizer.com\/index.php?rest_route=%2Fwp%2Fv2%2Fproduct_brand&post=17496"},{"taxonomy":"product_cat","embeddable":true,"href":"https:\/\/halizer.com\/index.php?rest_route=%2Fwp%2Fv2%2Fproduct_cat&post=17496"},{"taxonomy":"product_tag","embeddable":true,"href":"https:\/\/halizer.com\/index.php?rest_route=%2Fwp%2Fv2%2Fproduct_tag&post=17496"}],"curies":[{"name":"wp","href":"https:\/\/api.w.org\/{rel}","templated":true}]}}