{"id":17505,"date":"2024-11-12T10:15:44","date_gmt":"2024-11-12T10:15:44","guid":{"rendered":"https:\/\/halizer.com\/?post_type=product&#038;p=17505"},"modified":"2025-03-05T08:04:32","modified_gmt":"2025-03-05T08:04:32","slug":"karmen-hali-trend-02803a","status":"publish","type":"product","link":"https:\/\/halizer.com\/?product=karmen-hali-trend-02803a","title":{"rendered":"KARMEN HALI TREND TR2803"},"content":{"rendered":"<h2><span data-darkreader-inline-color=\"\">Karmen Hal\u0131 Trend Tr2803 Oval Gri Akrilik Pamuk Modern Yumu\u015fak Hal\u0131 \u2013 Mutfak, Yatak Odas\u0131, Salon ve Oturma Odas\u0131 \u0130\u00e7in<\/span><\/h2>\n<h3><span data-darkreader-inline-color=\"\">\u00a0\u00dcr\u00fcn Genel \u00d6zellikleri<\/span><\/h3>\n<p><span data-darkreader-inline-color=\"\">Karmen Hal\u0131 Trend Tr2803, oval tasar\u0131m\u0131 ve \u015f\u0131k gri tonu ile ya\u015fam alanlar\u0131n\u0131za zarif bir dokunu\u015f getiriyor. Akrilik ve pamuk kar\u0131\u015f\u0131m\u0131 sayesinde yumu\u015fak bir doku sunarken, dayan\u0131kl\u0131 yap\u0131s\u0131 uzun s\u00fcreli kullan\u0131m imkan\u0131 sa\u011flar. Mutfak, yatak odas\u0131, salon ve oturma odas\u0131 gibi farkl\u0131 alanlarda modern bir atmosfer yarat\u0131r.<\/span><\/p>\n<h3><span data-darkreader-inline-color=\"\">\u00a0Teknik \u00d6zellikler<\/span><\/h3>\n<ul>\n<li aria-level=\"1\"><span data-darkreader-inline-color=\"\">Malzeme:<\/span><span data-darkreader-inline-color=\"\"> Triko Akrilik, Pamuk<\/span><\/li>\n<li aria-level=\"1\"><span data-darkreader-inline-color=\"\">Taban Malzemesi:<\/span><span data-darkreader-inline-color=\"\"> Pamuk<\/span><\/li>\n<li aria-level=\"1\"><span data-darkreader-inline-color=\"\">Hav Y\u00fcksekli\u011fi:<\/span><span data-darkreader-inline-color=\"\"> 7 mm (\u00b11 mm)<\/span><\/li>\n<li aria-level=\"1\"><span data-darkreader-inline-color=\"\">M\u00b2 A\u011f\u0131rl\u0131\u011f\u0131:<\/span><span data-darkreader-inline-color=\"\"> 2300 gr\/m\u00b2 (\u00b1200 gr)<\/span><\/li>\n<li aria-level=\"1\"><span data-darkreader-inline-color=\"\">Ek \u00d6zellikler:<\/span><span data-darkreader-inline-color=\"\"> Tozu Az<\/span><\/li>\n<\/ul>\n<h3><span data-darkreader-inline-color=\"\">\u00a0Neden Bu Hal\u0131y\u0131 Tercih Etmelisiniz?<\/span><\/h3>\n<ul>\n<li aria-level=\"1\"><span data-darkreader-inline-color=\"\">Oval Tasar\u0131m:<\/span><span data-darkreader-inline-color=\"\"> Mekanlar\u0131n\u0131za yenilik\u00e7i ve zarif bir g\u00f6r\u00fcn\u00fcm kazand\u0131r\u0131r, odalar\u0131n\u0131za modern bir dokunu\u015f katar.<\/span><\/li>\n<li aria-level=\"1\"><span data-darkreader-inline-color=\"\">Yumu\u015fak Doku:<\/span><span data-darkreader-inline-color=\"\"> Akrilik ve pamuktan \u00fcretilmi\u015f yumu\u015fak dokusuyla konforlu bir kullan\u0131m sunar.<\/span><\/li>\n<li aria-level=\"1\"><span data-darkreader-inline-color=\"\">Toz Yapmaz:<\/span><span data-darkreader-inline-color=\"\"> Kolay temizlenebilir yap\u0131s\u0131 sayesinde her zaman temiz ve bak\u0131ml\u0131 g\u00f6r\u00fcn\u00fcr.<\/span><\/li>\n<li aria-level=\"1\"><span data-darkreader-inline-color=\"\">\u00c7ok Y\u00f6nl\u00fc Kullan\u0131m:<\/span><span data-darkreader-inline-color=\"\"> Mutfak, yatak odas\u0131, salon veya oturma odas\u0131nda kullan\u0131ma uygun, \u00e7ok y\u00f6nl\u00fc bir tasar\u0131m.<\/span><\/li>\n<\/ul>\n<h3><span data-darkreader-inline-color=\"\">\u00a0Dikkat Edilmesi Gerekenler<\/span><\/h3>\n<ul>\n<li aria-level=\"1\"><span data-darkreader-inline-color=\"\">Do\u011fal elyaf ve pamuk atk\u0131 kullan\u0131ld\u0131\u011f\u0131 i\u00e7in %3 oran\u0131nda \u00e7ekme olabilir.<\/span><\/li>\n<li aria-level=\"1\"><span data-darkreader-inline-color=\"\">Tekstil \u00fcr\u00fcnlerinde iplik boyanmas\u0131 nedeniyle k\u00fc\u00e7\u00fck renk farkl\u0131l\u0131klar\u0131 g\u00f6r\u00fclebilir.<\/span><\/li>\n<\/ul>\n<h2><\/h2>\n","protected":false},"excerpt":{"rendered":"<p>Karmen Hal\u0131 Trend Tr2803 Oval Gri Akrilik Pamuk Modern Yumu\u015fak Hal\u0131 \u2013 Mutfak, Yatak Odas\u0131, Salon ve Oturma Odas\u0131 \u0130\u00e7in \u00a0\u00dcr\u00fcn Genel \u00d6zellikleri Karmen Hal\u0131 Trend Tr2803, oval tasar\u0131m\u0131 ve \u015f\u0131k gri tonu ile ya\u015fam alanlar\u0131n\u0131za zarif bir dokunu\u015f getiriyor. Akrilik ve pamuk kar\u0131\u015f\u0131m\u0131 sayesinde yumu\u015fak bir doku sunarken, dayan\u0131kl\u0131 yap\u0131s\u0131 uzun s\u00fcreli kullan\u0131m imkan\u0131&#8230;<\/p>\n","protected":false},"featured_media":17506,"comment_status":"open","ping_status":"closed","template":"","meta":{"_kadence_starter_templates_imported_post":false,"_kad_post_transparent":"default","_kad_post_title":"","_kad_post_layout":"default","_kad_post_sidebar_id":"","_kad_post_content_style":"default","_kad_post_vertical_padding":"default","_kad_post_feature":"","_kad_post_feature_position":"","_kad_post_header":false,"_kad_post_footer":false,"_kad_post_classname":""},"product_brand":[],"product_cat":[115],"product_tag":[],"class_list":{"0":"post-17505","1":"product","2":"type-product","3":"status-publish","4":"has-post-thumbnail","6":"product_cat-makine-halilari","8":"first","9":"instock","10":"sale","11":"shipping-taxable","12":"purchasable","13":"product-type-variable","14":"entry","15":"content-bg","16":"loop-entry"},"jetpack_sharing_enabled":true,"_links":{"self":[{"href":"https:\/\/halizer.com\/index.php?rest_route=\/wp\/v2\/product\/17505","targetHints":{"allow":["GET"]}}],"collection":[{"href":"https:\/\/halizer.com\/index.php?rest_route=\/wp\/v2\/product"}],"about":[{"href":"https:\/\/halizer.com\/index.php?rest_route=\/wp\/v2\/types\/product"}],"replies":[{"embeddable":true,"href":"https:\/\/halizer.com\/index.php?rest_route=%2Fwp%2Fv2%2Fcomments&post=17505"}],"wp:featuredmedia":[{"embeddable":true,"href":"https:\/\/halizer.com\/index.php?rest_route=\/wp\/v2\/media\/17506"}],"wp:attachment":[{"href":"https:\/\/halizer.com\/index.php?rest_route=%2Fwp%2Fv2%2Fmedia&parent=17505"}],"wp:term":[{"taxonomy":"product_brand","embeddable":true,"href":"https:\/\/halizer.com\/index.php?rest_route=%2Fwp%2Fv2%2Fproduct_brand&post=17505"},{"taxonomy":"product_cat","embeddable":true,"href":"https:\/\/halizer.com\/index.php?rest_route=%2Fwp%2Fv2%2Fproduct_cat&post=17505"},{"taxonomy":"product_tag","embeddable":true,"href":"https:\/\/halizer.com\/index.php?rest_route=%2Fwp%2Fv2%2Fproduct_tag&post=17505"}],"curies":[{"name":"wp","href":"https:\/\/api.w.org\/{rel}","templated":true}]}}