{"id":17527,"date":"2024-11-12T10:36:51","date_gmt":"2024-11-12T10:36:51","guid":{"rendered":"https:\/\/halizer.com\/?post_type=product&#038;p=17527"},"modified":"2025-03-05T08:00:32","modified_gmt":"2025-03-05T08:00:32","slug":"karmen-hali-trend-02809a","status":"publish","type":"product","link":"https:\/\/halizer.com\/?product=karmen-hali-trend-02809a","title":{"rendered":"KARMEN HALI TREND 2809 GR\u0130"},"content":{"rendered":"<div class=\"TopDet\">\n<div class=\"leftImage\">\n<div class=\"ProductGallery\">\n<div class=\"gallery-container\">\n<div id=\"divProductGalleryThumb\" class=\"galleryOwl-thumb\">\n<div class=\"thumb-list\">\n<div class=\"thumb-item\" data-productid=\"213\" data-variant=\"0\" data-order=\"1\"><\/div>\n<\/div>\n<\/div>\n<div class=\"GalleryArea\">\n<div id=\"divProductImageCarousel\" class=\"owl-carousel galleryOwl owl-loaded owl-drag\">\n<div class=\"owl-stage-outer\">\n<div class=\"owl-stage\">\n<div class=\"owl-item\"><span style=\"font-family: inherit; font-size: 28px; font-weight: bold;\">Karmen Hal\u0131 Trend 2809 Gri \u2013 Modern ve \u015e\u0131k Salon Hal\u0131s\u0131<\/span><\/div>\n<\/div>\n<\/div>\n<\/div>\n<\/div>\n<\/div>\n<\/div>\n<\/div>\n<\/div>\n<div class=\"ProductDetailMainRow\">\n<div id=\"divUrunOzellikAlani\" class=\"urunOzellik\">\n<div id=\"divTabOzellikler\" class=\"urunDetayPanel\">\n<div class=\"urunTabAlt\">\n<h3><span data-darkreader-inline-color=\"\">\u00a0\u00dcr\u00fcn \u00d6zellikleri<\/span><\/h3>\n<p><span data-darkreader-inline-color=\"\">Karmen Hal\u0131 Trend 2809, modern tasar\u0131m\u0131 ve krem kenar \u00e7er\u00e7evesiyle her dekorasyona uyum sa\u011flayan zarif bir hal\u0131d\u0131r. Salon ve koridor gibi alanlarda kullan\u0131ma uygun olan bu ince ve yumu\u015fak hal\u0131, evinize \u015f\u0131kl\u0131k katarken rahatl\u0131k da sunar.<\/span><\/p>\n<h3><span data-darkreader-inline-color=\"\">\u00a0Teknik Detaylar<\/span><\/h3>\n<ul>\n<li aria-level=\"1\"><span data-darkreader-inline-color=\"\">Malzeme:<\/span><span data-darkreader-inline-color=\"\"> Triko Akrilik, Pamuk<\/span><\/li>\n<li aria-level=\"1\"><span data-darkreader-inline-color=\"\">Taban Malzemesi:<\/span><span data-darkreader-inline-color=\"\"> Pamuk<\/span><\/li>\n<li aria-level=\"1\"><span data-darkreader-inline-color=\"\">Hav Y\u00fcksekli\u011fi:<\/span><span data-darkreader-inline-color=\"\"> 7 mm (\u00b11 mm)<\/span><\/li>\n<li aria-level=\"1\"><span data-darkreader-inline-color=\"\">M\u00b2 A\u011f\u0131rl\u0131\u011f\u0131:<\/span><span data-darkreader-inline-color=\"\"> 2300 gr\/m\u00b2 (\u00b1200 gr)<\/span><\/li>\n<li aria-level=\"1\"><span data-darkreader-inline-color=\"\">Ek \u00d6zellikler:<\/span><span data-darkreader-inline-color=\"\"> Tozu Az, Kolay Temizlik<\/span><\/li>\n<\/ul>\n<h3><span data-darkreader-inline-color=\"\">\u00a0Neden Bu Hal\u0131y\u0131 Tercih Etmelisiniz?<\/span><\/h3>\n<ul>\n<li aria-level=\"1\"><span data-darkreader-inline-color=\"\">\u015e\u0131k Tasar\u0131m:<\/span><span data-darkreader-inline-color=\"\"> Krem kenar \u00e7er\u00e7evesi ve modern desenleriyle evinize zarafet katar.<\/span><\/li>\n<li aria-level=\"1\"><span data-darkreader-inline-color=\"\">Rahat ve Yumu\u015fak:<\/span><span data-darkreader-inline-color=\"\"> \u0130nce yap\u0131s\u0131na ra\u011fmen yumu\u015fak dokusuyla her ad\u0131mda konfor sa\u011flar.<\/span><\/li>\n<li aria-level=\"1\"><span data-darkreader-inline-color=\"\">Kolay Temizlik:<\/span><span data-darkreader-inline-color=\"\"> Tozu az yap\u0131s\u0131 sayesinde temizlik derdini minimuma indirir.<\/span><\/li>\n<li aria-level=\"1\"><span data-darkreader-inline-color=\"\">Dayan\u0131kl\u0131 ve Uzun \u00d6m\u00fcrl\u00fc:<\/span><span data-darkreader-inline-color=\"\"> Kaliteli triko akrilik malzeme ve pamuk taban\u0131yla dayan\u0131kl\u0131d\u0131r, uzun y\u0131llar kullan\u0131labilir.<\/span><\/li>\n<\/ul>\n<h3><span data-darkreader-inline-color=\"\">\u00a0Dikkat Edilmesi Gerekenler<\/span><\/h3>\n<ul>\n<li aria-level=\"1\"><span data-darkreader-inline-color=\"\">\u00dcr\u00fcnlerimizde do\u011fal elyaf ve pamuk atk\u0131 kullan\u0131ld\u0131\u011f\u0131 i\u00e7in %3 oran\u0131nda \u00e7ekme olabilir.<\/span><\/li>\n<li aria-level=\"1\"><span data-darkreader-inline-color=\"\">\u0130pliklerin boyanmas\u0131ndan dolay\u0131 \u00fcr\u00fcnler aras\u0131nda k\u00fc\u00e7\u00fck renk farklar\u0131 olu\u015fabilir.<\/span><\/li>\n<\/ul>\n<\/div>\n<\/div>\n<\/div>\n<\/div>\n","protected":false},"excerpt":{"rendered":"<p>Karmen Hal\u0131 Trend 2809 Gri \u2013 Modern ve \u015e\u0131k Salon Hal\u0131s\u0131 \u00a0\u00dcr\u00fcn \u00d6zellikleri Karmen Hal\u0131 Trend 2809, modern tasar\u0131m\u0131 ve krem kenar \u00e7er\u00e7evesiyle her dekorasyona uyum sa\u011flayan zarif bir hal\u0131d\u0131r. Salon ve koridor gibi alanlarda kullan\u0131ma uygun olan bu ince ve yumu\u015fak hal\u0131, evinize \u015f\u0131kl\u0131k katarken rahatl\u0131k da sunar. \u00a0Teknik Detaylar Malzeme: Triko Akrilik, Pamuk&#8230;<\/p>\n","protected":false},"featured_media":17536,"comment_status":"open","ping_status":"closed","template":"","meta":{"_kadence_starter_templates_imported_post":false,"_kad_post_transparent":"default","_kad_post_title":"","_kad_post_layout":"default","_kad_post_sidebar_id":"","_kad_post_content_style":"default","_kad_post_vertical_padding":"default","_kad_post_feature":"","_kad_post_feature_position":"","_kad_post_header":false,"_kad_post_footer":false,"_kad_post_classname":""},"product_brand":[],"product_cat":[115],"product_tag":[],"class_list":{"0":"post-17527","1":"product","2":"type-product","3":"status-publish","4":"has-post-thumbnail","6":"product_cat-makine-halilari","8":"first","9":"instock","10":"sale","11":"shipping-taxable","12":"purchasable","13":"product-type-variable","14":"entry","15":"content-bg","16":"loop-entry"},"jetpack_sharing_enabled":true,"_links":{"self":[{"href":"https:\/\/halizer.com\/index.php?rest_route=\/wp\/v2\/product\/17527","targetHints":{"allow":["GET"]}}],"collection":[{"href":"https:\/\/halizer.com\/index.php?rest_route=\/wp\/v2\/product"}],"about":[{"href":"https:\/\/halizer.com\/index.php?rest_route=\/wp\/v2\/types\/product"}],"replies":[{"embeddable":true,"href":"https:\/\/halizer.com\/index.php?rest_route=%2Fwp%2Fv2%2Fcomments&post=17527"}],"wp:featuredmedia":[{"embeddable":true,"href":"https:\/\/halizer.com\/index.php?rest_route=\/wp\/v2\/media\/17536"}],"wp:attachment":[{"href":"https:\/\/halizer.com\/index.php?rest_route=%2Fwp%2Fv2%2Fmedia&parent=17527"}],"wp:term":[{"taxonomy":"product_brand","embeddable":true,"href":"https:\/\/halizer.com\/index.php?rest_route=%2Fwp%2Fv2%2Fproduct_brand&post=17527"},{"taxonomy":"product_cat","embeddable":true,"href":"https:\/\/halizer.com\/index.php?rest_route=%2Fwp%2Fv2%2Fproduct_cat&post=17527"},{"taxonomy":"product_tag","embeddable":true,"href":"https:\/\/halizer.com\/index.php?rest_route=%2Fwp%2Fv2%2Fproduct_tag&post=17527"}],"curies":[{"name":"wp","href":"https:\/\/api.w.org\/{rel}","templated":true}]}}