{"id":17568,"date":"2024-11-12T11:16:48","date_gmt":"2024-11-12T11:16:48","guid":{"rendered":"https:\/\/halizer.com\/?post_type=product&#038;p=17568"},"modified":"2025-03-05T07:55:27","modified_gmt":"2025-03-05T07:55:27","slug":"karmen-hali-trend-04103a","status":"publish","type":"product","link":"https:\/\/halizer.com\/?product=karmen-hali-trend-04103a","title":{"rendered":"KARMEN HALI TREND 4103A"},"content":{"rendered":"<h2><span data-darkreader-inline-color=\"\">Karmen Hal\u0131 Trend 4103 \u2013 Modern Akrilik Yumu\u015fak Hal\u0131<\/span><\/h2>\n<h3><span data-darkreader-inline-color=\"\">\u00a0\u00dcr\u00fcn Genel \u00d6zellikleri<\/span><\/h3>\n<p><span data-darkreader-inline-color=\"\">Karmen Hal\u0131 Trend 4103, modern tasar\u0131m\u0131 ve sade dokusuyla evinize zarif bir hava kat\u0131yor. Yumu\u015fak dokusu sayesinde konforlu bir kullan\u0131m sa\u011flarken, y\u00fcksek kaliteli akrilik ve pamuk kar\u0131\u015f\u0131m\u0131 ile uzun \u00f6m\u00fcrl\u00fc ve dayan\u0131kl\u0131d\u0131r. Salon, oturma odas\u0131 veya yatak odas\u0131nda rahatl\u0131kla kullan\u0131labilecek \u015f\u0131k bir hal\u0131d\u0131r.<\/span><\/p>\n<h3><span data-darkreader-inline-color=\"\">\u00a0Teknik \u00d6zellikler<\/span><\/h3>\n<ul>\n<li aria-level=\"1\"><span data-darkreader-inline-color=\"\">Malzeme:<\/span><span data-darkreader-inline-color=\"\"> Triko Akrilik, Pamuk<\/span><\/li>\n<li aria-level=\"1\"><span data-darkreader-inline-color=\"\">Taban Malzemesi:<\/span><span data-darkreader-inline-color=\"\"> Pamuk<\/span><\/li>\n<li aria-level=\"1\"><span data-darkreader-inline-color=\"\">Hav Y\u00fcksekli\u011fi:<\/span><span data-darkreader-inline-color=\"\"> 7 mm (\u00b11 mm)<\/span><\/li>\n<li aria-level=\"1\"><span data-darkreader-inline-color=\"\">M\u00b2 A\u011f\u0131rl\u0131\u011f\u0131:<\/span><span data-darkreader-inline-color=\"\"> 2300 gr\/m\u00b2 (\u00b1200 gr)<\/span><\/li>\n<li aria-level=\"1\"><span data-darkreader-inline-color=\"\">Ek \u00d6zellikler:<\/span><span data-darkreader-inline-color=\"\"> Tozu Az<\/span><\/li>\n<\/ul>\n<h3><span data-darkreader-inline-color=\"\">\u00a0Neden Bu Hal\u0131y\u0131 Tercih Etmelisiniz?<\/span><\/h3>\n<ul>\n<li aria-level=\"1\"><span data-darkreader-inline-color=\"\">Yumu\u015fak Doku:<\/span><span data-darkreader-inline-color=\"\"> Akrilik ve pamuktan \u00fcretilen bu hal\u0131, yumu\u015fak dokusuyla ayaklar\u0131n\u0131z\u0131n alt\u0131nda konfor sa\u011flar.<\/span><\/li>\n<li aria-level=\"1\"><span data-darkreader-inline-color=\"\">Toz Yapmaz:<\/span><span data-darkreader-inline-color=\"\"> Kolay temizlenir yap\u0131s\u0131 ile her zaman tertemiz bir g\u00f6r\u00fcn\u00fcm sunar.<\/span><\/li>\n<li aria-level=\"1\"><span data-darkreader-inline-color=\"\">Zarif Tasar\u0131m:<\/span><span data-darkreader-inline-color=\"\"> Modern ve minimal tarz\u0131yla her dekorasyona uyum sa\u011flar.<\/span><\/li>\n<li aria-level=\"1\"><span data-darkreader-inline-color=\"\">Dayan\u0131kl\u0131 Yap\u0131:<\/span><span data-darkreader-inline-color=\"\"> Kaliteli malzemeleri sayesinde uzun \u00f6m\u00fcrl\u00fcd\u00fcr ve d\u00fczenli kullan\u0131ma dayan\u0131kl\u0131d\u0131r.<\/span><\/li>\n<\/ul>\n<h3><span data-darkreader-inline-color=\"\">\u00a0Dikkat Edilmesi Gerekenler<\/span><\/h3>\n<ul>\n<li aria-level=\"1\"><span data-darkreader-inline-color=\"\">Do\u011fal elyaf ve pamuk atk\u0131 kullan\u0131ld\u0131\u011f\u0131 i\u00e7in %3 oran\u0131nda \u00e7ekme olabilir.<\/span><\/li>\n<li aria-level=\"1\"><span data-darkreader-inline-color=\"\">Tekstil \u00fcr\u00fcnlerinde ipliklerin boyanmas\u0131ndan dolay\u0131 k\u00fc\u00e7\u00fck renk farkl\u0131l\u0131klar\u0131 olabilir.<\/span><\/li>\n<\/ul>\n","protected":false},"excerpt":{"rendered":"<p>Karmen Hal\u0131 Trend 4103 \u2013 Modern Akrilik Yumu\u015fak Hal\u0131 \u00a0\u00dcr\u00fcn Genel \u00d6zellikleri Karmen Hal\u0131 Trend 4103, modern tasar\u0131m\u0131 ve sade dokusuyla evinize zarif bir hava kat\u0131yor. Yumu\u015fak dokusu sayesinde konforlu bir kullan\u0131m sa\u011flarken, y\u00fcksek kaliteli akrilik ve pamuk kar\u0131\u015f\u0131m\u0131 ile uzun \u00f6m\u00fcrl\u00fc ve dayan\u0131kl\u0131d\u0131r. Salon, oturma odas\u0131 veya yatak odas\u0131nda rahatl\u0131kla kullan\u0131labilecek \u015f\u0131k bir hal\u0131d\u0131r&#8230;.<\/p>\n","protected":false},"featured_media":17577,"comment_status":"open","ping_status":"closed","template":"","meta":{"_kadence_starter_templates_imported_post":false,"_kad_post_transparent":"default","_kad_post_title":"","_kad_post_layout":"default","_kad_post_sidebar_id":"","_kad_post_content_style":"default","_kad_post_vertical_padding":"default","_kad_post_feature":"","_kad_post_feature_position":"","_kad_post_header":false,"_kad_post_footer":false,"_kad_post_classname":""},"product_brand":[],"product_cat":[115],"product_tag":[],"class_list":{"0":"post-17568","1":"product","2":"type-product","3":"status-publish","4":"has-post-thumbnail","6":"product_cat-makine-halilari","8":"first","9":"instock","10":"sale","11":"shipping-taxable","12":"purchasable","13":"product-type-variable","14":"entry","15":"content-bg","16":"loop-entry"},"jetpack_sharing_enabled":true,"_links":{"self":[{"href":"https:\/\/halizer.com\/index.php?rest_route=\/wp\/v2\/product\/17568","targetHints":{"allow":["GET"]}}],"collection":[{"href":"https:\/\/halizer.com\/index.php?rest_route=\/wp\/v2\/product"}],"about":[{"href":"https:\/\/halizer.com\/index.php?rest_route=\/wp\/v2\/types\/product"}],"replies":[{"embeddable":true,"href":"https:\/\/halizer.com\/index.php?rest_route=%2Fwp%2Fv2%2Fcomments&post=17568"}],"wp:featuredmedia":[{"embeddable":true,"href":"https:\/\/halizer.com\/index.php?rest_route=\/wp\/v2\/media\/17577"}],"wp:attachment":[{"href":"https:\/\/halizer.com\/index.php?rest_route=%2Fwp%2Fv2%2Fmedia&parent=17568"}],"wp:term":[{"taxonomy":"product_brand","embeddable":true,"href":"https:\/\/halizer.com\/index.php?rest_route=%2Fwp%2Fv2%2Fproduct_brand&post=17568"},{"taxonomy":"product_cat","embeddable":true,"href":"https:\/\/halizer.com\/index.php?rest_route=%2Fwp%2Fv2%2Fproduct_cat&post=17568"},{"taxonomy":"product_tag","embeddable":true,"href":"https:\/\/halizer.com\/index.php?rest_route=%2Fwp%2Fv2%2Fproduct_tag&post=17568"}],"curies":[{"name":"wp","href":"https:\/\/api.w.org\/{rel}","templated":true}]}}