{"id":17582,"date":"2024-11-12T11:41:57","date_gmt":"2024-11-12T11:41:57","guid":{"rendered":"https:\/\/halizer.com\/?post_type=product&#038;p=17582"},"modified":"2025-03-05T07:39:58","modified_gmt":"2025-03-05T07:39:58","slug":"karmen-hali-trend-tr001m","status":"publish","type":"product","link":"https:\/\/halizer.com\/?product=karmen-hali-trend-tr001m","title":{"rendered":"KARMEN HALI TREND TR001M"},"content":{"rendered":"<h2><span data-darkreader-inline-color=\"\">Karmen Hal\u0131 Trend Tr001m Gri \u2013 Modern ve Yumu\u015fak Akrilik Hal\u0131<\/span><\/h2>\n<h3><span data-darkreader-inline-color=\"\">\u00a0\u00dcr\u00fcn Genel \u00d6zellikleri<\/span><\/h3>\n<p><span data-darkreader-inline-color=\"\">Karmen Hal\u0131 Trend Tr001m, modern ve zarif tasar\u0131m\u0131yla evinizin her k\u00f6\u015fesine sofistike bir dokunu\u015f katmak i\u00e7in tasarlanm\u0131\u015ft\u0131r. Gri rengi ve yumu\u015fak dokusuyla mutfak, yatak odas\u0131, salon veya oturma odas\u0131 gibi alanlarda hem dekoratif hem de konforlu bir se\u00e7enek sunar.<\/span><\/p>\n<h3><span data-darkreader-inline-color=\"\">\u00a0Teknik Detaylar<\/span><\/h3>\n<ul>\n<li aria-level=\"1\"><span data-darkreader-inline-color=\"\">Malzeme:<\/span><span data-darkreader-inline-color=\"\"> Triko Akrilik, Pamuk<\/span><\/li>\n<li aria-level=\"1\"><span data-darkreader-inline-color=\"\">Taban Malzemesi:<\/span><span data-darkreader-inline-color=\"\"> Pamuk<\/span><\/li>\n<li aria-level=\"1\"><span data-darkreader-inline-color=\"\">Hav Y\u00fcksekli\u011fi:<\/span><span data-darkreader-inline-color=\"\"> 7 mm (\u00b11 mm)<\/span><\/li>\n<li aria-level=\"1\"><span data-darkreader-inline-color=\"\">M\u00b2 A\u011f\u0131rl\u0131\u011f\u0131:<\/span><span data-darkreader-inline-color=\"\"> 2300 gr\/m\u00b2 (\u00b1200 gr)<\/span><\/li>\n<li aria-level=\"1\"><span data-darkreader-inline-color=\"\">Ek \u00d6zellikler:<\/span><span data-darkreader-inline-color=\"\"> Tozu Az, Kolay Temizlenebilir<\/span><\/li>\n<\/ul>\n<h3><span data-darkreader-inline-color=\"\">\u00a0Neden Bu Hal\u0131y\u0131 Se\u00e7melisiniz?<\/span><\/h3>\n<ul>\n<li aria-level=\"1\"><span data-darkreader-inline-color=\"\">Yumu\u015fak ve Konforlu:<\/span><span data-darkreader-inline-color=\"\"> Akrilik ve pamuk kar\u0131\u015f\u0131m\u0131yla, hem yumu\u015fak bir y\u00fczey hem de dayan\u0131kl\u0131l\u0131k sunar.<\/span><\/li>\n<li aria-level=\"1\"><span data-darkreader-inline-color=\"\">Modern Tasar\u0131m:<\/span><span data-darkreader-inline-color=\"\"> Gri rengi ve minimalist tasar\u0131m\u0131 sayesinde evinizin her alan\u0131na uyum sa\u011flar.<\/span><\/li>\n<li aria-level=\"1\"><span data-darkreader-inline-color=\"\">Toz Yapmaz:<\/span><span data-darkreader-inline-color=\"\"> \u00d6zel dokusu sayesinde toz tutmay\u0131 en aza indirir ve kolay temizlenebilir.<\/span><\/li>\n<li aria-level=\"1\"><span data-darkreader-inline-color=\"\">\u00c7ok Ama\u00e7l\u0131 Kullan\u0131m:<\/span><span data-darkreader-inline-color=\"\"> Mutfak, yatak odas\u0131, salon veya oturma odas\u0131 gibi farkl\u0131 alanlarda kullan\u0131labilir.<\/span><\/li>\n<\/ul>\n<h3><span data-darkreader-inline-color=\"\">\u00a0Dikkat Edilmesi Gerekenler<\/span><\/h3>\n<ul>\n<li aria-level=\"1\"><span data-darkreader-inline-color=\"\">\u00dcr\u00fcnlerimizde do\u011fal elyaf ve pamuk atk\u0131 kullan\u0131ld\u0131\u011f\u0131 i\u00e7in %3 oran\u0131nda \u00e7ekme olabilir.<\/span><\/li>\n<li aria-level=\"1\"><span data-darkreader-inline-color=\"\">Tekstil \u00fcr\u00fcnlerinde ipliklerin boyanmas\u0131ndan dolay\u0131 \u00fcr\u00fcnler aras\u0131nda k\u00fc\u00e7\u00fck renk farklar\u0131 (lot fark\u0131) olu\u015fabilir.<\/span><\/li>\n<\/ul>\n","protected":false},"excerpt":{"rendered":"<p>Karmen Hal\u0131 Trend Tr001m Gri \u2013 Modern ve Yumu\u015fak Akrilik Hal\u0131 \u00a0\u00dcr\u00fcn Genel \u00d6zellikleri Karmen Hal\u0131 Trend Tr001m, modern ve zarif tasar\u0131m\u0131yla evinizin her k\u00f6\u015fesine sofistike bir dokunu\u015f katmak i\u00e7in tasarlanm\u0131\u015ft\u0131r. Gri rengi ve yumu\u015fak dokusuyla mutfak, yatak odas\u0131, salon veya oturma odas\u0131 gibi alanlarda hem dekoratif hem de konforlu bir se\u00e7enek sunar. \u00a0Teknik Detaylar&#8230;<\/p>\n","protected":false},"featured_media":17591,"comment_status":"open","ping_status":"closed","template":"","meta":{"_kadence_starter_templates_imported_post":false,"_kad_post_transparent":"default","_kad_post_title":"","_kad_post_layout":"default","_kad_post_sidebar_id":"","_kad_post_content_style":"default","_kad_post_vertical_padding":"default","_kad_post_feature":"","_kad_post_feature_position":"","_kad_post_header":false,"_kad_post_footer":false,"_kad_post_classname":""},"product_brand":[],"product_cat":[115],"product_tag":[],"class_list":{"0":"post-17582","1":"product","2":"type-product","3":"status-publish","4":"has-post-thumbnail","6":"product_cat-makine-halilari","8":"first","9":"outofstock","10":"sale","11":"shipping-taxable","12":"purchasable","13":"product-type-variable","14":"entry","15":"content-bg","16":"loop-entry"},"jetpack_sharing_enabled":true,"_links":{"self":[{"href":"https:\/\/halizer.com\/index.php?rest_route=\/wp\/v2\/product\/17582","targetHints":{"allow":["GET"]}}],"collection":[{"href":"https:\/\/halizer.com\/index.php?rest_route=\/wp\/v2\/product"}],"about":[{"href":"https:\/\/halizer.com\/index.php?rest_route=\/wp\/v2\/types\/product"}],"replies":[{"embeddable":true,"href":"https:\/\/halizer.com\/index.php?rest_route=%2Fwp%2Fv2%2Fcomments&post=17582"}],"wp:featuredmedia":[{"embeddable":true,"href":"https:\/\/halizer.com\/index.php?rest_route=\/wp\/v2\/media\/17591"}],"wp:attachment":[{"href":"https:\/\/halizer.com\/index.php?rest_route=%2Fwp%2Fv2%2Fmedia&parent=17582"}],"wp:term":[{"taxonomy":"product_brand","embeddable":true,"href":"https:\/\/halizer.com\/index.php?rest_route=%2Fwp%2Fv2%2Fproduct_brand&post=17582"},{"taxonomy":"product_cat","embeddable":true,"href":"https:\/\/halizer.com\/index.php?rest_route=%2Fwp%2Fv2%2Fproduct_cat&post=17582"},{"taxonomy":"product_tag","embeddable":true,"href":"https:\/\/halizer.com\/index.php?rest_route=%2Fwp%2Fv2%2Fproduct_tag&post=17582"}],"curies":[{"name":"wp","href":"https:\/\/api.w.org\/{rel}","templated":true}]}}