{"id":17865,"date":"2024-12-25T11:01:33","date_gmt":"2024-12-25T11:01:33","guid":{"rendered":"https:\/\/halizer.com\/?post_type=product&#038;p=17865"},"modified":"2024-12-25T11:01:33","modified_gmt":"2024-12-25T11:01:33","slug":"karmen-hali-trend-tr008a","status":"publish","type":"product","link":"https:\/\/halizer.com\/?product=karmen-hali-trend-tr008a","title":{"rendered":"KARMEN HALI TREND TR008A"},"content":{"rendered":"<h2><span data-darkreader-inline-color=\"\">Karmen Hal\u0131 Trend TR008A Gri Hal\u0131 Gold Detayl\u0131 Klasik Geometrik Desenli Akrilik Yumu\u015fak Salon Hal\u0131s\u0131<\/span><\/h2>\n<h3><span data-darkreader-inline-color=\"\">\u00a0\u00dcr\u00fcn Genel \u00d6zellikleri<\/span><\/h3>\n<p><span data-darkreader-inline-color=\"\">Karmen Hal\u0131 Trend TR008A, klasik tarz\u0131 modern dokunu\u015flarla birle\u015ftiren zarif bir hal\u0131d\u0131r. Gri zemin \u00fczerindeki alt\u0131n detaylar ve geometrik desenler, salonunuzun havas\u0131n\u0131 an\u0131nda de\u011fi\u015ftirecek. Hem konfor hem de estetik sa\u011flayan bu yumu\u015fak akrilik hal\u0131, evinizin \u015f\u0131kl\u0131\u011f\u0131n\u0131 tamamlar.<\/span><\/p>\n<h3><span data-darkreader-inline-color=\"\">\u00a0Teknik \u00d6zellikler<\/span><\/h3>\n<ul>\n<li aria-level=\"1\"><span data-darkreader-inline-color=\"\">Malzeme:<\/span><span data-darkreader-inline-color=\"\"> Triko Akrilik, Pamuk<\/span><\/li>\n<li aria-level=\"1\"><span data-darkreader-inline-color=\"\">Taban Malzemesi:<\/span><span data-darkreader-inline-color=\"\"> Pamuk<\/span><\/li>\n<li aria-level=\"1\"><span data-darkreader-inline-color=\"\">Hav Y\u00fcksekli\u011fi:<\/span><span data-darkreader-inline-color=\"\"> 7 mm (\u00b11 mm)<\/span><\/li>\n<li aria-level=\"1\"><span data-darkreader-inline-color=\"\">M\u00b2 A\u011f\u0131rl\u0131\u011f\u0131:<\/span><span data-darkreader-inline-color=\"\"> 2300 gr\/m\u00b2 (\u00b1200 gr)<\/span><\/li>\n<li aria-level=\"1\"><span data-darkreader-inline-color=\"\">Ek \u00d6zellikler:<\/span><span data-darkreader-inline-color=\"\"> Tozu Az<\/span><\/li>\n<\/ul>\n<h3><span data-darkreader-inline-color=\"\">\u00a0Neden Bu Hal\u0131y\u0131 Tercih Etmelisiniz?<\/span><\/h3>\n<ul>\n<li aria-level=\"1\"><span data-darkreader-inline-color=\"\">\u015e\u0131k Alt\u0131n Detaylar:<\/span><span data-darkreader-inline-color=\"\"> Gold detaylar, hal\u0131ya l\u00fcks bir g\u00f6r\u00fcn\u00fcm katarak ya\u015fam alan\u0131n\u0131za zarif bir dokunu\u015f sa\u011flar.<\/span><\/li>\n<li aria-level=\"1\"><span data-darkreader-inline-color=\"\">Yumu\u015fak ve Rahat:<\/span><span data-darkreader-inline-color=\"\"> Akrilik malzemenin yumu\u015fakl\u0131\u011f\u0131yla evinize konfor getirir.<\/span><\/li>\n<li aria-level=\"1\"><span data-darkreader-inline-color=\"\">Klasik ve Modern Tasar\u0131m\u0131n Bulu\u015fmas\u0131:<\/span><span data-darkreader-inline-color=\"\"> Geometrik desenlerin klasik tarzla harmanlanmas\u0131, her t\u00fcr dekorasyona uyum sa\u011flar.<\/span><\/li>\n<li aria-level=\"1\"><span data-darkreader-inline-color=\"\">Kolay Temizlik:<\/span><span data-darkreader-inline-color=\"\"> Tozu az yap\u0131s\u0131 sayesinde bak\u0131m ve temizlik i\u015fleri kolayd\u0131r.<\/span><\/li>\n<\/ul>\n<h3><span data-darkreader-inline-color=\"\">\u00a0Dikkat Edilmesi Gerekenler<\/span><\/h3>\n<ul>\n<li aria-level=\"1\"><span data-darkreader-inline-color=\"\">Do\u011fal elyaf ve pamuk atk\u0131 kullan\u0131m\u0131 sebebiyle %3 oran\u0131nda \u00e7ekme olabilir.<\/span><\/li>\n<li aria-level=\"1\"><span data-darkreader-inline-color=\"\">\u0130plik boyama s\u00fcrecinden kaynakl\u0131 olarak k\u00fc\u00e7\u00fck renk farkl\u0131l\u0131klar\u0131 olu\u015fabilir.<\/span><\/li>\n<\/ul>\n<p>&nbsp;<\/p>\n<p><span data-darkreader-inline-color=\"\">Evinizin havas\u0131n\u0131 de\u011fi\u015ftirmek ve \u015f\u0131kl\u0131\u011f\u0131n\u0131 art\u0131rmak i\u00e7in Karmen Hal\u0131 Trend TR008A, ideal se\u00e7im!<\/span><\/p>\n","protected":false},"excerpt":{"rendered":"<p>Karmen Hal\u0131 Trend TR008A Gri Hal\u0131 Gold Detayl\u0131 Klasik Geometrik Desenli Akrilik Yumu\u015fak Salon Hal\u0131s\u0131 \u00a0\u00dcr\u00fcn Genel \u00d6zellikleri Karmen Hal\u0131 Trend TR008A, klasik tarz\u0131 modern dokunu\u015flarla birle\u015ftiren zarif bir hal\u0131d\u0131r. Gri zemin \u00fczerindeki alt\u0131n detaylar ve geometrik desenler, salonunuzun havas\u0131n\u0131 an\u0131nda de\u011fi\u015ftirecek. Hem konfor hem de estetik sa\u011flayan bu yumu\u015fak akrilik hal\u0131, evinizin \u015f\u0131kl\u0131\u011f\u0131n\u0131 tamamlar&#8230;.<\/p>\n","protected":false},"featured_media":17866,"comment_status":"open","ping_status":"closed","template":"","meta":{"_kadence_starter_templates_imported_post":false,"_kad_post_transparent":"default","_kad_post_title":"","_kad_post_layout":"default","_kad_post_sidebar_id":"","_kad_post_content_style":"default","_kad_post_vertical_padding":"default","_kad_post_feature":"","_kad_post_feature_position":"","_kad_post_header":false,"_kad_post_footer":false,"_kad_post_classname":""},"product_brand":[],"product_cat":[115],"product_tag":[],"class_list":{"0":"post-17865","1":"product","2":"type-product","3":"status-publish","4":"has-post-thumbnail","6":"product_cat-makine-halilari","8":"first","9":"instock","10":"sale","11":"shipping-taxable","12":"purchasable","13":"product-type-variable","14":"entry","15":"content-bg","16":"loop-entry"},"jetpack_sharing_enabled":true,"_links":{"self":[{"href":"https:\/\/halizer.com\/index.php?rest_route=\/wp\/v2\/product\/17865","targetHints":{"allow":["GET"]}}],"collection":[{"href":"https:\/\/halizer.com\/index.php?rest_route=\/wp\/v2\/product"}],"about":[{"href":"https:\/\/halizer.com\/index.php?rest_route=\/wp\/v2\/types\/product"}],"replies":[{"embeddable":true,"href":"https:\/\/halizer.com\/index.php?rest_route=%2Fwp%2Fv2%2Fcomments&post=17865"}],"wp:featuredmedia":[{"embeddable":true,"href":"https:\/\/halizer.com\/index.php?rest_route=\/wp\/v2\/media\/17866"}],"wp:attachment":[{"href":"https:\/\/halizer.com\/index.php?rest_route=%2Fwp%2Fv2%2Fmedia&parent=17865"}],"wp:term":[{"taxonomy":"product_brand","embeddable":true,"href":"https:\/\/halizer.com\/index.php?rest_route=%2Fwp%2Fv2%2Fproduct_brand&post=17865"},{"taxonomy":"product_cat","embeddable":true,"href":"https:\/\/halizer.com\/index.php?rest_route=%2Fwp%2Fv2%2Fproduct_cat&post=17865"},{"taxonomy":"product_tag","embeddable":true,"href":"https:\/\/halizer.com\/index.php?rest_route=%2Fwp%2Fv2%2Fproduct_tag&post=17865"}],"curies":[{"name":"wp","href":"https:\/\/api.w.org\/{rel}","templated":true}]}}