{"id":17968,"date":"2024-12-25T21:20:24","date_gmt":"2024-12-25T21:20:24","guid":{"rendered":"https:\/\/halizer.com\/?post_type=product&#038;p=17968"},"modified":"2025-03-05T09:09:38","modified_gmt":"2025-03-05T09:09:38","slug":"karmen-hali-prag-pr001m","status":"publish","type":"product","link":"https:\/\/halizer.com\/?product=karmen-hali-prag-pr001m","title":{"rendered":"KARMEN HALI PRAG PR001M"},"content":{"rendered":"<h3><span data-darkreader-inline-color=\"\">Karmen Hal\u0131 Prag Pr001m Lacivert Hal\u0131 G\u00f6bekli Eskitme Desenli \u00d6zel \u0130plik Parlak \u0130nce Modern Salon Hal\u0131s\u0131 Koridor<\/span><\/h3>\n<h4><span data-darkreader-inline-color=\"\">\u00dcr\u00fcn A\u00e7\u0131klamas\u0131<\/span><\/h4>\n<p><span data-darkreader-inline-color=\"\">Karmen Hal\u0131 Prag Pr001m, lacivert zemini ve g\u00f6bekli eskitme deseniyle dikkat \u00e7eken \u015f\u0131k bir hal\u0131d\u0131r. \u00d6zel akrilik ipliklerle dokunan bu ince hal\u0131, modern \u00e7izgileriyle salon ve koridorlar\u0131n\u0131za zarafet katarken, parlak dokusuyla bulundu\u011fu her ortamda g\u00f6z al\u0131c\u0131 bir dekoratif unsur olu\u015fturur.<\/span><\/p>\n<h4><span data-darkreader-inline-color=\"\">\u00d6zellikler<\/span><\/h4>\n<ul>\n<li aria-level=\"1\"><span data-darkreader-inline-color=\"\">Malzeme:<\/span><span data-darkreader-inline-color=\"\"> \u00d6zel Akrilik, Pamuk<\/span><\/li>\n<li aria-level=\"1\"><span data-darkreader-inline-color=\"\">Taban Malzemesi:<\/span><span data-darkreader-inline-color=\"\"> Pamuk<\/span><\/li>\n<li aria-level=\"1\"><span data-darkreader-inline-color=\"\">Hav Y\u00fcksekli\u011fi:<\/span><span data-darkreader-inline-color=\"\"> 7mm ( +\/- %1 mm)<\/span><\/li>\n<li aria-level=\"1\"><span data-darkreader-inline-color=\"\">M2 A\u011f\u0131rl\u0131\u011f\u0131:<\/span><span data-darkreader-inline-color=\"\"> 2100 gr\/m\u00b2 ( +\/- 200 gr)<\/span><\/li>\n<li aria-level=\"1\"><span data-darkreader-inline-color=\"\">Ek \u00d6zellikler:<\/span><span data-darkreader-inline-color=\"\"> Parlak ve kaliteli \u00f6zel akrilik iplik.<\/span><\/li>\n<\/ul>\n<h4><span data-darkreader-inline-color=\"\">Neden Karmen Hal\u0131 Prag Pr001m?<\/span><\/h4>\n<ul>\n<li aria-level=\"1\"><span data-darkreader-inline-color=\"\">G\u00f6bekli Eskitme Desen:<\/span><span data-darkreader-inline-color=\"\"> Lacivert zeminin \u00fczerindeki eskitme desenler, hal\u0131ya klasik bir dokunu\u015f katar.<\/span><\/li>\n<li aria-level=\"1\"><span data-darkreader-inline-color=\"\">Parlak \u00d6zel \u0130plik:<\/span><span data-darkreader-inline-color=\"\"> \u00d6zel akrilik iplikleri sayesinde hal\u0131, ince ve parlak bir yap\u0131ya sahiptir, bu da ona l\u00fcks bir hava kazand\u0131r\u0131r.<\/span><\/li>\n<li aria-level=\"1\"><span data-darkreader-inline-color=\"\">Modern ve \u015e\u0131k:<\/span><span data-darkreader-inline-color=\"\"> Hem klasik hem de modern dekorasyonlarla m\u00fckemmel uyum sa\u011flar.<\/span><\/li>\n<li aria-level=\"1\"><span data-darkreader-inline-color=\"\">Toz Tutmayan Y\u00fczey:<\/span><span data-darkreader-inline-color=\"\"> Temizli\u011fi kolayla\u015ft\u0131ran tozu az yap\u0131s\u0131 sayesinde, uzun s\u00fcreli hijyen sa\u011flar.<\/span><\/li>\n<li aria-level=\"1\"><span data-darkreader-inline-color=\"\">\u0130nce ve Dayan\u0131kl\u0131:<\/span><span data-darkreader-inline-color=\"\"> \u0130nce yap\u0131s\u0131na ra\u011fmen sa\u011flam ve dayan\u0131kl\u0131d\u0131r, \u00f6zellikle koridor gibi s\u0131k kullan\u0131lan alanlar i\u00e7in idealdir.<\/span><\/li>\n<\/ul>\n<h4><span data-darkreader-inline-color=\"\">Dikkat Edilmesi Gerekenler<\/span><\/h4>\n<p><span data-darkreader-inline-color=\"\">\u00dcr\u00fcnlerimizde do\u011fal elyaf ve pamuk atk\u0131 kullan\u0131ld\u0131\u011f\u0131 i\u00e7in %3 oran\u0131nda \u00e7ekme olabilir. \u0130pliklerin boyanmas\u0131ndan kaynaklanan k\u00fc\u00e7\u00fck renk farklar\u0131 (lot fark\u0131) olu\u015fabilir.<\/span><\/p>\n<p><span data-darkreader-inline-color=\"\">Evinizin salon veya koridorlar\u0131na \u015f\u0131kl\u0131k ve zarafet katacak olan Karmen Hal\u0131 Prag Pr001m, hem g\u00f6rsel a\u00e7\u0131dan hem de dayan\u0131kl\u0131l\u0131k a\u00e7\u0131s\u0131ndan ideal bir se\u00e7imdir!<\/span><\/p>\n","protected":false},"excerpt":{"rendered":"<p>Karmen Hal\u0131 Prag Pr001m Lacivert Hal\u0131 G\u00f6bekli Eskitme Desenli \u00d6zel \u0130plik Parlak \u0130nce Modern Salon Hal\u0131s\u0131 Koridor \u00dcr\u00fcn A\u00e7\u0131klamas\u0131 Karmen Hal\u0131 Prag Pr001m, lacivert zemini ve g\u00f6bekli eskitme deseniyle dikkat \u00e7eken \u015f\u0131k bir hal\u0131d\u0131r. \u00d6zel akrilik ipliklerle dokunan bu ince hal\u0131, modern \u00e7izgileriyle salon ve koridorlar\u0131n\u0131za zarafet katarken, parlak dokusuyla bulundu\u011fu her ortamda g\u00f6z al\u0131c\u0131&#8230;<\/p>\n","protected":false},"featured_media":17974,"comment_status":"open","ping_status":"closed","template":"","meta":{"_kadence_starter_templates_imported_post":false,"_kad_post_transparent":"default","_kad_post_title":"","_kad_post_layout":"default","_kad_post_sidebar_id":"","_kad_post_content_style":"default","_kad_post_vertical_padding":"default","_kad_post_feature":"","_kad_post_feature_position":"","_kad_post_header":false,"_kad_post_footer":false,"_kad_post_classname":""},"product_brand":[],"product_cat":[115],"product_tag":[],"class_list":{"0":"post-17968","1":"product","2":"type-product","3":"status-publish","4":"has-post-thumbnail","6":"product_cat-makine-halilari","8":"first","9":"outofstock","10":"sale","11":"shipping-taxable","12":"purchasable","13":"product-type-variable","14":"entry","15":"content-bg","16":"loop-entry"},"jetpack_sharing_enabled":true,"_links":{"self":[{"href":"https:\/\/halizer.com\/index.php?rest_route=\/wp\/v2\/product\/17968","targetHints":{"allow":["GET"]}}],"collection":[{"href":"https:\/\/halizer.com\/index.php?rest_route=\/wp\/v2\/product"}],"about":[{"href":"https:\/\/halizer.com\/index.php?rest_route=\/wp\/v2\/types\/product"}],"replies":[{"embeddable":true,"href":"https:\/\/halizer.com\/index.php?rest_route=%2Fwp%2Fv2%2Fcomments&post=17968"}],"wp:featuredmedia":[{"embeddable":true,"href":"https:\/\/halizer.com\/index.php?rest_route=\/wp\/v2\/media\/17974"}],"wp:attachment":[{"href":"https:\/\/halizer.com\/index.php?rest_route=%2Fwp%2Fv2%2Fmedia&parent=17968"}],"wp:term":[{"taxonomy":"product_brand","embeddable":true,"href":"https:\/\/halizer.com\/index.php?rest_route=%2Fwp%2Fv2%2Fproduct_brand&post=17968"},{"taxonomy":"product_cat","embeddable":true,"href":"https:\/\/halizer.com\/index.php?rest_route=%2Fwp%2Fv2%2Fproduct_cat&post=17968"},{"taxonomy":"product_tag","embeddable":true,"href":"https:\/\/halizer.com\/index.php?rest_route=%2Fwp%2Fv2%2Fproduct_tag&post=17968"}],"curies":[{"name":"wp","href":"https:\/\/api.w.org\/{rel}","templated":true}]}}