{"id":18197,"date":"2024-12-25T22:21:05","date_gmt":"2024-12-25T22:21:05","guid":{"rendered":"https:\/\/halizer.com\/?post_type=product&#038;p=18197"},"modified":"2025-03-05T12:47:33","modified_gmt":"2025-03-05T12:47:33","slug":"karmen-hali-dark-dk012m","status":"publish","type":"product","link":"https:\/\/halizer.com\/?product=karmen-hali-dark-dk012m","title":{"rendered":"KARMEN HALI DARK DK012M"},"content":{"rendered":"<div id=\"divUrunOzellikAlani\" class=\"urunOzellik\">\n<div id=\"divTabOzellikler\" class=\"urunDetayPanel\">\n<div class=\"urunTabAlt\">\n<h2><span data-darkreader-inline-color=\"\">Karmen Hal\u0131 Dark Dk012m Gri Hal\u0131 Lacivert Kenar \u00c7er\u00e7eveli Geometrik Detayl\u0131 Akrilik Tozuaz Modern Salon Hal\u0131s\u0131<\/span><\/h2>\n<h3><span data-darkreader-inline-color=\"\">\u00a0\u00dcr\u00fcn Genel Bak\u0131\u015f<\/span><\/h3>\n<p><span data-darkreader-inline-color=\"\">Karmen Hal\u0131 Dark Dk012m, lacivert kenar \u00e7er\u00e7eveli ve geometrik detayl\u0131 modern tasar\u0131m\u0131yla salonunuza zarafet kat\u0131yor. \u015e\u0131k ve zamans\u0131z bir g\u00f6r\u00fcn\u00fcm sunan bu hal\u0131, hem estetik hem de fonksiyonel \u00f6zellikleriyle \u00f6n plana \u00e7\u0131k\u0131yor.<\/span><\/p>\n<h3><span data-darkreader-inline-color=\"\">\u00a0Teknik \u00d6zellikler<\/span><\/h3>\n<ul>\n<li aria-level=\"1\"><span data-darkreader-inline-color=\"\">Malzeme:<\/span><span data-darkreader-inline-color=\"\"> Triko Akrilik, Pamuk<\/span><\/li>\n<li aria-level=\"1\"><span data-darkreader-inline-color=\"\">Taban Malzemesi:<\/span><span data-darkreader-inline-color=\"\"> Pamuk (Kaymaz Taban)<\/span><\/li>\n<li aria-level=\"1\"><span data-darkreader-inline-color=\"\">Hav Y\u00fcksekli\u011fi:<\/span><span data-darkreader-inline-color=\"\"> 9 mm (\u00b11 mm)<\/span><\/li>\n<li aria-level=\"1\"><span data-darkreader-inline-color=\"\">M\u00b2 A\u011f\u0131rl\u0131\u011f\u0131:<\/span><span data-darkreader-inline-color=\"\"> 2400 gr\/m\u00b2 (\u00b1200 gr)<\/span><\/li>\n<li aria-level=\"1\"><span data-darkreader-inline-color=\"\">Ek \u00d6zellikler:<\/span><span data-darkreader-inline-color=\"\"> Tozu Az, Kolay Temizlenebilir<\/span><\/li>\n<\/ul>\n<h3><span data-darkreader-inline-color=\"\">\u00a0\u00d6ne \u00c7\u0131kan Avantajlar<\/span><\/h3>\n<ul>\n<li aria-level=\"1\"><span data-darkreader-inline-color=\"\">Geometrik \u015e\u0131kl\u0131k:<\/span><span data-darkreader-inline-color=\"\"> Lacivert kenar \u00e7er\u00e7evesi ve geometrik desen detaylar\u0131 ile modern tarz\u0131 evinize ta\u015f\u0131y\u0131n.<\/span><\/li>\n<li aria-level=\"1\"><span data-darkreader-inline-color=\"\">Konfor ve Dayan\u0131kl\u0131l\u0131k:<\/span><span data-darkreader-inline-color=\"\"> Akrilik yap\u0131s\u0131 sayesinde yumu\u015fak dokusu ile konforu, dayan\u0131kl\u0131l\u0131\u011f\u0131yla uzun \u00f6m\u00fcrl\u00fc kullan\u0131m sunar.<\/span><\/li>\n<li aria-level=\"1\"><span data-darkreader-inline-color=\"\">Kaymaz Taban:<\/span><span data-darkreader-inline-color=\"\"> G\u00fcvenli kullan\u0131m i\u00e7in kaymaz pamuk taban ile sa\u011flam bir tutu\u015f sa\u011flar.<\/span><\/li>\n<li aria-level=\"1\"><span data-darkreader-inline-color=\"\">Toz Tutmaz \u00d6zellik:<\/span><span data-darkreader-inline-color=\"\"> Hal\u0131n\u0131n tozu azd\u0131r, bu sayede bak\u0131m\u0131n\u0131 kolayl\u0131kla yapabilirsiniz.<\/span><\/li>\n<\/ul>\n<h3><span data-darkreader-inline-color=\"\">\u00a0Dikkat Edilmesi Gerekenler<\/span><\/h3>\n<ul>\n<li aria-level=\"1\"><span data-darkreader-inline-color=\"\">\u00dcr\u00fcnlerimizde do\u011fal elyaf ve pamuk atk\u0131 kullan\u0131ld\u0131\u011f\u0131 i\u00e7in %3 oran\u0131nda \u00e7ekme olabilir.<\/span><\/li>\n<li aria-level=\"1\"><span data-darkreader-inline-color=\"\">Tekstil \u00fcr\u00fcnlerinde ipliklerin boyanmas\u0131ndan dolay\u0131 \u00fcr\u00fcnler aras\u0131nda k\u00fc\u00e7\u00fck renk (lot) farklar\u0131 olu\u015fabilir.<\/span><\/li>\n<\/ul>\n<p><span data-darkreader-inline-color=\"\">Salonunuza modern ve zarif bir dokunu\u015f kat\u0131n! Karmen Hal\u0131 Dark serisi, \u015f\u0131k tasar\u0131m\u0131 ve konforlu yap\u0131s\u0131yla ya\u015fam alan\u0131n\u0131z\u0131 d\u00f6n\u00fc\u015ft\u00fcrecek.\u00a0<\/span><\/p>\n<\/div>\n<\/div>\n<\/div>\n<div class=\"clear\"><\/div>\n<div class=\"clear\"><\/div>\n<div id=\"BenzerUrunDiv\">\n<div id=\"divBenzerUrun\" class=\"detaySliderContainer\">\n<div class=\"ProductList Kategori1 kategoriBlock\">\n<div class=\"jCarouselLite lazyImage entered\" data-lazy-function=\"owlSlider\" data-ll-status=\"entered\">\n<div class=\"JKatAdi\"><\/div>\n<\/div>\n<\/div>\n<\/div>\n<\/div>\n","protected":false},"excerpt":{"rendered":"<p>Karmen Hal\u0131 Dark Dk012m Gri Hal\u0131 Lacivert Kenar \u00c7er\u00e7eveli Geometrik Detayl\u0131 Akrilik Tozuaz Modern Salon Hal\u0131s\u0131 \u00a0\u00dcr\u00fcn Genel Bak\u0131\u015f Karmen Hal\u0131 Dark Dk012m, lacivert kenar \u00e7er\u00e7eveli ve geometrik detayl\u0131 modern tasar\u0131m\u0131yla salonunuza zarafet kat\u0131yor. \u015e\u0131k ve zamans\u0131z bir g\u00f6r\u00fcn\u00fcm sunan bu hal\u0131, hem estetik hem de fonksiyonel \u00f6zellikleriyle \u00f6n plana \u00e7\u0131k\u0131yor. \u00a0Teknik \u00d6zellikler Malzeme: Triko&#8230;<\/p>\n","protected":false},"featured_media":18206,"comment_status":"open","ping_status":"closed","template":"","meta":{"_kadence_starter_templates_imported_post":false,"_kad_post_transparent":"default","_kad_post_title":"","_kad_post_layout":"default","_kad_post_sidebar_id":"","_kad_post_content_style":"default","_kad_post_vertical_padding":"default","_kad_post_feature":"","_kad_post_feature_position":"","_kad_post_header":false,"_kad_post_footer":false,"_kad_post_classname":""},"product_brand":[],"product_cat":[115],"product_tag":[],"class_list":{"0":"post-18197","1":"product","2":"type-product","3":"status-publish","4":"has-post-thumbnail","6":"product_cat-makine-halilari","8":"first","9":"instock","10":"sale","11":"shipping-taxable","12":"purchasable","13":"product-type-variable","14":"entry","15":"content-bg","16":"loop-entry"},"jetpack_sharing_enabled":true,"_links":{"self":[{"href":"https:\/\/halizer.com\/index.php?rest_route=\/wp\/v2\/product\/18197","targetHints":{"allow":["GET"]}}],"collection":[{"href":"https:\/\/halizer.com\/index.php?rest_route=\/wp\/v2\/product"}],"about":[{"href":"https:\/\/halizer.com\/index.php?rest_route=\/wp\/v2\/types\/product"}],"replies":[{"embeddable":true,"href":"https:\/\/halizer.com\/index.php?rest_route=%2Fwp%2Fv2%2Fcomments&post=18197"}],"wp:featuredmedia":[{"embeddable":true,"href":"https:\/\/halizer.com\/index.php?rest_route=\/wp\/v2\/media\/18206"}],"wp:attachment":[{"href":"https:\/\/halizer.com\/index.php?rest_route=%2Fwp%2Fv2%2Fmedia&parent=18197"}],"wp:term":[{"taxonomy":"product_brand","embeddable":true,"href":"https:\/\/halizer.com\/index.php?rest_route=%2Fwp%2Fv2%2Fproduct_brand&post=18197"},{"taxonomy":"product_cat","embeddable":true,"href":"https:\/\/halizer.com\/index.php?rest_route=%2Fwp%2Fv2%2Fproduct_cat&post=18197"},{"taxonomy":"product_tag","embeddable":true,"href":"https:\/\/halizer.com\/index.php?rest_route=%2Fwp%2Fv2%2Fproduct_tag&post=18197"}],"curies":[{"name":"wp","href":"https:\/\/api.w.org\/{rel}","templated":true}]}}