{"id":18287,"date":"2024-12-25T22:31:00","date_gmt":"2024-12-25T22:31:00","guid":{"rendered":"https:\/\/halizer.com\/?post_type=product&#038;p=18287"},"modified":"2025-03-05T12:27:52","modified_gmt":"2025-03-05T12:27:52","slug":"karmen-hali-dark-dk014m","status":"publish","type":"product","link":"https:\/\/halizer.com\/?product=karmen-hali-dark-dk014m","title":{"rendered":"KARMEN HALI DARK DK014M"},"content":{"rendered":"<h2><span data-darkreader-inline-color=\"\">Karmen Hal\u0131 Dark Dk014m Gri Hal\u0131 Mavi Geometrik Detayl\u0131 Akrilik Tozuaz Salon Hal\u0131s\u0131 Yatak Odas\u0131 Hal\u0131s\u0131 Koridor<\/span><\/h2>\n<h3><span data-darkreader-inline-color=\"\">\u00dcr\u00fcn Genel Bak\u0131\u015f<\/span><\/h3>\n<p><span data-darkreader-inline-color=\"\">Karmen Hal\u0131 Dark Dk014m, gri ve mavi tonlar\u0131n\u0131n modern geometrik desenlerle birle\u015fti\u011fi \u015f\u0131k bir hal\u0131d\u0131r. Triko akrilik ve pamuk malzemeden \u00fcretilmi\u015f olan bu hal\u0131, hem dayan\u0131kl\u0131l\u0131k hem de konfor sunar. 9 mm hav y\u00fcksekli\u011fi ile yumu\u015fak bir dokunu\u015f sa\u011flarken, kaymaz taban\u0131 ile g\u00fcvenli bir kullan\u0131m deneyimi sunar. 2400 gr\/m\u00b2 a\u011f\u0131rl\u0131\u011f\u0131 sayesinde kaliteli ve sa\u011flam bir dokuya sahip olan bu hal\u0131, toz yapmayan yap\u0131s\u0131 ile uzun \u00f6m\u00fcrl\u00fc ve kolay temizlenebilir bir \u00fcr\u00fcnd\u00fcr.<\/span><\/p>\n<h3><span data-darkreader-inline-color=\"\">Teknik \u00d6zellikler<\/span><\/h3>\n<ul>\n<li aria-level=\"1\"><span data-darkreader-inline-color=\"\">Malzeme:<\/span><span data-darkreader-inline-color=\"\"> Triko Akrilik, Pamuk<\/span><\/li>\n<li aria-level=\"1\"><span data-darkreader-inline-color=\"\">Taban Malzemesi:<\/span><span data-darkreader-inline-color=\"\"> Pamuk<\/span><\/li>\n<li aria-level=\"1\"><span data-darkreader-inline-color=\"\">Hav Y\u00fcksekli\u011fi:<\/span><span data-darkreader-inline-color=\"\"> 9 mm (\u00b11 mm)<\/span><\/li>\n<li aria-level=\"1\"><span data-darkreader-inline-color=\"\">M\u00b2 A\u011f\u0131rl\u0131\u011f\u0131:<\/span><span data-darkreader-inline-color=\"\"> 2400 gr\/m\u00b2 (\u00b1200 gr)<\/span><\/li>\n<li aria-level=\"1\"><span data-darkreader-inline-color=\"\">Ek \u00d6zellikler:<\/span><span data-darkreader-inline-color=\"\"> Tozu Az, Kaymaz Taban<\/span><\/li>\n<\/ul>\n<h3><span data-darkreader-inline-color=\"\">Neden Bu Hal\u0131y\u0131 Se\u00e7melisiniz?<\/span><\/h3>\n<ul>\n<li aria-level=\"1\"><span data-darkreader-inline-color=\"\">Modern Geometrik Desen:<\/span><span data-darkreader-inline-color=\"\"> Gri ve mavi tonlar\u0131ndaki modern geometrik desenler, evinize \u00e7a\u011fda\u015f ve \u015f\u0131k bir hava katar.<\/span><\/li>\n<li aria-level=\"1\"><span data-darkreader-inline-color=\"\">Kaymaz Taban:<\/span><span data-darkreader-inline-color=\"\"> Hal\u0131n\u0131n sabit durmas\u0131n\u0131 sa\u011flayan kaymaz taban, g\u00fcvenli kullan\u0131m sunar.<\/span><\/li>\n<li aria-level=\"1\"><span data-darkreader-inline-color=\"\">Toz Tutmaz:<\/span><span data-darkreader-inline-color=\"\"> Toz yapmayan \u00f6zellikleri ile temizli\u011fi kolayd\u0131r ve hijyen sa\u011flar.<\/span><\/li>\n<li aria-level=\"1\"><span data-darkreader-inline-color=\"\">Yumu\u015fak ve Dayan\u0131kl\u0131:<\/span><span data-darkreader-inline-color=\"\"> 9 mm hav y\u00fcksekli\u011fi ile yumu\u015fak bir dokunu\u015f sunarken, sa\u011flam malzemesi ile uzun \u00f6m\u00fcrl\u00fcd\u00fcr.<\/span><\/li>\n<li aria-level=\"1\"><span data-darkreader-inline-color=\"\">\u00c7ok Y\u00f6nl\u00fc Kullan\u0131m:<\/span><span data-darkreader-inline-color=\"\"> Salon, yatak odas\u0131 ve koridor gibi farkl\u0131 alanlarda \u015f\u0131kl\u0131\u011f\u0131 ve fonksiyonelli\u011fi bir araya getirir.<\/span><\/li>\n<\/ul>\n<h3><span data-darkreader-inline-color=\"\">Dikkat Edilmesi Gerekenler<\/span><\/h3>\n<ul>\n<li aria-level=\"1\"><span data-darkreader-inline-color=\"\">\u00dcr\u00fcnlerimizde do\u011fal elyaf ve pamuk atk\u0131 kullan\u0131ld\u0131\u011f\u0131 i\u00e7in %3 oran\u0131nda \u00e7ekme olabilir.<\/span><\/li>\n<li aria-level=\"1\"><span data-darkreader-inline-color=\"\">Tekstil \u00fcr\u00fcnlerinde ipliklerin boyanmas\u0131ndan dolay\u0131 \u00fcr\u00fcnler aras\u0131nda k\u00fc\u00e7\u00fck renk farklar\u0131 (lot) olu\u015fabilir.<\/span><\/li>\n<\/ul>\n<p><span data-darkreader-inline-color=\"\">Karmen Hal\u0131 Dark Dk014m, zarif mavi geometrik detaylar\u0131 ve modern g\u00f6r\u00fcn\u00fcm\u00fc ile her eve uyum sa\u011flar. Toz yapmayan \u00f6zelli\u011fi ve kaymaz taban\u0131 ile hem estetik hem de pratik bir kullan\u0131m sunar.<\/span><\/p>\n","protected":false},"excerpt":{"rendered":"<p>Karmen Hal\u0131 Dark Dk014m Gri Hal\u0131 Mavi Geometrik Detayl\u0131 Akrilik Tozuaz Salon Hal\u0131s\u0131 Yatak Odas\u0131 Hal\u0131s\u0131 Koridor \u00dcr\u00fcn Genel Bak\u0131\u015f Karmen Hal\u0131 Dark Dk014m, gri ve mavi tonlar\u0131n\u0131n modern geometrik desenlerle birle\u015fti\u011fi \u015f\u0131k bir hal\u0131d\u0131r. Triko akrilik ve pamuk malzemeden \u00fcretilmi\u015f olan bu hal\u0131, hem dayan\u0131kl\u0131l\u0131k hem de konfor sunar. 9 mm hav y\u00fcksekli\u011fi ile&#8230;<\/p>\n","protected":false},"featured_media":18297,"comment_status":"open","ping_status":"closed","template":"","meta":{"_kadence_starter_templates_imported_post":false,"_kad_post_transparent":"default","_kad_post_title":"","_kad_post_layout":"default","_kad_post_sidebar_id":"","_kad_post_content_style":"default","_kad_post_vertical_padding":"default","_kad_post_feature":"","_kad_post_feature_position":"","_kad_post_header":false,"_kad_post_footer":false,"_kad_post_classname":""},"product_brand":[],"product_cat":[115],"product_tag":[],"class_list":{"0":"post-18287","1":"product","2":"type-product","3":"status-publish","4":"has-post-thumbnail","6":"product_cat-makine-halilari","8":"first","9":"instock","10":"sale","11":"shipping-taxable","12":"purchasable","13":"product-type-variable","14":"entry","15":"content-bg","16":"loop-entry"},"jetpack_sharing_enabled":true,"_links":{"self":[{"href":"https:\/\/halizer.com\/index.php?rest_route=\/wp\/v2\/product\/18287","targetHints":{"allow":["GET"]}}],"collection":[{"href":"https:\/\/halizer.com\/index.php?rest_route=\/wp\/v2\/product"}],"about":[{"href":"https:\/\/halizer.com\/index.php?rest_route=\/wp\/v2\/types\/product"}],"replies":[{"embeddable":true,"href":"https:\/\/halizer.com\/index.php?rest_route=%2Fwp%2Fv2%2Fcomments&post=18287"}],"wp:featuredmedia":[{"embeddable":true,"href":"https:\/\/halizer.com\/index.php?rest_route=\/wp\/v2\/media\/18297"}],"wp:attachment":[{"href":"https:\/\/halizer.com\/index.php?rest_route=%2Fwp%2Fv2%2Fmedia&parent=18287"}],"wp:term":[{"taxonomy":"product_brand","embeddable":true,"href":"https:\/\/halizer.com\/index.php?rest_route=%2Fwp%2Fv2%2Fproduct_brand&post=18287"},{"taxonomy":"product_cat","embeddable":true,"href":"https:\/\/halizer.com\/index.php?rest_route=%2Fwp%2Fv2%2Fproduct_cat&post=18287"},{"taxonomy":"product_tag","embeddable":true,"href":"https:\/\/halizer.com\/index.php?rest_route=%2Fwp%2Fv2%2Fproduct_tag&post=18287"}],"curies":[{"name":"wp","href":"https:\/\/api.w.org\/{rel}","templated":true}]}}