{"id":18954,"date":"2024-12-29T10:38:38","date_gmt":"2024-12-29T10:38:38","guid":{"rendered":"https:\/\/halizer.com\/?post_type=product&#038;p=18954"},"modified":"2025-04-09T13:03:56","modified_gmt":"2025-04-09T13:03:56","slug":"karmen-hali-loop-lp001a","status":"publish","type":"product","link":"https:\/\/halizer.com\/?product=karmen-hali-loop-lp001a","title":{"rendered":"KARMEN HALI LOOP LP001A"},"content":{"rendered":"<h3><span data-darkreader-inline-color=\"\">Karmen Hal\u0131 Loop Lp001a Beyaz Hal\u0131 Dekoratif Sisal Bukle Tozsuz Antialerjik Salon Hal\u0131s\u0131 Yatak Odas\u0131 Koridor<\/span><\/h3>\n<h4><span data-darkreader-inline-color=\"\">\u00dcr\u00fcn A\u00e7\u0131klamas\u0131<\/span><\/h4>\n<p><span data-darkreader-inline-color=\"\">Karmen Hal\u0131 Loop Lp001a, sade ve zarif beyaz rengi ile her t\u00fcrl\u00fc dekorasyona uyum sa\u011flayacak \u015f\u0131kl\u0131kta bir hal\u0131d\u0131r. Sisal bukle dokusuyla modern bir dokunu\u015f sunar. Tozsuz ve antialerjik \u00f6zellikleri sayesinde sa\u011fl\u0131kl\u0131 bir ya\u015fam alan\u0131 sunarken, dayan\u0131kl\u0131 yap\u0131s\u0131yla uzun \u00f6m\u00fcrl\u00fc kullan\u0131m sa\u011flar. Salon, yatak odas\u0131 ve koridor gibi yo\u011fun kullan\u0131lan alanlarda rahatl\u0131kla kullan\u0131labilir.<\/span><\/p>\n<h4><span data-darkreader-inline-color=\"\">\u00d6zellikler<\/span><\/h4>\n<ul>\n<li aria-level=\"1\"><span data-darkreader-inline-color=\"\">Malzeme:<\/span><span data-darkreader-inline-color=\"\"> Polyester, Pamuk<\/span><\/li>\n<li aria-level=\"1\"><span data-darkreader-inline-color=\"\">Taban Malzemesi:<\/span><span data-darkreader-inline-color=\"\"> J\u00fct<\/span><\/li>\n<li aria-level=\"1\"><span data-darkreader-inline-color=\"\">Hav Y\u00fcksekli\u011fi:<\/span><span data-darkreader-inline-color=\"\"> Cut Loop<\/span><\/li>\n<li aria-level=\"1\"><span data-darkreader-inline-color=\"\">M2 A\u011f\u0131rl\u0131\u011f\u0131:<\/span><span data-darkreader-inline-color=\"\"> 2400 gr\/m\u00b2 ( +\/- 200 gr )<\/span><\/li>\n<li aria-level=\"1\"><span data-darkreader-inline-color=\"\">Ek \u00d6zellikler:<\/span><span data-darkreader-inline-color=\"\"> Tozu Yok, Antialerjik<\/span><\/li>\n<\/ul>\n<h4><span data-darkreader-inline-color=\"\">Neden Karmen Hal\u0131 Loop Lp001a?<\/span><\/h4>\n<ul>\n<li aria-level=\"1\"><span data-darkreader-inline-color=\"\">Zarif ve Minimalist Tasar\u0131m:<\/span><span data-darkreader-inline-color=\"\"> Beyaz rengi ile ferah bir ortam yarat\u0131r, modern ve minimalist bir dekorasyon sunar.<\/span><\/li>\n<li aria-level=\"1\"><span data-darkreader-inline-color=\"\">Sa\u011fl\u0131kl\u0131 ve Temiz:<\/span><span data-darkreader-inline-color=\"\"> Tozsuz ve antialerjik yap\u0131s\u0131yla alerjiye yatk\u0131n kullan\u0131c\u0131lar i\u00e7in ideal bir se\u00e7imdir.<\/span><\/li>\n<li aria-level=\"1\"><span data-darkreader-inline-color=\"\">Kolay Bak\u0131m:<\/span><span data-darkreader-inline-color=\"\"> Dayan\u0131kl\u0131 yap\u0131s\u0131 sayesinde uzun s\u00fcreli kullan\u0131m sa\u011flar, kolay temizlenir.<\/span><\/li>\n<li aria-level=\"1\"><span data-darkreader-inline-color=\"\">Her Alanda Kullan\u0131m:<\/span><span data-darkreader-inline-color=\"\"> Yatak odas\u0131, salon ve koridor gibi her t\u00fcrl\u00fc alan i\u00e7in uygundur.<\/span><\/li>\n<\/ul>\n<h4><span data-darkreader-inline-color=\"\">Dikkat Edilmesi Gerekenler<\/span><\/h4>\n<p><span data-darkreader-inline-color=\"\">Do\u011fal elyaf ve pamuk atk\u0131 kullan\u0131ld\u0131\u011f\u0131 i\u00e7in \u00fcr\u00fcnlerde %3 oran\u0131nda \u00e7ekme olabilir. Tekstil ipliklerinin boyanmas\u0131ndan kaynakl\u0131 olarak \u00fcr\u00fcnler aras\u0131nda k\u00fc\u00e7\u00fck renk farklar\u0131 olu\u015fabilir.<\/span><\/p>\n<p><span data-darkreader-inline-color=\"\">Karmen Hal\u0131 Loop Lp001a ile ya\u015fam alanlar\u0131n\u0131za modern ve zarif bir dokunu\u015f kat\u0131n!<\/span><\/p>\n","protected":false},"excerpt":{"rendered":"<p>Karmen Hal\u0131 Loop Lp001a Beyaz Hal\u0131 Dekoratif Sisal Bukle Tozsuz Antialerjik Salon Hal\u0131s\u0131 Yatak Odas\u0131 Koridor \u00dcr\u00fcn A\u00e7\u0131klamas\u0131 Karmen Hal\u0131 Loop Lp001a, sade ve zarif beyaz rengi ile her t\u00fcrl\u00fc dekorasyona uyum sa\u011flayacak \u015f\u0131kl\u0131kta bir hal\u0131d\u0131r. Sisal bukle dokusuyla modern bir dokunu\u015f sunar. Tozsuz ve antialerjik \u00f6zellikleri sayesinde sa\u011fl\u0131kl\u0131 bir ya\u015fam alan\u0131 sunarken, dayan\u0131kl\u0131 yap\u0131s\u0131yla&#8230;<\/p>\n","protected":false},"featured_media":18955,"comment_status":"open","ping_status":"closed","template":"","meta":{"_kadence_starter_templates_imported_post":false,"_kad_post_transparent":"default","_kad_post_title":"","_kad_post_layout":"default","_kad_post_sidebar_id":"","_kad_post_content_style":"default","_kad_post_vertical_padding":"default","_kad_post_feature":"","_kad_post_feature_position":"","_kad_post_header":false,"_kad_post_footer":false,"_kad_post_classname":""},"product_brand":[],"product_cat":[48,115],"product_tag":[],"class_list":{"0":"post-18954","1":"product","2":"type-product","3":"status-publish","4":"has-post-thumbnail","6":"product_cat-iskandinav","7":"product_cat-makine-halilari","9":"first","10":"instock","11":"sale","12":"shipping-taxable","13":"purchasable","14":"product-type-variable","15":"entry","16":"content-bg","17":"loop-entry"},"jetpack_sharing_enabled":true,"_links":{"self":[{"href":"https:\/\/halizer.com\/index.php?rest_route=\/wp\/v2\/product\/18954","targetHints":{"allow":["GET"]}}],"collection":[{"href":"https:\/\/halizer.com\/index.php?rest_route=\/wp\/v2\/product"}],"about":[{"href":"https:\/\/halizer.com\/index.php?rest_route=\/wp\/v2\/types\/product"}],"replies":[{"embeddable":true,"href":"https:\/\/halizer.com\/index.php?rest_route=%2Fwp%2Fv2%2Fcomments&post=18954"}],"wp:featuredmedia":[{"embeddable":true,"href":"https:\/\/halizer.com\/index.php?rest_route=\/wp\/v2\/media\/18955"}],"wp:attachment":[{"href":"https:\/\/halizer.com\/index.php?rest_route=%2Fwp%2Fv2%2Fmedia&parent=18954"}],"wp:term":[{"taxonomy":"product_brand","embeddable":true,"href":"https:\/\/halizer.com\/index.php?rest_route=%2Fwp%2Fv2%2Fproduct_brand&post=18954"},{"taxonomy":"product_cat","embeddable":true,"href":"https:\/\/halizer.com\/index.php?rest_route=%2Fwp%2Fv2%2Fproduct_cat&post=18954"},{"taxonomy":"product_tag","embeddable":true,"href":"https:\/\/halizer.com\/index.php?rest_route=%2Fwp%2Fv2%2Fproduct_tag&post=18954"}],"curies":[{"name":"wp","href":"https:\/\/api.w.org\/{rel}","templated":true}]}}