{"id":19013,"date":"2024-12-29T10:47:04","date_gmt":"2024-12-29T10:47:04","guid":{"rendered":"https:\/\/halizer.com\/?post_type=product&#038;p=19013"},"modified":"2025-04-09T13:04:28","modified_gmt":"2025-04-09T13:04:28","slug":"karmen-hali-loop-lp004a","status":"publish","type":"product","link":"https:\/\/halizer.com\/?product=karmen-hali-loop-lp004a","title":{"rendered":"KARMEN HALI LOOP LP004A"},"content":{"rendered":"<h3><span data-darkreader-inline-color=\"\">Karmen Hal\u0131 Loop Lp004a Beyaz Hal\u0131 Dekoratif Sisal Bukle Tozsuz Antialerjik Salon Hal\u0131s\u0131 Yatak Odas\u0131 Koridor<\/span><\/h3>\n<h4><span data-darkreader-inline-color=\"\">\u00dcr\u00fcn A\u00e7\u0131klamas\u0131<\/span><\/h4>\n<p><span data-darkreader-inline-color=\"\">Karmen Hal\u0131 Loop Lp004a, sade ve sofistike beyaz rengi ile bulundu\u011fu ortamda ferahl\u0131k ve modernlik katar. Dekoratif sisal bukle dokusu, hal\u0131ya zarif bir g\u00f6r\u00fcn\u00fcm kazand\u0131r\u0131rken, tozsuz ve antialerjik yap\u0131s\u0131yla temiz bir ya\u015fam alan\u0131 sunar. J\u00fct taban sayesinde sa\u011flam ve dayan\u0131kl\u0131d\u0131r, uzun s\u00fcreli kullan\u0131m sa\u011flar. Yatak odas\u0131, salon ve koridor gibi farkl\u0131 ya\u015fam alanlar\u0131nda rahatl\u0131kla kullan\u0131labilir.<\/span><\/p>\n<h4><span data-darkreader-inline-color=\"\">\u00d6zellikler<\/span><\/h4>\n<ul>\n<li aria-level=\"1\"><span data-darkreader-inline-color=\"\">Malzeme:<\/span><span data-darkreader-inline-color=\"\"> Polyester, Pamuk<\/span><\/li>\n<li aria-level=\"1\"><span data-darkreader-inline-color=\"\">Taban Malzemesi:<\/span><span data-darkreader-inline-color=\"\"> J\u00fct<\/span><\/li>\n<li aria-level=\"1\"><span data-darkreader-inline-color=\"\">Hav Y\u00fcksekli\u011fi:<\/span><span data-darkreader-inline-color=\"\"> Cut Loop<\/span><\/li>\n<li aria-level=\"1\"><span data-darkreader-inline-color=\"\">M2 A\u011f\u0131rl\u0131\u011f\u0131:<\/span><span data-darkreader-inline-color=\"\"> 2400 gr\/m\u00b2 ( +\/- 200 gr )<\/span><\/li>\n<li aria-level=\"1\"><span data-darkreader-inline-color=\"\">Ek \u00d6zellikler:<\/span><span data-darkreader-inline-color=\"\"> Tozu Yok, Antialerjik<\/span><\/li>\n<\/ul>\n<h4><span data-darkreader-inline-color=\"\">Neden Karmen Hal\u0131 Loop Lp004a?<\/span><\/h4>\n<ul>\n<li aria-level=\"1\"><span data-darkreader-inline-color=\"\">Ferah ve \u015e\u0131k Tasar\u0131m:<\/span><span data-darkreader-inline-color=\"\"> Beyaz rengi ve dekoratif dokusuyla her tarz dekorasyona uyum sa\u011flar.<\/span><\/li>\n<li aria-level=\"1\"><span data-darkreader-inline-color=\"\">Antialerjik ve Temiz:<\/span><span data-darkreader-inline-color=\"\"> Tozsuz yap\u0131s\u0131yla \u00f6zellikle alerjiye hassas olanlar i\u00e7in ideal bir tercih.<\/span><\/li>\n<li aria-level=\"1\"><span data-darkreader-inline-color=\"\">Dayan\u0131kl\u0131 Yap\u0131:<\/span><span data-darkreader-inline-color=\"\"> J\u00fct taban\u0131 ve kaliteli malzemesi sayesinde uzun y\u0131llar ilk g\u00fcnk\u00fc gibi kullan\u0131l\u0131r.<\/span><\/li>\n<li aria-level=\"1\"><span data-darkreader-inline-color=\"\">Her Alana Uygun:<\/span><span data-darkreader-inline-color=\"\"> Yatak odas\u0131ndan salona, koridordan ofis alanlar\u0131na kadar farkl\u0131 kullan\u0131m alanlar\u0131na uygundur.<\/span><\/li>\n<\/ul>\n<h4><span data-darkreader-inline-color=\"\">Dikkat Edilmesi Gerekenler<\/span><\/h4>\n<p><span data-darkreader-inline-color=\"\">Do\u011fal elyaf ve pamuk atk\u0131 kullan\u0131m\u0131 nedeniyle %3 oran\u0131nda \u00e7ekme olabilir. Ayr\u0131ca tekstil \u00fcr\u00fcnlerinde ipliklerin boyanmas\u0131ndan dolay\u0131 k\u00fc\u00e7\u00fck renk farklar\u0131 olu\u015fabilir.<\/span><\/p>\n<p><span data-darkreader-inline-color=\"\">Karmen Hal\u0131 Loop Lp004a ile ya\u015fam alanlar\u0131n\u0131z\u0131 hem modern hem de konforlu hale getirin!<\/span><\/p>\n","protected":false},"excerpt":{"rendered":"<p>Karmen Hal\u0131 Loop Lp004a Beyaz Hal\u0131 Dekoratif Sisal Bukle Tozsuz Antialerjik Salon Hal\u0131s\u0131 Yatak Odas\u0131 Koridor \u00dcr\u00fcn A\u00e7\u0131klamas\u0131 Karmen Hal\u0131 Loop Lp004a, sade ve sofistike beyaz rengi ile bulundu\u011fu ortamda ferahl\u0131k ve modernlik katar. Dekoratif sisal bukle dokusu, hal\u0131ya zarif bir g\u00f6r\u00fcn\u00fcm kazand\u0131r\u0131rken, tozsuz ve antialerjik yap\u0131s\u0131yla temiz bir ya\u015fam alan\u0131 sunar. J\u00fct taban sayesinde&#8230;<\/p>\n","protected":false},"featured_media":19026,"comment_status":"open","ping_status":"closed","template":"","meta":{"_kadence_starter_templates_imported_post":false,"_kad_post_transparent":"default","_kad_post_title":"","_kad_post_layout":"default","_kad_post_sidebar_id":"","_kad_post_content_style":"default","_kad_post_vertical_padding":"default","_kad_post_feature":"","_kad_post_feature_position":"","_kad_post_header":false,"_kad_post_footer":false,"_kad_post_classname":""},"product_brand":[],"product_cat":[48,115],"product_tag":[],"class_list":{"0":"post-19013","1":"product","2":"type-product","3":"status-publish","4":"has-post-thumbnail","6":"product_cat-iskandinav","7":"product_cat-makine-halilari","9":"first","10":"instock","11":"sale","12":"shipping-taxable","13":"purchasable","14":"product-type-variable","15":"entry","16":"content-bg","17":"loop-entry"},"jetpack_sharing_enabled":true,"_links":{"self":[{"href":"https:\/\/halizer.com\/index.php?rest_route=\/wp\/v2\/product\/19013","targetHints":{"allow":["GET"]}}],"collection":[{"href":"https:\/\/halizer.com\/index.php?rest_route=\/wp\/v2\/product"}],"about":[{"href":"https:\/\/halizer.com\/index.php?rest_route=\/wp\/v2\/types\/product"}],"replies":[{"embeddable":true,"href":"https:\/\/halizer.com\/index.php?rest_route=%2Fwp%2Fv2%2Fcomments&post=19013"}],"wp:featuredmedia":[{"embeddable":true,"href":"https:\/\/halizer.com\/index.php?rest_route=\/wp\/v2\/media\/19026"}],"wp:attachment":[{"href":"https:\/\/halizer.com\/index.php?rest_route=%2Fwp%2Fv2%2Fmedia&parent=19013"}],"wp:term":[{"taxonomy":"product_brand","embeddable":true,"href":"https:\/\/halizer.com\/index.php?rest_route=%2Fwp%2Fv2%2Fproduct_brand&post=19013"},{"taxonomy":"product_cat","embeddable":true,"href":"https:\/\/halizer.com\/index.php?rest_route=%2Fwp%2Fv2%2Fproduct_cat&post=19013"},{"taxonomy":"product_tag","embeddable":true,"href":"https:\/\/halizer.com\/index.php?rest_route=%2Fwp%2Fv2%2Fproduct_tag&post=19013"}],"curies":[{"name":"wp","href":"https:\/\/api.w.org\/{rel}","templated":true}]}}