{"id":19033,"date":"2024-12-29T10:51:15","date_gmt":"2024-12-29T10:51:15","guid":{"rendered":"https:\/\/halizer.com\/?post_type=product&#038;p=19033"},"modified":"2025-04-09T13:04:37","modified_gmt":"2025-04-09T13:04:37","slug":"karmen-hali-loop-lp006a","status":"publish","type":"product","link":"https:\/\/halizer.com\/?product=karmen-hali-loop-lp006a","title":{"rendered":"KARMEN HALI LOOP LP006A"},"content":{"rendered":"<h3><span data-darkreader-inline-color=\"\">Karmen Hal\u0131 Loop Lp006a Bej Hal\u0131 Dekoratif Sisal Bukle Tozsuz Antialerjik Modern Salon Hal\u0131s\u0131 Yatak Odas\u0131 Hal\u0131s\u0131<\/span><\/h3>\n<h4><span data-darkreader-inline-color=\"\">\u00dcr\u00fcn A\u00e7\u0131klamas\u0131<\/span><\/h4>\n<p><span data-darkreader-inline-color=\"\">Karmen Hal\u0131 Loop Lp006a, bej rengi ve \u015f\u0131k sisal bukle dokusu ile modern dekorasyonunuza uyum sa\u011flar. Tozsuz ve antialerjik \u00f6zellikleri sayesinde evinizde temiz ve sa\u011fl\u0131kl\u0131 bir ortam sunar. J\u00fct taban\u0131 sayesinde dayan\u0131kl\u0131 ve uzun \u00f6m\u00fcrl\u00fcd\u00fcr. Yatak odas\u0131 ve salon gibi farkl\u0131 alanlarda rahatl\u0131kla kullan\u0131labilir.<\/span><\/p>\n<h4><span data-darkreader-inline-color=\"\">\u00d6zellikler<\/span><\/h4>\n<ul>\n<li aria-level=\"1\"><span data-darkreader-inline-color=\"\">Malzeme:<\/span><span data-darkreader-inline-color=\"\"> Polyester, Pamuk<\/span><\/li>\n<li aria-level=\"1\"><span data-darkreader-inline-color=\"\">Taban Malzemesi:<\/span><span data-darkreader-inline-color=\"\"> J\u00fct<\/span><\/li>\n<li aria-level=\"1\"><span data-darkreader-inline-color=\"\">Hav Y\u00fcksekli\u011fi:<\/span><span data-darkreader-inline-color=\"\"> Cut Loop<\/span><\/li>\n<li aria-level=\"1\"><span data-darkreader-inline-color=\"\">M2 A\u011f\u0131rl\u0131\u011f\u0131:<\/span><span data-darkreader-inline-color=\"\"> 2400 gr\/m\u00b2 ( +\/- 200 gr )<\/span><\/li>\n<li aria-level=\"1\"><span data-darkreader-inline-color=\"\">Ek \u00d6zellikler:<\/span><span data-darkreader-inline-color=\"\"> Tozsuz, Antialerjik<\/span><\/li>\n<\/ul>\n<h4><span data-darkreader-inline-color=\"\">Neden Karmen Hal\u0131 Loop Lp006a?<\/span><\/h4>\n<ul>\n<li aria-level=\"1\"><span data-darkreader-inline-color=\"\">Modern Bej Tasar\u0131m:<\/span><span data-darkreader-inline-color=\"\"> \u015e\u0131k bej rengi, her i\u00e7 mekana s\u0131cakl\u0131k katar.<\/span><\/li>\n<li aria-level=\"1\"><span data-darkreader-inline-color=\"\">Antialerjik ve Tozsuz:<\/span><span data-darkreader-inline-color=\"\"> \u00d6zellikle alerjisi olanlar i\u00e7in ideal bir kullan\u0131m sa\u011flar.<\/span><\/li>\n<li aria-level=\"1\"><span data-darkreader-inline-color=\"\">Dayan\u0131kl\u0131 ve Uzun \u00d6m\u00fcrl\u00fc:<\/span><span data-darkreader-inline-color=\"\"> J\u00fct taban ile sa\u011flaml\u0131k ve dayan\u0131kl\u0131l\u0131k garantisi.<\/span><\/li>\n<li aria-level=\"1\"><span data-darkreader-inline-color=\"\">\u00c7e\u015fitli Kullan\u0131m Alanlar\u0131:<\/span><span data-darkreader-inline-color=\"\"> Salon ve yatak odas\u0131 gibi bir\u00e7ok mekanda rahatl\u0131kla kullan\u0131labilir.<\/span><\/li>\n<\/ul>\n<h4><span data-darkreader-inline-color=\"\">Dikkat Edilmesi Gerekenler<\/span><\/h4>\n<p><span data-darkreader-inline-color=\"\">Do\u011fal elyaf ve pamuk atk\u0131 kullan\u0131m\u0131ndan dolay\u0131 %3 oran\u0131nda \u00e7ekme olabilir. Ayr\u0131ca tekstil \u00fcr\u00fcnlerinde ipliklerin boyanmas\u0131ndan dolay\u0131 k\u00fc\u00e7\u00fck renk farkl\u0131l\u0131klar\u0131 meydana gelebilir.<\/span><\/p>\n<p><span data-darkreader-inline-color=\"\">Karmen Hal\u0131 Loop Lp006a ile evinizin her k\u00f6\u015fesine zarif bir dokunu\u015f kat\u0131n!<\/span><\/p>\n","protected":false},"excerpt":{"rendered":"<p>Karmen Hal\u0131 Loop Lp006a Bej Hal\u0131 Dekoratif Sisal Bukle Tozsuz Antialerjik Modern Salon Hal\u0131s\u0131 Yatak Odas\u0131 Hal\u0131s\u0131 \u00dcr\u00fcn A\u00e7\u0131klamas\u0131 Karmen Hal\u0131 Loop Lp006a, bej rengi ve \u015f\u0131k sisal bukle dokusu ile modern dekorasyonunuza uyum sa\u011flar. Tozsuz ve antialerjik \u00f6zellikleri sayesinde evinizde temiz ve sa\u011fl\u0131kl\u0131 bir ortam sunar. J\u00fct taban\u0131 sayesinde dayan\u0131kl\u0131 ve uzun \u00f6m\u00fcrl\u00fcd\u00fcr. Yatak&#8230;<\/p>\n","protected":false},"featured_media":19048,"comment_status":"open","ping_status":"closed","template":"","meta":{"_kadence_starter_templates_imported_post":false,"_kad_post_transparent":"default","_kad_post_title":"","_kad_post_layout":"default","_kad_post_sidebar_id":"","_kad_post_content_style":"default","_kad_post_vertical_padding":"default","_kad_post_feature":"","_kad_post_feature_position":"","_kad_post_header":false,"_kad_post_footer":false,"_kad_post_classname":""},"product_brand":[],"product_cat":[48,115],"product_tag":[],"class_list":{"0":"post-19033","1":"product","2":"type-product","3":"status-publish","4":"has-post-thumbnail","6":"product_cat-iskandinav","7":"product_cat-makine-halilari","9":"first","10":"instock","11":"sale","12":"shipping-taxable","13":"purchasable","14":"product-type-variable","15":"entry","16":"content-bg","17":"loop-entry"},"jetpack_sharing_enabled":true,"_links":{"self":[{"href":"https:\/\/halizer.com\/index.php?rest_route=\/wp\/v2\/product\/19033","targetHints":{"allow":["GET"]}}],"collection":[{"href":"https:\/\/halizer.com\/index.php?rest_route=\/wp\/v2\/product"}],"about":[{"href":"https:\/\/halizer.com\/index.php?rest_route=\/wp\/v2\/types\/product"}],"replies":[{"embeddable":true,"href":"https:\/\/halizer.com\/index.php?rest_route=%2Fwp%2Fv2%2Fcomments&post=19033"}],"wp:featuredmedia":[{"embeddable":true,"href":"https:\/\/halizer.com\/index.php?rest_route=\/wp\/v2\/media\/19048"}],"wp:attachment":[{"href":"https:\/\/halizer.com\/index.php?rest_route=%2Fwp%2Fv2%2Fmedia&parent=19033"}],"wp:term":[{"taxonomy":"product_brand","embeddable":true,"href":"https:\/\/halizer.com\/index.php?rest_route=%2Fwp%2Fv2%2Fproduct_brand&post=19033"},{"taxonomy":"product_cat","embeddable":true,"href":"https:\/\/halizer.com\/index.php?rest_route=%2Fwp%2Fv2%2Fproduct_cat&post=19033"},{"taxonomy":"product_tag","embeddable":true,"href":"https:\/\/halizer.com\/index.php?rest_route=%2Fwp%2Fv2%2Fproduct_tag&post=19033"}],"curies":[{"name":"wp","href":"https:\/\/api.w.org\/{rel}","templated":true}]}}