{"id":19366,"date":"2025-01-02T08:36:39","date_gmt":"2025-01-02T08:36:39","guid":{"rendered":"https:\/\/halizer.com\/?post_type=product&#038;p=19366"},"modified":"2025-03-07T10:55:34","modified_gmt":"2025-03-07T10:55:34","slug":"karmen-hali-tokyo-1753","status":"publish","type":"product","link":"https:\/\/halizer.com\/?product=karmen-hali-tokyo-1753","title":{"rendered":"KARMEN HALI TOKYO 1753"},"content":{"rendered":"<h3><span data-darkreader-inline-color=\"\">Teknik \u00d6zellikler<\/span><\/h3>\n<ul>\n<li aria-level=\"1\"><span data-darkreader-inline-color=\"\">Malzeme:<\/span><span data-darkreader-inline-color=\"\"> Triko Akrilik, Pamuk<\/span><\/li>\n<li aria-level=\"1\"><span data-darkreader-inline-color=\"\">Taban Malzemesi:<\/span><span data-darkreader-inline-color=\"\"> Pamuk<\/span><\/li>\n<li aria-level=\"1\"><span data-darkreader-inline-color=\"\">Hav Y\u00fcksekli\u011fi:<\/span><span data-darkreader-inline-color=\"\"> 9 mm (\u00b11 mm)<\/span><\/li>\n<li aria-level=\"1\"><span data-darkreader-inline-color=\"\">M\u00b2 A\u011f\u0131rl\u0131\u011f\u0131:<\/span><span data-darkreader-inline-color=\"\"> 2400 gr\/m\u00b2 (\u00b1200 gr)<\/span><\/li>\n<li aria-level=\"1\"><span data-darkreader-inline-color=\"\">Ek \u00d6zellikler:<\/span><span data-darkreader-inline-color=\"\"> Tozu Az, Kaymaz Taban<\/span><\/li>\n<\/ul>\n<h3><span data-darkreader-inline-color=\"\">\u00a0Neden Bu Hal\u0131y\u0131 Se\u00e7melisiniz?<\/span><\/h3>\n<ul>\n<li aria-level=\"1\"><span data-darkreader-inline-color=\"\">Geometrik Desenli Modern Tasar\u0131m:<\/span><span data-darkreader-inline-color=\"\"> Gri ve antrasit tonlar\u0131n\u0131n uyumuyla modern ve estetik bir g\u00f6r\u00fcn\u00fcm sunar.<\/span><\/li>\n<li aria-level=\"1\"><span data-darkreader-inline-color=\"\">Kaymaz Taban:<\/span><span data-darkreader-inline-color=\"\"> G\u00fcvenli ve stabil bir kullan\u0131m sa\u011flar, kayma riskini azalt\u0131r.<\/span><\/li>\n<li aria-level=\"1\"><span data-darkreader-inline-color=\"\">Toz Tutmaz:<\/span><span data-darkreader-inline-color=\"\"> Toz yapmayan yap\u0131s\u0131 ile kolay temizlenir ve hijyen sa\u011flar.<\/span><\/li>\n<li aria-level=\"1\"><span data-darkreader-inline-color=\"\">Konfor ve Dayan\u0131kl\u0131l\u0131k:<\/span><span data-darkreader-inline-color=\"\"> 9 mm hav y\u00fcksekli\u011fi ile hem rahat hem de dayan\u0131kl\u0131 bir kullan\u0131m sunar.<\/span><\/li>\n<li aria-level=\"1\"><span data-darkreader-inline-color=\"\">\u00c7ok Y\u00f6nl\u00fc Kullan\u0131m:<\/span><span data-darkreader-inline-color=\"\"> Salon ve koridor gibi alanlarda modern bir atmosfer yarat\u0131r ve i\u015flevsel bir \u00e7\u00f6z\u00fcm sunar.<\/span><\/li>\n<\/ul>\n<h3><span data-darkreader-inline-color=\"\">\u00a0Dikkat Edilmesi Gerekenler<\/span><\/h3>\n<ul>\n<li aria-level=\"1\"><span data-darkreader-inline-color=\"\">\u00dcr\u00fcnlerimizde do\u011fal elyaf ve pamuk atk\u0131 kullan\u0131ld\u0131\u011f\u0131 i\u00e7in %3 oran\u0131nda \u00e7ekme olabilir.<\/span><\/li>\n<li aria-level=\"1\"><span data-darkreader-inline-color=\"\">Tekstil \u00fcr\u00fcnlerinde ipliklerin boyanmas\u0131ndan dolay\u0131 \u00fcr\u00fcnler aras\u0131nda k\u00fc\u00e7\u00fck renk (lot) farklar\u0131 olu\u015fabilir.<\/span><\/li>\n<\/ul>\n","protected":false},"excerpt":{"rendered":"<p>Teknik \u00d6zellikler Malzeme: Triko Akrilik, Pamuk Taban Malzemesi: Pamuk Hav Y\u00fcksekli\u011fi: 9 mm (\u00b11 mm) M\u00b2 A\u011f\u0131rl\u0131\u011f\u0131: 2400 gr\/m\u00b2 (\u00b1200 gr) Ek \u00d6zellikler: Tozu Az, Kaymaz Taban \u00a0Neden Bu Hal\u0131y\u0131 Se\u00e7melisiniz? Geometrik Desenli Modern Tasar\u0131m: Gri ve antrasit tonlar\u0131n\u0131n uyumuyla modern ve estetik bir g\u00f6r\u00fcn\u00fcm sunar. Kaymaz Taban: G\u00fcvenli ve stabil bir kullan\u0131m sa\u011flar, kayma&#8230;<\/p>\n","protected":false},"featured_media":19378,"comment_status":"open","ping_status":"closed","template":"","meta":{"_kadence_starter_templates_imported_post":false,"_kad_post_transparent":"default","_kad_post_title":"","_kad_post_layout":"default","_kad_post_sidebar_id":"","_kad_post_content_style":"default","_kad_post_vertical_padding":"default","_kad_post_feature":"","_kad_post_feature_position":"","_kad_post_header":false,"_kad_post_footer":false,"_kad_post_classname":""},"product_brand":[],"product_cat":[115],"product_tag":[],"class_list":{"0":"post-19366","1":"product","2":"type-product","3":"status-publish","4":"has-post-thumbnail","6":"product_cat-makine-halilari","8":"first","9":"instock","10":"sale","11":"shipping-taxable","12":"purchasable","13":"product-type-variable","14":"entry","15":"content-bg","16":"loop-entry"},"jetpack_sharing_enabled":true,"_links":{"self":[{"href":"https:\/\/halizer.com\/index.php?rest_route=\/wp\/v2\/product\/19366","targetHints":{"allow":["GET"]}}],"collection":[{"href":"https:\/\/halizer.com\/index.php?rest_route=\/wp\/v2\/product"}],"about":[{"href":"https:\/\/halizer.com\/index.php?rest_route=\/wp\/v2\/types\/product"}],"replies":[{"embeddable":true,"href":"https:\/\/halizer.com\/index.php?rest_route=%2Fwp%2Fv2%2Fcomments&post=19366"}],"wp:featuredmedia":[{"embeddable":true,"href":"https:\/\/halizer.com\/index.php?rest_route=\/wp\/v2\/media\/19378"}],"wp:attachment":[{"href":"https:\/\/halizer.com\/index.php?rest_route=%2Fwp%2Fv2%2Fmedia&parent=19366"}],"wp:term":[{"taxonomy":"product_brand","embeddable":true,"href":"https:\/\/halizer.com\/index.php?rest_route=%2Fwp%2Fv2%2Fproduct_brand&post=19366"},{"taxonomy":"product_cat","embeddable":true,"href":"https:\/\/halizer.com\/index.php?rest_route=%2Fwp%2Fv2%2Fproduct_cat&post=19366"},{"taxonomy":"product_tag","embeddable":true,"href":"https:\/\/halizer.com\/index.php?rest_route=%2Fwp%2Fv2%2Fproduct_tag&post=19366"}],"curies":[{"name":"wp","href":"https:\/\/api.w.org\/{rel}","templated":true}]}}