{"id":19382,"date":"2025-01-02T08:48:21","date_gmt":"2025-01-02T08:48:21","guid":{"rendered":"https:\/\/halizer.com\/?post_type=product&#038;p=19382"},"modified":"2025-03-07T10:33:51","modified_gmt":"2025-03-07T10:33:51","slug":"karmen-hali-tokyo-1754","status":"publish","type":"product","link":"https:\/\/halizer.com\/?product=karmen-hali-tokyo-1754","title":{"rendered":"KARMEN HALI TOKYO 1754"},"content":{"rendered":"<h2><span data-darkreader-inline-color=\"\">Karmen Hal\u0131 Tokyo 1754 Bej Hal\u0131 Kahverengi Detayl\u0131 Geometrik Desen Modern Akrilik Hal\u0131 Kaymaz Taban Tozuaz<\/span><\/h2>\n<h3><span data-darkreader-inline-color=\"\">\u00a0\u00dcr\u00fcn Genel Bak\u0131\u015f<\/span><\/h3>\n<p><span data-darkreader-inline-color=\"\">Karmen Hal\u0131 Tokyo 1754, bej ve kahverengi tonlar\u0131n\u0131n modern geometrik desenlerle bulu\u015ftu\u011fu \u015f\u0131k bir hal\u0131d\u0131r. Triko akrilik ve pamuk kar\u0131\u015f\u0131m\u0131 malzemesi ile dayan\u0131kl\u0131 ve konforlu olan bu hal\u0131, kaymaz taban\u0131 sayesinde g\u00fcvenli kullan\u0131m sa\u011flar. 9 mm hav y\u00fcksekli\u011fi ile yumu\u015fak bir doku sunarken, 2400 gr\/m\u00b2 a\u011f\u0131rl\u0131\u011f\u0131 ile kaliteli bir duru\u015f sergiler. Toz yapmayan yap\u0131s\u0131, bu hal\u0131n\u0131n kolayca temizlenmesini ve uzun \u00f6m\u00fcrl\u00fc olmas\u0131n\u0131 sa\u011flar.<\/span><\/p>\n<h3><span data-darkreader-inline-color=\"\">\u00a0Teknik \u00d6zellikler<\/span><\/h3>\n<ul>\n<li aria-level=\"1\"><span data-darkreader-inline-color=\"\">Malzeme:<\/span><span data-darkreader-inline-color=\"\"> Triko Akrilik, Pamuk<\/span><\/li>\n<li aria-level=\"1\"><span data-darkreader-inline-color=\"\">Taban Malzemesi:<\/span><span data-darkreader-inline-color=\"\"> Pamuk<\/span><\/li>\n<li aria-level=\"1\"><span data-darkreader-inline-color=\"\">Hav Y\u00fcksekli\u011fi:<\/span><span data-darkreader-inline-color=\"\"> 9 mm (\u00b11 mm)<\/span><\/li>\n<li aria-level=\"1\"><span data-darkreader-inline-color=\"\">M\u00b2 A\u011f\u0131rl\u0131\u011f\u0131:<\/span><span data-darkreader-inline-color=\"\"> 2400 gr\/m\u00b2 (\u00b1200 gr)<\/span><\/li>\n<li aria-level=\"1\"><span data-darkreader-inline-color=\"\">Ek \u00d6zellikler:<\/span><span data-darkreader-inline-color=\"\"> Tozu Az, Kaymaz Taban<\/span><\/li>\n<\/ul>\n<h3><span data-darkreader-inline-color=\"\">\u00a0Neden Bu Hal\u0131y\u0131 Se\u00e7melisiniz?<\/span><\/h3>\n<ul>\n<li aria-level=\"1\"><span data-darkreader-inline-color=\"\">Modern Geometrik Desen:<\/span><span data-darkreader-inline-color=\"\"> Bej ve kahverengi detaylarla modern bir geometrik desen sunarak evinize \u015f\u0131kl\u0131k katar.<\/span><\/li>\n<li aria-level=\"1\"><span data-darkreader-inline-color=\"\">Kaymaz Taban:<\/span><span data-darkreader-inline-color=\"\"> G\u00fcvenli ve sabit duru\u015f sa\u011flayan kaymaz taban ile her alanda kullan\u0131ma uygundur.<\/span><\/li>\n<li aria-level=\"1\"><span data-darkreader-inline-color=\"\">Toz Tutmaz:<\/span><span data-darkreader-inline-color=\"\"> Toz yapmayan yap\u0131s\u0131 ile temizli\u011fi kolayd\u0131r ve hijyenik bir ortam sa\u011flar.<\/span><\/li>\n<li aria-level=\"1\"><span data-darkreader-inline-color=\"\">Konfor ve Dayan\u0131kl\u0131l\u0131k:<\/span><span data-darkreader-inline-color=\"\"> 9 mm hav y\u00fcksekli\u011fi ile yumu\u015fak bir dokunu\u015f sunar, dayan\u0131kl\u0131 yap\u0131s\u0131 uzun s\u00fcreli kullan\u0131m i\u00e7in idealdir.<\/span><\/li>\n<li aria-level=\"1\"><span data-darkreader-inline-color=\"\">\u00c7ok Y\u00f6nl\u00fc Kullan\u0131m:<\/span><span data-darkreader-inline-color=\"\"> Salon, koridor veya yatak odas\u0131nda estetik ve fonksiyonel bir \u00e7\u00f6z\u00fcm sunar.<\/span><\/li>\n<\/ul>\n<h3><span data-darkreader-inline-color=\"\">\u00a0Dikkat Edilmesi Gerekenler<\/span><\/h3>\n<ul>\n<li aria-level=\"1\"><span data-darkreader-inline-color=\"\">\u00dcr\u00fcnlerimizde do\u011fal elyaf ve pamuk atk\u0131 kullan\u0131ld\u0131\u011f\u0131 i\u00e7in %3 oran\u0131nda \u00e7ekme olabilir.<\/span><\/li>\n<li aria-level=\"1\"><span data-darkreader-inline-color=\"\">Tekstil \u00fcr\u00fcnlerinde ipliklerin boyanmas\u0131ndan dolay\u0131 \u00fcr\u00fcnler aras\u0131nda k\u00fc\u00e7\u00fck renk (lot) farklar\u0131 olu\u015fabilir.<\/span><\/li>\n<\/ul>\n<p><span data-darkreader-inline-color=\"\">Karmen Hal\u0131 Tokyo 1754, modern geometrik deseni ve toz tutmayan yap\u0131s\u0131 ile hem estetik hem de fonksiyonel bir hal\u0131d\u0131r. Kaymaz taban\u0131 ve yumu\u015fak dokusu sayesinde evinizin her alan\u0131nda m\u00fckemmel bir se\u00e7im olacakt\u0131r.<\/span><\/p>\n","protected":false},"excerpt":{"rendered":"<p>Karmen Hal\u0131 Tokyo 1754 Bej Hal\u0131 Kahverengi Detayl\u0131 Geometrik Desen Modern Akrilik Hal\u0131 Kaymaz Taban Tozuaz \u00a0\u00dcr\u00fcn Genel Bak\u0131\u015f Karmen Hal\u0131 Tokyo 1754, bej ve kahverengi tonlar\u0131n\u0131n modern geometrik desenlerle bulu\u015ftu\u011fu \u015f\u0131k bir hal\u0131d\u0131r. Triko akrilik ve pamuk kar\u0131\u015f\u0131m\u0131 malzemesi ile dayan\u0131kl\u0131 ve konforlu olan bu hal\u0131, kaymaz taban\u0131 sayesinde g\u00fcvenli kullan\u0131m sa\u011flar. 9 mm&#8230;<\/p>\n","protected":false},"featured_media":19394,"comment_status":"open","ping_status":"closed","template":"","meta":{"_kadence_starter_templates_imported_post":false,"_kad_post_transparent":"default","_kad_post_title":"","_kad_post_layout":"default","_kad_post_sidebar_id":"","_kad_post_content_style":"default","_kad_post_vertical_padding":"default","_kad_post_feature":"","_kad_post_feature_position":"","_kad_post_header":false,"_kad_post_footer":false,"_kad_post_classname":""},"product_brand":[],"product_cat":[115],"product_tag":[],"class_list":{"0":"post-19382","1":"product","2":"type-product","3":"status-publish","4":"has-post-thumbnail","6":"product_cat-makine-halilari","8":"first","9":"instock","10":"sale","11":"shipping-taxable","12":"purchasable","13":"product-type-variable","14":"entry","15":"content-bg","16":"loop-entry"},"jetpack_sharing_enabled":true,"_links":{"self":[{"href":"https:\/\/halizer.com\/index.php?rest_route=\/wp\/v2\/product\/19382","targetHints":{"allow":["GET"]}}],"collection":[{"href":"https:\/\/halizer.com\/index.php?rest_route=\/wp\/v2\/product"}],"about":[{"href":"https:\/\/halizer.com\/index.php?rest_route=\/wp\/v2\/types\/product"}],"replies":[{"embeddable":true,"href":"https:\/\/halizer.com\/index.php?rest_route=%2Fwp%2Fv2%2Fcomments&post=19382"}],"wp:featuredmedia":[{"embeddable":true,"href":"https:\/\/halizer.com\/index.php?rest_route=\/wp\/v2\/media\/19394"}],"wp:attachment":[{"href":"https:\/\/halizer.com\/index.php?rest_route=%2Fwp%2Fv2%2Fmedia&parent=19382"}],"wp:term":[{"taxonomy":"product_brand","embeddable":true,"href":"https:\/\/halizer.com\/index.php?rest_route=%2Fwp%2Fv2%2Fproduct_brand&post=19382"},{"taxonomy":"product_cat","embeddable":true,"href":"https:\/\/halizer.com\/index.php?rest_route=%2Fwp%2Fv2%2Fproduct_cat&post=19382"},{"taxonomy":"product_tag","embeddable":true,"href":"https:\/\/halizer.com\/index.php?rest_route=%2Fwp%2Fv2%2Fproduct_tag&post=19382"}],"curies":[{"name":"wp","href":"https:\/\/api.w.org\/{rel}","templated":true}]}}