{"id":19513,"date":"2025-01-02T09:51:35","date_gmt":"2025-01-02T09:51:35","guid":{"rendered":"https:\/\/halizer.com\/?post_type=product&#038;p=19513"},"modified":"2025-03-07T09:39:48","modified_gmt":"2025-03-07T09:39:48","slug":"karmen-hali-tokyo-tk003k","status":"publish","type":"product","link":"https:\/\/halizer.com\/?product=karmen-hali-tokyo-tk003k","title":{"rendered":"KARMEN HALI TOKYO TK003K"},"content":{"rendered":"<h2><span data-darkreader-inline-color=\"\">Karmen Hal\u0131 Tokyo Tk003k Bej Hal\u0131 Kiremit Detayl\u0131 Modern Akrilik Hal\u0131 Kaymaz Taban Tozuaz Salon Hal\u0131s\u0131 Koridor<\/span><\/h2>\n<h3><span data-darkreader-inline-color=\"\">\u00a0\u00dcr\u00fcn Genel Bak\u0131\u015f<\/span><\/h3>\n<p><span data-darkreader-inline-color=\"\">Karmen Hal\u0131 Tokyo Tk003k, bej zemin \u00fczerine kiremit detaylarla modern bir tasar\u0131ma sahip, \u015f\u0131k ve i\u015flevsel bir hal\u0131d\u0131r. Triko akrilik ve pamuk malzemelerle \u00fcretilen bu hal\u0131, salon ve koridor gibi alanlarda m\u00fckemmel bir tercih sunar. 9 mm hav y\u00fcksekli\u011fi ve 2400 gr\/m\u00b2 a\u011f\u0131rl\u0131\u011f\u0131 ile rahat ve dayan\u0131kl\u0131 bir yap\u0131 sunarken, kaymaz taban\u0131 sayesinde g\u00fcvenli bir kullan\u0131m sa\u011flar. Toz tutmayan \u00f6zelli\u011fi sayesinde hijyenik ve temiz bir ortam sa\u011flar.<\/span><\/p>\n<h3><span data-darkreader-inline-color=\"\">\u00a0Teknik \u00d6zellikler<\/span><\/h3>\n<ul>\n<li aria-level=\"1\"><span data-darkreader-inline-color=\"\">Malzeme:<\/span><span data-darkreader-inline-color=\"\"> Triko Akrilik, Pamuk<\/span><\/li>\n<li aria-level=\"1\"><span data-darkreader-inline-color=\"\">Taban Malzemesi:<\/span><span data-darkreader-inline-color=\"\"> Pamuk<\/span><\/li>\n<li aria-level=\"1\"><span data-darkreader-inline-color=\"\">Hav Y\u00fcksekli\u011fi:<\/span><span data-darkreader-inline-color=\"\"> 9 mm (\u00b11 mm)<\/span><\/li>\n<li aria-level=\"1\"><span data-darkreader-inline-color=\"\">M\u00b2 A\u011f\u0131rl\u0131\u011f\u0131:<\/span><span data-darkreader-inline-color=\"\"> 2400 gr\/m\u00b2 (\u00b1200 gr)<\/span><\/li>\n<li aria-level=\"1\"><span data-darkreader-inline-color=\"\">Ek \u00d6zellikler:<\/span><span data-darkreader-inline-color=\"\"> Tozu Az, Kaymaz Taban<\/span><\/li>\n<\/ul>\n<h3><span data-darkreader-inline-color=\"\">\u00a0Neden Bu Hal\u0131y\u0131 Se\u00e7melisiniz?<\/span><\/h3>\n<ul>\n<li aria-level=\"1\"><span data-darkreader-inline-color=\"\">Kiremit Detayl\u0131 Modern Tasar\u0131m:<\/span><span data-darkreader-inline-color=\"\"> Bej ve kiremit renklerinin kombinasyonu ile ya\u015fam alan\u0131n\u0131za s\u0131cakl\u0131k ve zarafet kat\u0131n.<\/span><\/li>\n<li aria-level=\"1\"><span data-darkreader-inline-color=\"\">Kaymaz Taban:<\/span><span data-darkreader-inline-color=\"\"> G\u00fcvenli bir kullan\u0131m sunarak kayma riskini azalt\u0131r.<\/span><\/li>\n<li aria-level=\"1\"><span data-darkreader-inline-color=\"\">Toz Tutmaz:<\/span><span data-darkreader-inline-color=\"\"> Toz yapmayan yap\u0131s\u0131 ile kolay temizlenir ve hijyenik bir kullan\u0131m sa\u011flar.<\/span><\/li>\n<li aria-level=\"1\"><span data-darkreader-inline-color=\"\">Konforlu ve Dayan\u0131kl\u0131:<\/span><span data-darkreader-inline-color=\"\"> 9 mm hav y\u00fcksekli\u011fi ile yumu\u015fak dokusu ve dayan\u0131kl\u0131l\u0131\u011f\u0131 sayesinde uzun \u00f6m\u00fcrl\u00fc bir kullan\u0131m sunar.<\/span><\/li>\n<li aria-level=\"1\"><span data-darkreader-inline-color=\"\">\u00c7ok Y\u00f6nl\u00fc Kullan\u0131m:<\/span><span data-darkreader-inline-color=\"\"> Salon ve koridor gibi alanlarda estetik bir \u00e7\u00f6z\u00fcm sunarak fonksiyonel bir hal\u0131 se\u00e7ene\u011fi sunar.<\/span><\/li>\n<\/ul>\n<h3><span data-darkreader-inline-color=\"\">\u00a0Dikkat Edilmesi Gerekenler<\/span><\/h3>\n<ul>\n<li aria-level=\"1\"><span data-darkreader-inline-color=\"\">\u00dcr\u00fcnlerimizde do\u011fal elyaf ve pamuk atk\u0131 kullan\u0131ld\u0131\u011f\u0131 i\u00e7in %3 oran\u0131nda \u00e7ekme olabilir.<\/span><\/li>\n<li aria-level=\"1\"><span data-darkreader-inline-color=\"\">Tekstil \u00fcr\u00fcnlerinde ipliklerin boyanmas\u0131ndan dolay\u0131 \u00fcr\u00fcnler aras\u0131nda k\u00fc\u00e7\u00fck renk (lot) farklar\u0131 olu\u015fabilir.<\/span><\/li>\n<\/ul>\n<p><span data-darkreader-inline-color=\"\">Karmen Hal\u0131 Tokyo Tk003k, kiremit detaylar\u0131 ve modern tasar\u0131m\u0131 ile ya\u015fam alanlar\u0131n\u0131za s\u0131cak bir dokunu\u015f sa\u011flar. Kaymaz taban\u0131 ve toz tutmayan yap\u0131s\u0131 ile hem estetik hem de pratik bir tercihtir.<\/span><\/p>\n","protected":false},"excerpt":{"rendered":"<p>Karmen Hal\u0131 Tokyo Tk003k Bej Hal\u0131 Kiremit Detayl\u0131 Modern Akrilik Hal\u0131 Kaymaz Taban Tozuaz Salon Hal\u0131s\u0131 Koridor \u00a0\u00dcr\u00fcn Genel Bak\u0131\u015f Karmen Hal\u0131 Tokyo Tk003k, bej zemin \u00fczerine kiremit detaylarla modern bir tasar\u0131ma sahip, \u015f\u0131k ve i\u015flevsel bir hal\u0131d\u0131r. Triko akrilik ve pamuk malzemelerle \u00fcretilen bu hal\u0131, salon ve koridor gibi alanlarda m\u00fckemmel bir tercih sunar&#8230;.<\/p>\n","protected":false},"featured_media":19512,"comment_status":"open","ping_status":"closed","template":"","meta":{"_kadence_starter_templates_imported_post":false,"_kad_post_transparent":"default","_kad_post_title":"","_kad_post_layout":"default","_kad_post_sidebar_id":"","_kad_post_content_style":"default","_kad_post_vertical_padding":"default","_kad_post_feature":"","_kad_post_feature_position":"","_kad_post_header":false,"_kad_post_footer":false,"_kad_post_classname":""},"product_brand":[],"product_cat":[115],"product_tag":[],"class_list":{"0":"post-19513","1":"product","2":"type-product","3":"status-publish","4":"has-post-thumbnail","6":"product_cat-makine-halilari","8":"first","9":"outofstock","10":"sale","11":"shipping-taxable","12":"purchasable","13":"product-type-variable","14":"entry","15":"content-bg","16":"loop-entry"},"jetpack_sharing_enabled":true,"_links":{"self":[{"href":"https:\/\/halizer.com\/index.php?rest_route=\/wp\/v2\/product\/19513","targetHints":{"allow":["GET"]}}],"collection":[{"href":"https:\/\/halizer.com\/index.php?rest_route=\/wp\/v2\/product"}],"about":[{"href":"https:\/\/halizer.com\/index.php?rest_route=\/wp\/v2\/types\/product"}],"replies":[{"embeddable":true,"href":"https:\/\/halizer.com\/index.php?rest_route=%2Fwp%2Fv2%2Fcomments&post=19513"}],"wp:featuredmedia":[{"embeddable":true,"href":"https:\/\/halizer.com\/index.php?rest_route=\/wp\/v2\/media\/19512"}],"wp:attachment":[{"href":"https:\/\/halizer.com\/index.php?rest_route=%2Fwp%2Fv2%2Fmedia&parent=19513"}],"wp:term":[{"taxonomy":"product_brand","embeddable":true,"href":"https:\/\/halizer.com\/index.php?rest_route=%2Fwp%2Fv2%2Fproduct_brand&post=19513"},{"taxonomy":"product_cat","embeddable":true,"href":"https:\/\/halizer.com\/index.php?rest_route=%2Fwp%2Fv2%2Fproduct_cat&post=19513"},{"taxonomy":"product_tag","embeddable":true,"href":"https:\/\/halizer.com\/index.php?rest_route=%2Fwp%2Fv2%2Fproduct_tag&post=19513"}],"curies":[{"name":"wp","href":"https:\/\/api.w.org\/{rel}","templated":true}]}}