{"id":19719,"date":"2025-01-02T13:28:49","date_gmt":"2025-01-02T13:28:49","guid":{"rendered":"https:\/\/halizer.com\/?post_type=product&#038;p=19719"},"modified":"2025-01-02T13:31:30","modified_gmt":"2025-01-02T13:31:30","slug":"merinos-therapy-34665-030","status":"publish","type":"product","link":"https:\/\/halizer.com\/?product=merinos-therapy-34665-030","title":{"rendered":"MER\u0130NOS THERAPY 34665 030"},"content":{"rendered":"<p dir=\"ltr\"><strong>Merinos Therapy\u00a0<\/strong><\/p>\n<h3 class=\"detail_head\">34665 030<\/h3>\n<div class=\"yeni_div\"><\/div>\n<div class=\"yeni_div\"><\/div>\n<div class=\"yeni_div\"><\/div>\n<div class=\"detail_div\"><\/div>\n<div class=\"detail_div\"><\/div>\n<div class=\"yeni_div\"><\/div>\n<div class=\"yeni_div\"><\/div>\n<div class=\"yeni_div\"><\/div>\n<p dir=\"ltr\"><strong>\u00a0Modern Akrilik Salon Hal\u0131s\u0131<\/strong>, size m\u00fckemmel bir ev ortam\u0131 i\u00e7in en iyi hal\u0131 se\u00e7eneklerinden birini sunar. %100 y\u00fcksek kaliteli Akrilik ipliklerden dokunmu\u015ftur ve standart \u00f6l\u00e7\u00fclerde \u00fcretilmi\u015ftir. Akrilik iplikler sayesinde, yumu\u015fak, rahat ve parlak bir dokuya sahiptir. Renkleriyle farkl\u0131 dekorasyon stillerine uyum sa\u011flar. Uzun s\u00fcreli kullan\u0131ma uygun olarak tasarlanm\u0131\u015ft\u0131r. Ayn\u0131 zamanda, yumu\u015fak dokusu sayesinde ayaklar\u0131n\u0131zda yumu\u015fak bir dokunu\u015f hissi olu\u015fturarak, g\u00fcn\u00fcn yorgunlu\u011funu atman\u0131za yard\u0131mc\u0131 olur.\u00a0<strong>Merinos Therapy Koleksiyonu<\/strong>\u00a0ile odan\u0131z\u0131n eksik kalan par\u00e7as\u0131n\u0131 tamamlay\u0131n!<\/p>\n<p>Hal\u0131 \u00fczerinde zamanla olu\u015fan tozlar\u0131n \u0131plik (hav) aralar\u0131na girmesini engellemek \u0131\u00e7in belirli aral\u0131klarla elektrik s\u00fcp\u00fcrgesi \u0131le s\u00fcp\u00fcr\u00fclmelidir.<\/p>\n<ul>\n<li>Elektrik s\u00fcp\u00fcrgesi \u0131le \u0131pliklerin (havlar\u0131n) yat\u0131\u015f y\u00f6n\u00fcne do\u011fru yava\u015f\u00e7a s\u00fcp\u00fcr\u00fcn\u00fcz.<\/li>\n<li>Kesinlikle \u00e7\u0131rpma, sert bir cisimle d\u00f6vme \u0131\u015flemi yapmay\u0131n\u0131z.<\/li>\n<li>Uzun s\u00fcre g\u00fcne\u015f \u0131\u015f\u0131\u011f\u0131nda b\u0131rakmay\u0131n\u0131z. Rutubetten koruyunuz.<\/li>\n<li>Temizlik an\u0131nda asla lekenin \u00fczerine bast\u0131rarak ovmay\u0131n\u0131z. Bu lekenin hal\u0131n\u0131n \u0131\u00e7ine daha fazla \u0131\u015flemesine neden olacakt\u0131r.<\/li>\n<li>Hal\u0131 temizli\u011fi s\u0131ras\u0131nda fazla su ve \u015fampuan kullan\u0131m\u0131ndan ka\u00e7\u0131n\u0131lmal\u0131d\u0131r.<\/li>\n<li>Hal\u0131n\u0131zdan \u0131lmik \u00e7ekmeyin, \u00e7\u0131km\u0131\u015f olan \u0131lmikleri hal\u0131 y\u00fczeyinden kesiniz.<\/li>\n<\/ul>\n<p dir=\"ltr\">Hav y\u00fcksekli\u011fi 11 mm olup, \u0130lmek ucu s\u0131kl\u0131\u011f\u0131 720.000 \/ m2 \u2018dir.<\/p>\n<p dir=\"ltr\">Therapy koleksiyonunda pamuk atk\u0131 kullan\u0131ld\u0131\u011f\u0131ndan \u00f6l\u00e7\u00fclerde %1 ile %5 aras\u0131nda de\u011fi\u015fim olabilir.<\/p>\n<p dir=\"ltr\">Hal\u0131lar\u0131m\u0131z\u0131 ger\u00e7ek renklerini yans\u0131tacak \u015fekilde foto\u011fraflarda kaliteli \u00e7ekim ile aktarmaya \u00e7al\u0131\u015f\u0131yoruz. Ekran\u0131n\u0131zdan kaynakl\u0131 olarak hal\u0131 renginde k\u00fc\u00e7\u00fck farkl\u0131l\u0131klar olabilir.<\/p>\n<div class=\"detail_div\"><\/div>\n","protected":false},"excerpt":{"rendered":"<p>Merinos Therapy\u00a0 34665 030 \u00a0Modern Akrilik Salon Hal\u0131s\u0131, size m\u00fckemmel bir ev ortam\u0131 i\u00e7in en iyi hal\u0131 se\u00e7eneklerinden birini sunar. %100 y\u00fcksek kaliteli Akrilik ipliklerden dokunmu\u015ftur ve standart \u00f6l\u00e7\u00fclerde \u00fcretilmi\u015ftir. Akrilik iplikler sayesinde, yumu\u015fak, rahat ve parlak bir dokuya sahiptir. Renkleriyle farkl\u0131 dekorasyon stillerine uyum sa\u011flar. Uzun s\u00fcreli kullan\u0131ma uygun olarak tasarlanm\u0131\u015ft\u0131r. Ayn\u0131 zamanda, yumu\u015fak&#8230;<\/p>\n","protected":false},"featured_media":19729,"comment_status":"open","ping_status":"closed","template":"","meta":{"_kadence_starter_templates_imported_post":false,"_kad_post_transparent":"default","_kad_post_title":"","_kad_post_layout":"default","_kad_post_sidebar_id":"","_kad_post_content_style":"default","_kad_post_vertical_padding":"default","_kad_post_feature":"","_kad_post_feature_position":"","_kad_post_header":false,"_kad_post_footer":false,"_kad_post_classname":""},"product_brand":[],"product_cat":[15,115],"product_tag":[],"class_list":{"0":"post-19719","1":"product","2":"type-product","3":"status-publish","4":"has-post-thumbnail","6":"product_cat-kmp","7":"product_cat-makine-halilari","9":"first","10":"instock","11":"sale","12":"shipping-taxable","13":"purchasable","14":"product-type-variable","15":"entry","16":"content-bg","17":"loop-entry"},"jetpack_sharing_enabled":true,"_links":{"self":[{"href":"https:\/\/halizer.com\/index.php?rest_route=\/wp\/v2\/product\/19719","targetHints":{"allow":["GET"]}}],"collection":[{"href":"https:\/\/halizer.com\/index.php?rest_route=\/wp\/v2\/product"}],"about":[{"href":"https:\/\/halizer.com\/index.php?rest_route=\/wp\/v2\/types\/product"}],"replies":[{"embeddable":true,"href":"https:\/\/halizer.com\/index.php?rest_route=%2Fwp%2Fv2%2Fcomments&post=19719"}],"wp:featuredmedia":[{"embeddable":true,"href":"https:\/\/halizer.com\/index.php?rest_route=\/wp\/v2\/media\/19729"}],"wp:attachment":[{"href":"https:\/\/halizer.com\/index.php?rest_route=%2Fwp%2Fv2%2Fmedia&parent=19719"}],"wp:term":[{"taxonomy":"product_brand","embeddable":true,"href":"https:\/\/halizer.com\/index.php?rest_route=%2Fwp%2Fv2%2Fproduct_brand&post=19719"},{"taxonomy":"product_cat","embeddable":true,"href":"https:\/\/halizer.com\/index.php?rest_route=%2Fwp%2Fv2%2Fproduct_cat&post=19719"},{"taxonomy":"product_tag","embeddable":true,"href":"https:\/\/halizer.com\/index.php?rest_route=%2Fwp%2Fv2%2Fproduct_tag&post=19719"}],"curies":[{"name":"wp","href":"https:\/\/api.w.org\/{rel}","templated":true}]}}