{"id":20006,"date":"2025-01-04T19:08:14","date_gmt":"2025-01-04T19:08:14","guid":{"rendered":"https:\/\/halizer.com\/?post_type=product&#038;p=20006"},"modified":"2025-01-04T19:10:25","modified_gmt":"2025-01-04T19:10:25","slug":"merinos-reycle-38446-071","status":"publish","type":"product","link":"https:\/\/halizer.com\/?product=merinos-reycle-38446-071","title":{"rendered":"MER\u0130NOS REYCLE 38446 071"},"content":{"rendered":"<p dir=\"ltr\"><strong>Merinos Rodin<\/strong><\/p>\n<pre>Merinos\u00a0Recycle\u00a0Hal\u0131 koleksiyonu, 2022 y\u0131l\u0131 sonlar\u0131nda marka katalo\u011fundaki yerini alm\u0131\u015ft\u0131r. Yumu\u015fak ve konforlu bir y\u00fczeye sahiptir. Tozum az \u00f6zelli\u011fi olan\u00a0Recycle koleksiyonu hal\u0131 hav\u0131na ve tozuna kar\u015f\u0131 hassasiyeti olan kullan\u0131c\u0131lar i\u00e7in uygun se\u00e7enekler aras\u0131ndad\u0131r.\u00a0\u00a0Recycle koleksiyonu geri d\u00f6n\u00fc\u015f\u00fcml\u00fc do\u011fa dostu hal\u0131lardand\u0131r.\u00a0\u00a0Birbirinden g\u00fczel hal\u0131 modelleri \u00fcreten Merinos hal\u0131 katalo\u011funda; salonlar\u0131n\u0131za trend \u00e7izgileri ta\u015f\u0131yacak bir\u00e7ok model mevcuttur.<span class=\"Apple-converted-space\">\u00a0<\/span>\r\n\r\nY\u0131kama ve Kullan\u0131m \u00d6nerileri:\r\nHal\u0131 \u00fczerinde zamanla olu\u015fan tozlar\u0131n iplik (hav) aralar\u0131na girmesini engellemek i\u00e7in belirli aral\u0131klarla elektrik s\u00fcp\u00fcrgesi ile s\u00fcp\u00fcr\u00fclmelidir.\r\nElektrik s\u00fcp\u00fcrgesi ile ipliklerin (havlar\u0131n) yat\u0131\u015f y\u00f6n\u00fcne do\u011fru yava\u015f\u00e7a s\u00fcp\u00fcr\u00fcn\u00fcz. \r\nKesinlikle \u00e7\u0131rpma, sert bir cisimle d\u00f6vme i\u015flemi yapmay\u0131n\u0131z. \r\nUzun s\u00fcre g\u00fcne\u015f \u0131\u015f\u0131\u011f\u0131nda b\u0131rakmay\u0131n\u0131z. Rutubetten koruyunuz.\r\nTemizlik an\u0131nda asla lekenin \u00fczerine bast\u0131rarak ovmay\u0131n\u0131z. Bu lekenin hal\u0131n\u0131n i\u00e7ine daha fazla i\u015flemesine neden olacakt\u0131r. Hal\u0131 temizli\u011fi s\u0131ras\u0131nda fazla su ve \u015fampuan kullan\u0131m\u0131ndan ka\u00e7\u0131n\u0131lmal\u0131d\u0131r. \r\nHal\u0131n\u0131zdan ilmik \u00e7ekmeyin, \u00e7\u0131km\u0131\u015f olan ilmikleri hal\u0131 y\u00fczeyinden kesiniz.<\/pre>\n<ul>\n<li>Elektrik s\u00fcp\u00fcrgesi \u0131le \u0131pliklerin (havlar\u0131n) yat\u0131\u015f y\u00f6n\u00fcne do\u011fru yava\u015f\u00e7a s\u00fcp\u00fcr\u00fcn\u00fcz.<\/li>\n<li>Kesinlikle \u00e7\u0131rpma, sert bir cisimle d\u00f6vme \u0131\u015flemi yapmay\u0131n\u0131z.<\/li>\n<li>Uzun s\u00fcre g\u00fcne\u015f \u0131\u015f\u0131\u011f\u0131nda b\u0131rakmay\u0131n\u0131z. Rutubetten koruyunuz.<\/li>\n<li>Temizlik an\u0131nda asla lekenin \u00fczerine bast\u0131rarak ovmay\u0131n\u0131z. Bu lekenin hal\u0131n\u0131n \u0131\u00e7ine daha fazla \u0131\u015flemesine neden olacakt\u0131r.<\/li>\n<li>Hal\u0131 temizli\u011fi s\u0131ras\u0131nda fazla su ve \u015fampuan kullan\u0131m\u0131ndan ka\u00e7\u0131n\u0131lmal\u0131d\u0131r.<\/li>\n<li>Hal\u0131n\u0131zdan \u0131lmik \u00e7ekmeyin, \u00e7\u0131km\u0131\u015f olan \u0131lmikleri hal\u0131 y\u00fczeyinden kesiniz.<\/li>\n<\/ul>\n<p dir=\"ltr\">\u00a0 \u00f6l\u00e7\u00fclerde %1 ile %5 aras\u0131nda de\u011fi\u015fim olabilir.<\/p>\n<p dir=\"ltr\">Hal\u0131lar\u0131m\u0131z\u0131 ger\u00e7ek renklerini yans\u0131tacak \u015fekilde foto\u011fraflarda kaliteli \u00e7ekim ile aktarmaya \u00e7al\u0131\u015f\u0131yoruz. Ekran\u0131n\u0131zdan kaynakl\u0131 olarak hal\u0131 renginde k\u00fc\u00e7\u00fck farkl\u0131l\u0131klar olabilir.<\/p>\n<div class=\"detail_div\"><\/div>\n","protected":false},"excerpt":{"rendered":"<p>Merinos Rodin Merinos\u00a0Recycle\u00a0Hal\u0131 koleksiyonu, 2022 y\u0131l\u0131 sonlar\u0131nda marka katalo\u011fundaki yerini alm\u0131\u015ft\u0131r. Yumu\u015fak ve konforlu bir y\u00fczeye sahiptir. Tozum az \u00f6zelli\u011fi olan\u00a0Recycle koleksiyonu hal\u0131 hav\u0131na ve tozuna kar\u015f\u0131 hassasiyeti olan kullan\u0131c\u0131lar i\u00e7in uygun se\u00e7enekler aras\u0131ndad\u0131r.\u00a0\u00a0Recycle koleksiyonu geri d\u00f6n\u00fc\u015f\u00fcml\u00fc do\u011fa dostu hal\u0131lardand\u0131r.\u00a0\u00a0Birbirinden g\u00fczel hal\u0131 modelleri \u00fcreten Merinos hal\u0131 katalo\u011funda; salonlar\u0131n\u0131za trend \u00e7izgileri ta\u015f\u0131yacak bir\u00e7ok model mevcuttur.\u00a0 Y\u0131kama&#8230;<\/p>\n","protected":false},"featured_media":20012,"comment_status":"open","ping_status":"closed","template":"","meta":{"_kadence_starter_templates_imported_post":false,"_kad_post_transparent":"default","_kad_post_title":"","_kad_post_layout":"default","_kad_post_sidebar_id":"","_kad_post_content_style":"default","_kad_post_vertical_padding":"default","_kad_post_feature":"","_kad_post_feature_position":"","_kad_post_header":false,"_kad_post_footer":false,"_kad_post_classname":""},"product_brand":[],"product_cat":[115],"product_tag":[],"class_list":{"0":"post-20006","1":"product","2":"type-product","3":"status-publish","4":"has-post-thumbnail","6":"product_cat-makine-halilari","8":"first","9":"instock","10":"sale","11":"shipping-taxable","12":"purchasable","13":"product-type-variable","14":"entry","15":"content-bg","16":"loop-entry"},"jetpack_sharing_enabled":true,"_links":{"self":[{"href":"https:\/\/halizer.com\/index.php?rest_route=\/wp\/v2\/product\/20006","targetHints":{"allow":["GET"]}}],"collection":[{"href":"https:\/\/halizer.com\/index.php?rest_route=\/wp\/v2\/product"}],"about":[{"href":"https:\/\/halizer.com\/index.php?rest_route=\/wp\/v2\/types\/product"}],"replies":[{"embeddable":true,"href":"https:\/\/halizer.com\/index.php?rest_route=%2Fwp%2Fv2%2Fcomments&post=20006"}],"wp:featuredmedia":[{"embeddable":true,"href":"https:\/\/halizer.com\/index.php?rest_route=\/wp\/v2\/media\/20012"}],"wp:attachment":[{"href":"https:\/\/halizer.com\/index.php?rest_route=%2Fwp%2Fv2%2Fmedia&parent=20006"}],"wp:term":[{"taxonomy":"product_brand","embeddable":true,"href":"https:\/\/halizer.com\/index.php?rest_route=%2Fwp%2Fv2%2Fproduct_brand&post=20006"},{"taxonomy":"product_cat","embeddable":true,"href":"https:\/\/halizer.com\/index.php?rest_route=%2Fwp%2Fv2%2Fproduct_cat&post=20006"},{"taxonomy":"product_tag","embeddable":true,"href":"https:\/\/halizer.com\/index.php?rest_route=%2Fwp%2Fv2%2Fproduct_tag&post=20006"}],"curies":[{"name":"wp","href":"https:\/\/api.w.org\/{rel}","templated":true}]}}