{"id":20293,"date":"2025-01-05T09:40:17","date_gmt":"2025-01-05T09:40:17","guid":{"rendered":"https:\/\/halizer.com\/?post_type=product&#038;p=20293"},"modified":"2025-01-05T09:40:59","modified_gmt":"2025-01-05T09:40:59","slug":"luxess-hali-bukle-1120-antrasit","status":"publish","type":"product","link":"https:\/\/halizer.com\/?product=luxess-hali-bukle-1120-antrasit","title":{"rendered":"LUXESS HALI BUKLE 1120 ANTRAS\u0130T"},"content":{"rendered":"<ul>\n<li><em><strong>\u0130NSTAGRAM \u00dcZER\u0130NDEN \u00d6ZEL \u00d6L\u00c7\u00dcLER\u0130N\u0130Z\u0130 \u0130LETEB\u0130L\u0130RS\u0130N\u0130Z.<\/strong><\/em><\/li>\n<li style=\"text-align: left;\">\n<h6><strong><em>Mikrofiber polyester iplikten dokunmu\u015ftur.<\/em><\/strong><\/h6>\n<\/li>\n<li style=\"text-align: left;\">\n<h6><strong><em>D\u00fcz spor sa\u00e7akl\u0131d\u0131r.<\/em><\/strong><\/h6>\n<\/li>\n<li style=\"text-align: left;\">\n<h6><strong><em>9mm kal\u0131nl\u0131\u011f\u0131ndad\u0131r.<\/em><\/strong><\/h6>\n<\/li>\n<li style=\"text-align: left;\">\n<h6><strong style=\"font-family: inherit;\"><em>Modern dokuma taban \u00f6zelliktedir.<\/em><\/strong><\/h6>\n<\/li>\n<li style=\"text-align: left;\">\n<h6><strong><em>KOLAY S\u0130L\u0130NEB\u0130L\u0130R \u00d6ZELL\u0130\u011eE sahiptir.<\/em><\/strong><\/h6>\n<\/li>\n<li style=\"text-align: left;\">\n<h6><strong><em>Antibakteriyel \u00fcr\u00fcnd\u00fcr.<\/em><\/strong><\/h6>\n<\/li>\n<li><strong><em>Hav vermez ve tozumaz \u00f6zelli\u011fe sahiptir.<\/em><\/strong><\/li>\n<li><b>\u0130lme Ucu S\u0131kl\u0131\u011f\u0131:<\/b>\u00a0680,000<br \/>\n<b>Hav Y\u00fcksekli\u011fi:<\/b>\u00a016 mm<br \/>\n<b>m\u00b2 A\u011f\u0131rl\u0131\u011f\u0131:\u00a0<\/b>2150 gr.\/m\u00b2<br \/>\n<b>Dokuma Malzemesi:\u00a0<\/b>Mikrofiber\u00a0 Polyester \u0130plik<\/li>\n<\/ul>\n","protected":false},"excerpt":{"rendered":"<p>\u0130NSTAGRAM \u00dcZER\u0130NDEN \u00d6ZEL \u00d6L\u00c7\u00dcLER\u0130N\u0130Z\u0130 \u0130LETEB\u0130L\u0130RS\u0130N\u0130Z. Mikrofiber polyester iplikten dokunmu\u015ftur. D\u00fcz spor sa\u00e7akl\u0131d\u0131r. 9mm kal\u0131nl\u0131\u011f\u0131ndad\u0131r. Modern dokuma taban \u00f6zelliktedir. KOLAY S\u0130L\u0130NEB\u0130L\u0130R \u00d6ZELL\u0130\u011eE sahiptir. Antibakteriyel \u00fcr\u00fcnd\u00fcr. Hav vermez ve tozumaz \u00f6zelli\u011fe sahiptir. \u0130lme Ucu S\u0131kl\u0131\u011f\u0131:\u00a0680,000 Hav Y\u00fcksekli\u011fi:\u00a016 mm m\u00b2 A\u011f\u0131rl\u0131\u011f\u0131:\u00a02150 gr.\/m\u00b2 Dokuma Malzemesi:\u00a0Mikrofiber\u00a0 Polyester \u0130plik<\/p>\n","protected":false},"featured_media":20308,"comment_status":"open","ping_status":"closed","template":"","meta":{"_kadence_starter_templates_imported_post":false,"_kad_post_transparent":"default","_kad_post_title":"","_kad_post_layout":"default","_kad_post_sidebar_id":"","_kad_post_content_style":"default","_kad_post_vertical_padding":"default","_kad_post_feature":"","_kad_post_feature_position":"","_kad_post_header":false,"_kad_post_footer":false,"_kad_post_classname":""},"product_brand":[],"product_cat":[115],"product_tag":[],"class_list":{"0":"post-20293","1":"product","2":"type-product","3":"status-publish","4":"has-post-thumbnail","6":"product_cat-makine-halilari","8":"first","9":"instock","10":"sale","11":"shipping-taxable","12":"purchasable","13":"product-type-variable","14":"entry","15":"content-bg","16":"loop-entry"},"jetpack_sharing_enabled":true,"_links":{"self":[{"href":"https:\/\/halizer.com\/index.php?rest_route=\/wp\/v2\/product\/20293","targetHints":{"allow":["GET"]}}],"collection":[{"href":"https:\/\/halizer.com\/index.php?rest_route=\/wp\/v2\/product"}],"about":[{"href":"https:\/\/halizer.com\/index.php?rest_route=\/wp\/v2\/types\/product"}],"replies":[{"embeddable":true,"href":"https:\/\/halizer.com\/index.php?rest_route=%2Fwp%2Fv2%2Fcomments&post=20293"}],"wp:featuredmedia":[{"embeddable":true,"href":"https:\/\/halizer.com\/index.php?rest_route=\/wp\/v2\/media\/20308"}],"wp:attachment":[{"href":"https:\/\/halizer.com\/index.php?rest_route=%2Fwp%2Fv2%2Fmedia&parent=20293"}],"wp:term":[{"taxonomy":"product_brand","embeddable":true,"href":"https:\/\/halizer.com\/index.php?rest_route=%2Fwp%2Fv2%2Fproduct_brand&post=20293"},{"taxonomy":"product_cat","embeddable":true,"href":"https:\/\/halizer.com\/index.php?rest_route=%2Fwp%2Fv2%2Fproduct_cat&post=20293"},{"taxonomy":"product_tag","embeddable":true,"href":"https:\/\/halizer.com\/index.php?rest_route=%2Fwp%2Fv2%2Fproduct_tag&post=20293"}],"curies":[{"name":"wp","href":"https:\/\/api.w.org\/{rel}","templated":true}]}}