{"id":20915,"date":"2025-01-14T11:22:26","date_gmt":"2025-01-14T11:22:26","guid":{"rendered":"https:\/\/halizer.com\/?post_type=product&#038;p=20915"},"modified":"2025-04-09T13:08:14","modified_gmt":"2025-04-09T13:08:14","slug":"luxess-hali-cool-kilim-403-krem","status":"publish","type":"product","link":"https:\/\/halizer.com\/?product=luxess-hali-cool-kilim-403-krem","title":{"rendered":"LUXESS HALI COOL K\u0130L\u0130M 403 KREM"},"content":{"rendered":"<ul>\n<li><em><strong>\u0130NSTAGRAM \u00dcZER\u0130NDEN \u00d6ZEL \u00d6L\u00c7\u00dcLER\u0130N\u0130Z\u0130 \u0130LETEB\u0130L\u0130RS\u0130N\u0130Z.<\/strong><\/em><\/li>\n<li style=\"text-align: left;\">\n<h6><strong><em>D\u00fcz spor sa\u00e7akl\u0131d\u0131r.<\/em><\/strong><\/h6>\n<\/li>\n<li style=\"text-align: left;\">\n<h6><strong style=\"font-family: inherit;\"><em>Modern dokuma taban \u00f6zelliktedir.<\/em><\/strong><\/h6>\n<\/li>\n<li style=\"text-align: left;\">\n<h6><strong><em>KOLAY S\u0130L\u0130NEB\u0130L\u0130R \u00d6ZELL\u0130\u011eE sahiptir.<\/em><\/strong><\/h6>\n<\/li>\n<li>\n<h2>Luxess Hal\u0131 Cool 403 KREM Y\u0131kanabilir Kilim<\/h2>\n<p>Luxess Hal\u0131 Cool Serisi, modern ya\u015fam tarz\u0131n\u0131 yans\u0131tan \u00e7a\u011fda\u015f tasar\u0131mlar\u0131yla \u00f6ne \u00e7\u0131k\u0131yor. Zarif desenler, canl\u0131 renkler ve dokular, her t\u00fcrl\u00fc i\u00e7 mekana m\u00fckemmel uyum sa\u011fl\u0131yor. Ev dekorasyonunda bir odak noktas\u0131 olu\u015fturmak isteyenler i\u00e7in ideal bir se\u00e7enek sunuyor.<\/p>\n<p>\u00dcr\u00fcn\u00fcm\u00fcz \u00f6zel ebatl\u0131 olarak da tasarlanabilir.<\/p>\n<p>\u0130plik T\u00fcr\u00fc: %65 pamuk \u015f\u00f6nil %35 polyester<br \/>\nHav Y\u00fcksekli\u011fi: 8 mm<br \/>\nA\u011f\u0131rl\u0131k: 1,500 kg<\/p>\n<p>Luxess Hal\u0131 Cool Serisi, evinize ferahl\u0131k, konfor ve \u015f\u0131kl\u0131k getiren benzersiz bir hal\u0131 koleksiyonudur.<\/li>\n<\/ul>\n","protected":false},"excerpt":{"rendered":"<p>\u0130NSTAGRAM \u00dcZER\u0130NDEN \u00d6ZEL \u00d6L\u00c7\u00dcLER\u0130N\u0130Z\u0130 \u0130LETEB\u0130L\u0130RS\u0130N\u0130Z. D\u00fcz spor sa\u00e7akl\u0131d\u0131r. Modern dokuma taban \u00f6zelliktedir. KOLAY S\u0130L\u0130NEB\u0130L\u0130R \u00d6ZELL\u0130\u011eE sahiptir. Luxess Hal\u0131 Cool 403 KREM Y\u0131kanabilir Kilim Luxess Hal\u0131 Cool Serisi, modern ya\u015fam tarz\u0131n\u0131 yans\u0131tan \u00e7a\u011fda\u015f tasar\u0131mlar\u0131yla \u00f6ne \u00e7\u0131k\u0131yor. Zarif desenler, canl\u0131 renkler ve dokular, her t\u00fcrl\u00fc i\u00e7 mekana m\u00fckemmel uyum sa\u011fl\u0131yor. Ev dekorasyonunda bir odak noktas\u0131 olu\u015fturmak isteyenler&#8230;<\/p>\n","protected":false},"featured_media":20930,"comment_status":"open","ping_status":"closed","template":"","meta":{"_kadence_starter_templates_imported_post":false,"_kad_post_transparent":"default","_kad_post_title":"","_kad_post_layout":"default","_kad_post_sidebar_id":"","_kad_post_content_style":"default","_kad_post_vertical_padding":"default","_kad_post_feature":"","_kad_post_feature_position":"","_kad_post_header":false,"_kad_post_footer":false,"_kad_post_classname":""},"product_brand":[],"product_cat":[62],"product_tag":[],"class_list":{"0":"post-20915","1":"product","2":"type-product","3":"status-publish","4":"has-post-thumbnail","6":"product_cat-kilim","8":"first","9":"instock","10":"sale","11":"shipping-taxable","12":"purchasable","13":"product-type-variable","14":"entry","15":"content-bg","16":"loop-entry"},"jetpack_sharing_enabled":true,"_links":{"self":[{"href":"https:\/\/halizer.com\/index.php?rest_route=\/wp\/v2\/product\/20915","targetHints":{"allow":["GET"]}}],"collection":[{"href":"https:\/\/halizer.com\/index.php?rest_route=\/wp\/v2\/product"}],"about":[{"href":"https:\/\/halizer.com\/index.php?rest_route=\/wp\/v2\/types\/product"}],"replies":[{"embeddable":true,"href":"https:\/\/halizer.com\/index.php?rest_route=%2Fwp%2Fv2%2Fcomments&post=20915"}],"wp:featuredmedia":[{"embeddable":true,"href":"https:\/\/halizer.com\/index.php?rest_route=\/wp\/v2\/media\/20930"}],"wp:attachment":[{"href":"https:\/\/halizer.com\/index.php?rest_route=%2Fwp%2Fv2%2Fmedia&parent=20915"}],"wp:term":[{"taxonomy":"product_brand","embeddable":true,"href":"https:\/\/halizer.com\/index.php?rest_route=%2Fwp%2Fv2%2Fproduct_brand&post=20915"},{"taxonomy":"product_cat","embeddable":true,"href":"https:\/\/halizer.com\/index.php?rest_route=%2Fwp%2Fv2%2Fproduct_cat&post=20915"},{"taxonomy":"product_tag","embeddable":true,"href":"https:\/\/halizer.com\/index.php?rest_route=%2Fwp%2Fv2%2Fproduct_tag&post=20915"}],"curies":[{"name":"wp","href":"https:\/\/api.w.org\/{rel}","templated":true}]}}