{"id":21573,"date":"2025-01-16T15:40:05","date_gmt":"2025-01-16T15:40:05","guid":{"rendered":"https:\/\/halizer.com\/?post_type=product&#038;p=21573"},"modified":"2025-04-09T13:15:33","modified_gmt":"2025-04-09T13:15:33","slug":"luxess-hali-trend-1091-antrasit","status":"publish","type":"product","link":"https:\/\/halizer.com\/?product=luxess-hali-trend-1091-antrasit","title":{"rendered":"LUXESS HALI TREND 1091 ANTRAS\u0130T"},"content":{"rendered":"<p style=\"font-weight: 400;\">LUXESS HALI TREND<br \/>\nTREND SER\u0130S\u0130 modern tasar\u0131m\u0131 ve kaliteli malzemeleriyle evinizde \u015f\u0131kl\u0131k ve zarafet sunuyor.<br \/>\nBu serinin sundu\u011fu \u00f6zelliklerle evinizi yenileyebilir ve tarz\u0131n\u0131z\u0131 en iyi \u015fekilde ifade edebilirsiniz.<\/p>\n<p>Luxess Hal\u0131 TREND Serisi, modern ve \u015f\u0131k tasar\u0131m\u0131yla evinizdeki dekorasyona \u00f6ne \u00e7\u0131kan bir par\u00e7a ekler.<br \/>\nY\u00fcksek kaliteli malzemeleri, estetik detaylar\u0131 ve dayan\u0131kl\u0131 yap\u0131s\u0131yla, uzun y\u0131llar boyunca evinizin vazge\u00e7ilmez bir par\u00e7as\u0131 olmaya adayd\u0131r.<br \/>\nBu serinin farkl\u0131 renk ve desen se\u00e7enekleriyle, evinize \u00f6zg\u00fc bir tarz olu\u015fturabilirsiniz.<\/p>\n<ul>\n<li>\n<p style=\"font-weight: 400;\"><b><strong>\u0130plik T\u00fcr\u00fc:<\/strong><\/b> Polyester, \u015e\u00f6ni<span style=\"font-family: var(--global-body-font-family);\">l<\/span><\/p>\n<p style=\"font-weight: 400;\"><b><strong>Hav Y\u00fcksekli\u011fi:<\/strong><\/b>\u00a010 mm<br \/>\n<b><strong>U\u00e7 Kenar T\u00fcr\u00fc:<\/strong><\/b>\u00a0Sa\u00e7akl\u0131<br \/>\n<b><strong>Yan kenarlar\u0131:\u00a0<\/strong><\/b>Overlok<\/p>\n<ul>\n<li><em><strong>\u0130NSTAGRAM \u00dcZER\u0130NDEN \u00d6ZEL \u00d6L\u00c7\u00dcLER\u0130N\u0130Z\u0130 \u0130LETEB\u0130L\u0130RS\u0130N\u0130Z.<\/strong><\/em><\/li>\n<li style=\"text-align: left;\">\n<h6><strong><em>D\u00fcz spor sa\u00e7akl\u0131d\u0131r.<\/em><\/strong><\/h6>\n<\/li>\n<li style=\"text-align: left;\">\n<h6><strong style=\"font-family: inherit;\"><em>Modern dokuma taban \u00f6zelliktedir.<\/em><\/strong><\/h6>\n<\/li>\n<li style=\"text-align: left;\">\n<h6><strong><em>Yumu\u015fak ve ipeksi parlakl\u0131\u011fa sahiptir.<\/em><\/strong><\/h6>\n<\/li>\n<li style=\"text-align: left;\">\n<h6><strong><em>Antibakteriyel \u00fcr\u00fcnd\u00fcr.<\/em><\/strong><\/h6>\n<\/li>\n<li><\/li>\n<\/ul>\n<p style=\"font-weight: 400;\"><b><strong>\u0130ste\u011fe Ba\u011fl\u0131 Ki\u015fiye \u00f6zel \u00f6l\u00e7\u00fclerde fiyat fark\u0131 olmadan \u00fcretim yap\u0131lmaktad\u0131r.<\/strong><\/b><\/p>\n<p style=\"font-weight: 400;\"><b><strong>Kesme Rulo Ebatlar\u0131:<\/strong><\/b>\u00a080, 100, 120, 160, 200<\/p>\n<p style=\"font-weight: 400;\"><b><strong>Sipari\u015f Vermeden \u00f6nce mutlaka stok sorgulaman\u0131z\u0131 tavsiye ederiz.<\/strong><\/b><\/p>\n<\/li>\n<\/ul>\n","protected":false},"excerpt":{"rendered":"<p>LUXESS HALI TREND TREND SER\u0130S\u0130 modern tasar\u0131m\u0131 ve kaliteli malzemeleriyle evinizde \u015f\u0131kl\u0131k ve zarafet sunuyor. Bu serinin sundu\u011fu \u00f6zelliklerle evinizi yenileyebilir ve tarz\u0131n\u0131z\u0131 en iyi \u015fekilde ifade edebilirsiniz. Luxess Hal\u0131 TREND Serisi, modern ve \u015f\u0131k tasar\u0131m\u0131yla evinizdeki dekorasyona \u00f6ne \u00e7\u0131kan bir par\u00e7a ekler. Y\u00fcksek kaliteli malzemeleri, estetik detaylar\u0131 ve dayan\u0131kl\u0131 yap\u0131s\u0131yla, uzun y\u0131llar boyunca evinizin&#8230;<\/p>\n","protected":false},"featured_media":21588,"comment_status":"open","ping_status":"closed","template":"","meta":{"_kadence_starter_templates_imported_post":false,"_kad_post_transparent":"default","_kad_post_title":"","_kad_post_layout":"default","_kad_post_sidebar_id":"","_kad_post_content_style":"default","_kad_post_vertical_padding":"default","_kad_post_feature":"","_kad_post_feature_position":"","_kad_post_header":false,"_kad_post_footer":false,"_kad_post_classname":""},"product_brand":[],"product_cat":[48],"product_tag":[],"class_list":{"0":"post-21573","1":"product","2":"type-product","3":"status-publish","4":"has-post-thumbnail","6":"product_cat-iskandinav","8":"first","9":"instock","10":"sale","11":"shipping-taxable","12":"purchasable","13":"product-type-variable","14":"entry","15":"content-bg","16":"loop-entry"},"jetpack_sharing_enabled":true,"_links":{"self":[{"href":"https:\/\/halizer.com\/index.php?rest_route=\/wp\/v2\/product\/21573","targetHints":{"allow":["GET"]}}],"collection":[{"href":"https:\/\/halizer.com\/index.php?rest_route=\/wp\/v2\/product"}],"about":[{"href":"https:\/\/halizer.com\/index.php?rest_route=\/wp\/v2\/types\/product"}],"replies":[{"embeddable":true,"href":"https:\/\/halizer.com\/index.php?rest_route=%2Fwp%2Fv2%2Fcomments&post=21573"}],"wp:featuredmedia":[{"embeddable":true,"href":"https:\/\/halizer.com\/index.php?rest_route=\/wp\/v2\/media\/21588"}],"wp:attachment":[{"href":"https:\/\/halizer.com\/index.php?rest_route=%2Fwp%2Fv2%2Fmedia&parent=21573"}],"wp:term":[{"taxonomy":"product_brand","embeddable":true,"href":"https:\/\/halizer.com\/index.php?rest_route=%2Fwp%2Fv2%2Fproduct_brand&post=21573"},{"taxonomy":"product_cat","embeddable":true,"href":"https:\/\/halizer.com\/index.php?rest_route=%2Fwp%2Fv2%2Fproduct_cat&post=21573"},{"taxonomy":"product_tag","embeddable":true,"href":"https:\/\/halizer.com\/index.php?rest_route=%2Fwp%2Fv2%2Fproduct_tag&post=21573"}],"curies":[{"name":"wp","href":"https:\/\/api.w.org\/{rel}","templated":true}]}}