{"id":21931,"date":"2025-01-23T08:46:16","date_gmt":"2025-01-23T08:46:16","guid":{"rendered":"https:\/\/halizer.com\/?post_type=product&#038;p=21931"},"modified":"2025-01-23T08:46:51","modified_gmt":"2025-01-23T08:46:51","slug":"luxess-hali-valeria-1070-bej","status":"publish","type":"product","link":"https:\/\/halizer.com\/?product=luxess-hali-valeria-1070-bej","title":{"rendered":"Luxess Hal\u0131 Valeria 1070 Bej"},"content":{"rendered":"<p>Luxess Hal\u0131, Valeria Serisi; Hem \u015f\u0131kl\u0131\u011f\u0131 hem de dayan\u0131kl\u0131l\u0131\u011f\u0131 \u00f6n planda tutarak tasarlanan bu koleksiyon, evinize estetik bir dokunu\u015f sa\u011flamak i\u00e7in m\u00fckemmel bir se\u00e7enek sunuyor.<\/p>\n<p>\u0130plik T\u00fcr\u00fc: Akrilik<br \/>\nHav Y\u00fcksekli\u011fi: 8 mm<br \/>\nDokuma S\u0131kl\u0131\u011f\u0131: 1.250.000<\/p>\n<p>Luxess Hal\u0131 Valeria Serisi, sadece estetik a\u00e7\u0131dan de\u011fil, ayn\u0131 zamanda kalite ve dayan\u0131kl\u0131l\u0131k a\u00e7\u0131s\u0131ndan da \u00f6ne \u00e7\u0131kar.<br \/>\nSadelikten ho\u015flananlar i\u00e7in d\u00fcz renkli se\u00e7enekler bulunurken, desenli ve dokulu hal\u0131lar da tercih edenler i\u00e7in mevcuttur. Her zevke ve dekorasyon tarz\u0131na uygun bir se\u00e7enek bulunabilir, b\u00f6ylece evinizde istedi\u011finiz atmosferi yaratabilirsiniz.<\/p>\n<ul>\n<li><strong>Taban Malzemesi:\u00a0<\/strong>Pamuk<\/li>\n<li><strong>Hav Y\u00fcksekli\u011fi:<\/strong>\u00a08mm<\/li>\n<li><strong>Garanti Ko\u015fullar\u0131:\u00a0<\/strong>Hal\u0131n\u0131z\u0131n garanti kapsam\u0131ndan \u00e7\u0131kmamas\u0131 i\u00e7in yapman\u0131z gerekenler: Hal\u0131n\u0131z\u0131 kimyasallarla silmeyin!\n<ul>\n<li><\/li>\n<li><em><strong>\u0130NSTAGRAM \u00dcZER\u0130NDEN \u00d6ZEL \u00d6L\u00c7\u00dcLER\u0130N\u0130Z\u0130 \u0130LETEB\u0130L\u0130RS\u0130N\u0130Z.<\/strong><\/em><\/li>\n<li style=\"text-align: left;\">\n<h6><strong><em>D\u00fcz spor sa\u00e7akl\u0131d\u0131r.<\/em><\/strong><\/h6>\n<\/li>\n<li style=\"text-align: left;\">\n<h6><strong style=\"font-family: inherit;\"><em>Modern dokuma taban \u00f6zelliktedir.<\/em><\/strong><\/h6>\n<\/li>\n<li style=\"text-align: left;\">\n<h6><strong><em>Yumu\u015fak ve ipeksi parlakl\u0131\u011fa sahiptir.<\/em><\/strong><br \/>\n<b style=\"font-family: var(--global-body-font-family);\"><\/b><b style=\"font-family: var(--global-body-font-family);\"><\/b><\/h6>\n<\/li>\n<li style=\"text-align: left;\">\n<h6><b style=\"font-family: var(--global-body-font-family);\"><strong>Yan kenarlar\u0131: <\/strong><\/b><span style=\"font-family: var(--global-body-font-family);\">Overlok<\/span><\/h6>\n<\/li>\n<li style=\"text-align: left;\">\n<h6><b style=\"font-family: var(--global-body-font-family); font-size: 17px;\"><strong>\u0130ste\u011fe Ba\u011fl\u0131 Ki\u015fiye \u00f6zel \u00f6l\u00e7\u00fclerde fiyat fark\u0131 olmadan \u00fcretim yap\u0131lmaktad\u0131r.<\/strong><\/b><\/h6>\n<\/li>\n<\/ul>\n<\/li>\n<li>\n<p style=\"font-weight: 400;\"><b><strong>Kesme Rulo Ebatlar\u0131:<\/strong><\/b>\u00a080, 100, 120, 160, 200<\/p>\n<p style=\"font-weight: 400;\"><b><strong>Sipari\u015f Vermeden \u00f6nce mutlaka stok sorgulaman\u0131z\u0131 tavsiye ederiz.<\/strong><\/b><\/p>\n<\/li>\n<\/ul>\n","protected":false},"excerpt":{"rendered":"<p>Luxess Hal\u0131, Valeria Serisi; Hem \u015f\u0131kl\u0131\u011f\u0131 hem de dayan\u0131kl\u0131l\u0131\u011f\u0131 \u00f6n planda tutarak tasarlanan bu koleksiyon, evinize estetik bir dokunu\u015f sa\u011flamak i\u00e7in m\u00fckemmel bir se\u00e7enek sunuyor. \u0130plik T\u00fcr\u00fc: Akrilik Hav Y\u00fcksekli\u011fi: 8 mm Dokuma S\u0131kl\u0131\u011f\u0131: 1.250.000 Luxess Hal\u0131 Valeria Serisi, sadece estetik a\u00e7\u0131dan de\u011fil, ayn\u0131 zamanda kalite ve dayan\u0131kl\u0131l\u0131k a\u00e7\u0131s\u0131ndan da \u00f6ne \u00e7\u0131kar. Sadelikten ho\u015flananlar i\u00e7in&#8230;<\/p>\n","protected":false},"featured_media":21946,"comment_status":"open","ping_status":"closed","template":"","meta":{"_kadence_starter_templates_imported_post":false,"_kad_post_transparent":"default","_kad_post_title":"","_kad_post_layout":"default","_kad_post_sidebar_id":"","_kad_post_content_style":"default","_kad_post_vertical_padding":"default","_kad_post_feature":"","_kad_post_feature_position":"","_kad_post_header":false,"_kad_post_footer":false,"_kad_post_classname":""},"product_brand":[],"product_cat":[115],"product_tag":[],"class_list":{"0":"post-21931","1":"product","2":"type-product","3":"status-publish","4":"has-post-thumbnail","6":"product_cat-makine-halilari","8":"first","9":"instock","10":"sale","11":"shipping-taxable","12":"purchasable","13":"product-type-variable","14":"entry","15":"content-bg","16":"loop-entry"},"jetpack_sharing_enabled":true,"_links":{"self":[{"href":"https:\/\/halizer.com\/index.php?rest_route=\/wp\/v2\/product\/21931","targetHints":{"allow":["GET"]}}],"collection":[{"href":"https:\/\/halizer.com\/index.php?rest_route=\/wp\/v2\/product"}],"about":[{"href":"https:\/\/halizer.com\/index.php?rest_route=\/wp\/v2\/types\/product"}],"replies":[{"embeddable":true,"href":"https:\/\/halizer.com\/index.php?rest_route=%2Fwp%2Fv2%2Fcomments&post=21931"}],"wp:featuredmedia":[{"embeddable":true,"href":"https:\/\/halizer.com\/index.php?rest_route=\/wp\/v2\/media\/21946"}],"wp:attachment":[{"href":"https:\/\/halizer.com\/index.php?rest_route=%2Fwp%2Fv2%2Fmedia&parent=21931"}],"wp:term":[{"taxonomy":"product_brand","embeddable":true,"href":"https:\/\/halizer.com\/index.php?rest_route=%2Fwp%2Fv2%2Fproduct_brand&post=21931"},{"taxonomy":"product_cat","embeddable":true,"href":"https:\/\/halizer.com\/index.php?rest_route=%2Fwp%2Fv2%2Fproduct_cat&post=21931"},{"taxonomy":"product_tag","embeddable":true,"href":"https:\/\/halizer.com\/index.php?rest_route=%2Fwp%2Fv2%2Fproduct_tag&post=21931"}],"curies":[{"name":"wp","href":"https:\/\/api.w.org\/{rel}","templated":true}]}}