{"id":22127,"date":"2025-01-28T14:12:35","date_gmt":"2025-01-28T14:12:35","guid":{"rendered":"https:\/\/halizer.com\/?post_type=product&#038;p=22127"},"modified":"2025-04-02T08:11:01","modified_gmt":"2025-04-02T08:11:01","slug":"alacati-gri-el-dokumasi-dekoratif-oval-hali","status":"publish","type":"product","link":"https:\/\/halizer.com\/?product=alacati-gri-el-dokumasi-dekoratif-oval-hali","title":{"rendered":"Ala\u00e7at\u0131 Gri El Dokumas\u0131 Dekoratif Oval Hal\u0131"},"content":{"rendered":"<h3><strong>Ala\u00e7at\u0131 Dekoratif Oval Hal\u0131<\/strong>, el dokumas\u0131, \u00e7ift tarafl\u0131 kullan\u0131m, hav toz vermez ve robot s\u00fcp\u00fcrge uyumu ile \u015f\u0131kl\u0131k ve pratikli\u011fi bir arada sunar.<\/h3>\n","protected":false},"excerpt":{"rendered":"<p>Ala\u00e7at\u0131 Dekoratif Oval Hal\u0131, el dokumas\u0131, \u00e7ift tarafl\u0131 kullan\u0131m, hav toz vermez ve robot s\u00fcp\u00fcrge uyumu ile \u015f\u0131kl\u0131k ve pratikli\u011fi bir arada sunar.<\/p>\n","protected":false},"featured_media":22137,"comment_status":"open","ping_status":"closed","template":"","meta":{"_kadence_starter_templates_imported_post":false,"_kad_post_transparent":"default","_kad_post_title":"","_kad_post_layout":"default","_kad_post_sidebar_id":"","_kad_post_content_style":"default","_kad_post_vertical_padding":"default","_kad_post_feature":"","_kad_post_feature_position":"","_kad_post_header":false,"_kad_post_footer":false,"_kad_post_classname":""},"product_brand":[],"product_cat":[86],"product_tag":[],"class_list":{"0":"post-22127","1":"product","2":"type-product","3":"status-publish","4":"has-post-thumbnail","6":"product_cat-jut","8":"first","9":"instock","10":"sale","11":"shipping-taxable","12":"purchasable","13":"product-type-variable","14":"entry","15":"content-bg","16":"loop-entry"},"jetpack_sharing_enabled":true,"_links":{"self":[{"href":"https:\/\/halizer.com\/index.php?rest_route=\/wp\/v2\/product\/22127","targetHints":{"allow":["GET"]}}],"collection":[{"href":"https:\/\/halizer.com\/index.php?rest_route=\/wp\/v2\/product"}],"about":[{"href":"https:\/\/halizer.com\/index.php?rest_route=\/wp\/v2\/types\/product"}],"replies":[{"embeddable":true,"href":"https:\/\/halizer.com\/index.php?rest_route=%2Fwp%2Fv2%2Fcomments&post=22127"}],"wp:featuredmedia":[{"embeddable":true,"href":"https:\/\/halizer.com\/index.php?rest_route=\/wp\/v2\/media\/22137"}],"wp:attachment":[{"href":"https:\/\/halizer.com\/index.php?rest_route=%2Fwp%2Fv2%2Fmedia&parent=22127"}],"wp:term":[{"taxonomy":"product_brand","embeddable":true,"href":"https:\/\/halizer.com\/index.php?rest_route=%2Fwp%2Fv2%2Fproduct_brand&post=22127"},{"taxonomy":"product_cat","embeddable":true,"href":"https:\/\/halizer.com\/index.php?rest_route=%2Fwp%2Fv2%2Fproduct_cat&post=22127"},{"taxonomy":"product_tag","embeddable":true,"href":"https:\/\/halizer.com\/index.php?rest_route=%2Fwp%2Fv2%2Fproduct_tag&post=22127"}],"curies":[{"name":"wp","href":"https:\/\/api.w.org\/{rel}","templated":true}]}}