{"id":22225,"date":"2025-02-02T18:30:15","date_gmt":"2025-02-02T18:30:15","guid":{"rendered":"https:\/\/halizer.com\/?post_type=product&#038;p=22225"},"modified":"2025-02-02T18:42:47","modified_gmt":"2025-02-02T18:42:47","slug":"woolen-dior-4258-mavi","status":"publish","type":"product","link":"https:\/\/halizer.com\/?product=woolen-dior-4258-mavi","title":{"rendered":"Woolen Dior 4258 Mavi"},"content":{"rendered":"<p>Woolen Hal\u0131\u2019n\u0131n l\u00fcks ve do\u011fal dokunu\u015flar\u0131 bir araya getirdi\u011fi Dior Koleksiyonu, akrilik iplik, pamuk ve j\u00fct taban\u0131n m\u00fckemmel uyumunu sunuyor. Bu \u00f6zel koleksiyon, dayan\u0131kl\u0131 akrilik ipliklerin, pamuk ve j\u00fct taban\u0131n do\u011fal yap\u0131s\u0131yla bulu\u015ftu\u011fu \u015f\u0131k ve sofistike tasar\u0131mlar i\u00e7eriyor. Dior Koleksiyonu,ya\u015fam alanlar\u0131n\u0131za zarafet ve do\u011fall\u0131\u011f\u0131 bir arada getirirken, ayn\u0131 zamanda uzun \u00f6m\u00fcrl\u00fc ve kaliteli bir kullan\u0131m sunuyor.<\/p>\n<ul>\n<li><strong>Taban Malzemesi:\u00a0<\/strong>Pamuk<\/li>\n<li><strong>Hav Y\u00fcksekli\u011fi:<\/strong>\u00a08mm<\/li>\n<li><strong>Garanti Ko\u015fullar\u0131:\u00a0<\/strong>Hal\u0131n\u0131z\u0131n garanti kapsam\u0131ndan \u00e7\u0131kmamas\u0131 i\u00e7in yapman\u0131z gerekenler: Hal\u0131n\u0131z\u0131 kimyasallarla silmeyin!\n<ul>\n<li><\/li>\n<li><em><strong>\u0130NSTAGRAM \u00dcZER\u0130NDEN \u00d6ZEL \u00d6L\u00c7\u00dcLER\u0130N\u0130Z\u0130 \u0130LETEB\u0130L\u0130RS\u0130N\u0130Z.<\/strong><\/em><\/li>\n<li style=\"text-align: left;\">\n<h6><strong><em>D\u00fcz spor sa\u00e7akl\u0131d\u0131r.<\/em><\/strong><\/h6>\n<\/li>\n<li style=\"text-align: left;\">\n<h6><strong style=\"font-family: inherit;\"><em>Modern dokuma taban \u00f6zelliktedir.<\/em><\/strong><\/h6>\n<\/li>\n<li style=\"text-align: left;\">\n<h6><strong><em>Yumu\u015fak ve ipeksi parlakl\u0131\u011fa sahiptir.<\/em><\/strong><br \/>\n<b style=\"font-family: var(--global-body-font-family);\"><\/b><b style=\"font-family: var(--global-body-font-family);\"><\/b><\/h6>\n<\/li>\n<li style=\"text-align: left;\">\n<h6><b style=\"font-family: var(--global-body-font-family);\"><strong>Yan kenarlar\u0131: <\/strong><\/b><span style=\"font-family: var(--global-body-font-family);\">Overlok<\/span><\/h6>\n<\/li>\n<li style=\"text-align: left;\">\n<h6><b style=\"font-family: var(--global-body-font-family); font-size: 17px;\"><strong>\u0130ste\u011fe Ba\u011fl\u0131 Ki\u015fiye \u00f6zel \u00f6l\u00e7\u00fclerde fiyat fark\u0131 olmadan \u00fcretim yap\u0131lmaktad\u0131r.<\/strong><\/b><\/h6>\n<\/li>\n<\/ul>\n<\/li>\n<li>\n<p style=\"font-weight: 400;\"><b><strong>Kesme Rulo Ebatlar\u0131:<\/strong><\/b>\u00a080, 100, 120, 160, 200<\/p>\n<p style=\"font-weight: 400;\"><b><strong>Sipari\u015f Vermeden \u00f6nce mutlaka stok sorgulaman\u0131z\u0131 tavsiye ederiz.<\/strong><\/b><\/p>\n<\/li>\n<\/ul>\n","protected":false},"excerpt":{"rendered":"<p>Woolen Hal\u0131\u2019n\u0131n l\u00fcks ve do\u011fal dokunu\u015flar\u0131 bir araya getirdi\u011fi Dior Koleksiyonu, akrilik iplik, pamuk ve j\u00fct taban\u0131n m\u00fckemmel uyumunu sunuyor. Bu \u00f6zel koleksiyon, dayan\u0131kl\u0131 akrilik ipliklerin, pamuk ve j\u00fct taban\u0131n do\u011fal yap\u0131s\u0131yla bulu\u015ftu\u011fu \u015f\u0131k ve sofistike tasar\u0131mlar i\u00e7eriyor. Dior Koleksiyonu,ya\u015fam alanlar\u0131n\u0131za zarafet ve do\u011fall\u0131\u011f\u0131 bir arada getirirken, ayn\u0131 zamanda uzun \u00f6m\u00fcrl\u00fc ve kaliteli bir kullan\u0131m&#8230;<\/p>\n","protected":false},"featured_media":22244,"comment_status":"open","ping_status":"closed","template":"","meta":{"_kadence_starter_templates_imported_post":false,"_kad_post_transparent":"default","_kad_post_title":"","_kad_post_layout":"default","_kad_post_sidebar_id":"","_kad_post_content_style":"default","_kad_post_vertical_padding":"default","_kad_post_feature":"","_kad_post_feature_position":"","_kad_post_header":false,"_kad_post_footer":false,"_kad_post_classname":""},"product_brand":[],"product_cat":[115],"product_tag":[],"class_list":{"0":"post-22225","1":"product","2":"type-product","3":"status-publish","4":"has-post-thumbnail","6":"product_cat-makine-halilari","8":"first","9":"instock","10":"sale","11":"shipping-taxable","12":"purchasable","13":"product-type-variable","14":"entry","15":"content-bg","16":"loop-entry"},"jetpack_sharing_enabled":true,"_links":{"self":[{"href":"https:\/\/halizer.com\/index.php?rest_route=\/wp\/v2\/product\/22225","targetHints":{"allow":["GET"]}}],"collection":[{"href":"https:\/\/halizer.com\/index.php?rest_route=\/wp\/v2\/product"}],"about":[{"href":"https:\/\/halizer.com\/index.php?rest_route=\/wp\/v2\/types\/product"}],"replies":[{"embeddable":true,"href":"https:\/\/halizer.com\/index.php?rest_route=%2Fwp%2Fv2%2Fcomments&post=22225"}],"wp:featuredmedia":[{"embeddable":true,"href":"https:\/\/halizer.com\/index.php?rest_route=\/wp\/v2\/media\/22244"}],"wp:attachment":[{"href":"https:\/\/halizer.com\/index.php?rest_route=%2Fwp%2Fv2%2Fmedia&parent=22225"}],"wp:term":[{"taxonomy":"product_brand","embeddable":true,"href":"https:\/\/halizer.com\/index.php?rest_route=%2Fwp%2Fv2%2Fproduct_brand&post=22225"},{"taxonomy":"product_cat","embeddable":true,"href":"https:\/\/halizer.com\/index.php?rest_route=%2Fwp%2Fv2%2Fproduct_cat&post=22225"},{"taxonomy":"product_tag","embeddable":true,"href":"https:\/\/halizer.com\/index.php?rest_route=%2Fwp%2Fv2%2Fproduct_tag&post=22225"}],"curies":[{"name":"wp","href":"https:\/\/api.w.org\/{rel}","templated":true}]}}