{"id":22427,"date":"2025-02-02T19:24:24","date_gmt":"2025-02-02T19:24:24","guid":{"rendered":"https:\/\/halizer.com\/?post_type=product&#038;p=22427"},"modified":"2025-02-02T19:27:54","modified_gmt":"2025-02-02T19:27:54","slug":"woolen-victoria-6001-gri","status":"publish","type":"product","link":"https:\/\/halizer.com\/?product=woolen-victoria-6001-gri","title":{"rendered":"Woolen Victoria 6001 Gri"},"content":{"rendered":"<p>L\u00fcks\u00fcn simgesi olan Deluxe koleksiyonumuz, Woolen Hal\u0131\u2019n\u0131n profesyonel i\u015f\u00e7ilik ve \u00fcst\u00fcn kaliteli malzemelerle bulu\u015fturdu\u011fu en \u00f6zel serilerden biridir. Viskon akrilik ipli\u011fin parlak ve ipeksi dokusunu, s\u0131k dokuma tekni\u011fiyle bir araya getirerek mek\u00e2nlar\u0131n\u0131za e\u015fsiz bir \u015f\u0131kl\u0131k katar. Deluxe koleksiyonu, yaln\u0131zca g\u00f6z al\u0131c\u0131 g\u00f6r\u00fcn\u00fcm\u00fcyle de\u011fil, ayn\u0131 zamanda dayan\u0131kl\u0131l\u0131\u011f\u0131 ve yumu\u015fakl\u0131\u011f\u0131 ile de ya\u015fam alanlar\u0131n\u0131zda konforu ve esteti\u011fi bir arada sunar.<\/p>\n<ul>\n<li><strong>Taban Malzemesi:\u00a0<\/strong>Pamuk<\/li>\n<li><strong>Hav Y\u00fcksekli\u011fi:<\/strong> 7mm<\/li>\n<li><strong>Garanti Ko\u015fullar\u0131:\u00a0<\/strong>Hal\u0131n\u0131z\u0131n garanti kapsam\u0131ndan \u00e7\u0131kmamas\u0131 i\u00e7in yapman\u0131z gerekenler: Hal\u0131n\u0131z\u0131 kimyasallarla silmeyin!\n<ul>\n<li><em><strong>\u0130pek Viskon \u0130plikten \u00dcretilmi\u015ftir.<\/strong><\/em><\/li>\n<li style=\"text-align: left;\">\n<h6><strong style=\"font-family: inherit;\"><em>Modern dokuma taban \u00f6zelliktedir.<\/em><\/strong><\/h6>\n<\/li>\n<li style=\"text-align: left;\">\n<h6><strong><em>Yumu\u015fak ve ipeksi parlakl\u0131\u011fa sahiptir.<\/em><\/strong><br \/>\n<b style=\"font-family: var(--global-body-font-family);\"><\/b><b style=\"font-family: var(--global-body-font-family);\"><\/b><\/h6>\n<\/li>\n<li style=\"text-align: left;\">\n<h6><b style=\"font-family: var(--global-body-font-family);\"><strong>Yan kenarlar\u0131: Lazer kesim<\/strong><\/b><\/h6>\n<p style=\"font-weight: 400;\"><b><strong>Sipari\u015f Vermeden \u00f6nce mutlaka stok sorgulaman\u0131z\u0131 tavsiye ederiz.<\/strong><\/b><\/p>\n<\/li>\n<\/ul>\n<\/li>\n<\/ul>\n","protected":false},"excerpt":{"rendered":"<p>L\u00fcks\u00fcn simgesi olan Deluxe koleksiyonumuz, Woolen Hal\u0131\u2019n\u0131n profesyonel i\u015f\u00e7ilik ve \u00fcst\u00fcn kaliteli malzemelerle bulu\u015fturdu\u011fu en \u00f6zel serilerden biridir. Viskon akrilik ipli\u011fin parlak ve ipeksi dokusunu, s\u0131k dokuma tekni\u011fiyle bir araya getirerek mek\u00e2nlar\u0131n\u0131za e\u015fsiz bir \u015f\u0131kl\u0131k katar. Deluxe koleksiyonu, yaln\u0131zca g\u00f6z al\u0131c\u0131 g\u00f6r\u00fcn\u00fcm\u00fcyle de\u011fil, ayn\u0131 zamanda dayan\u0131kl\u0131l\u0131\u011f\u0131 ve yumu\u015fakl\u0131\u011f\u0131 ile de ya\u015fam alanlar\u0131n\u0131zda konforu ve esteti\u011fi&#8230;<\/p>\n","protected":false},"featured_media":22437,"comment_status":"open","ping_status":"closed","template":"","meta":{"_kadence_starter_templates_imported_post":false,"_kad_post_transparent":"default","_kad_post_title":"","_kad_post_layout":"default","_kad_post_sidebar_id":"","_kad_post_content_style":"default","_kad_post_vertical_padding":"default","_kad_post_feature":"","_kad_post_feature_position":"","_kad_post_header":false,"_kad_post_footer":false,"_kad_post_classname":""},"product_brand":[],"product_cat":[115],"product_tag":[],"class_list":{"0":"post-22427","1":"product","2":"type-product","3":"status-publish","4":"has-post-thumbnail","6":"product_cat-makine-halilari","8":"first","9":"instock","10":"sale","11":"shipping-taxable","12":"purchasable","13":"product-type-variable","14":"entry","15":"content-bg","16":"loop-entry"},"jetpack_sharing_enabled":true,"_links":{"self":[{"href":"https:\/\/halizer.com\/index.php?rest_route=\/wp\/v2\/product\/22427","targetHints":{"allow":["GET"]}}],"collection":[{"href":"https:\/\/halizer.com\/index.php?rest_route=\/wp\/v2\/product"}],"about":[{"href":"https:\/\/halizer.com\/index.php?rest_route=\/wp\/v2\/types\/product"}],"replies":[{"embeddable":true,"href":"https:\/\/halizer.com\/index.php?rest_route=%2Fwp%2Fv2%2Fcomments&post=22427"}],"wp:featuredmedia":[{"embeddable":true,"href":"https:\/\/halizer.com\/index.php?rest_route=\/wp\/v2\/media\/22437"}],"wp:attachment":[{"href":"https:\/\/halizer.com\/index.php?rest_route=%2Fwp%2Fv2%2Fmedia&parent=22427"}],"wp:term":[{"taxonomy":"product_brand","embeddable":true,"href":"https:\/\/halizer.com\/index.php?rest_route=%2Fwp%2Fv2%2Fproduct_brand&post=22427"},{"taxonomy":"product_cat","embeddable":true,"href":"https:\/\/halizer.com\/index.php?rest_route=%2Fwp%2Fv2%2Fproduct_cat&post=22427"},{"taxonomy":"product_tag","embeddable":true,"href":"https:\/\/halizer.com\/index.php?rest_route=%2Fwp%2Fv2%2Fproduct_tag&post=22427"}],"curies":[{"name":"wp","href":"https:\/\/api.w.org\/{rel}","templated":true}]}}