{"id":22591,"date":"2025-02-02T20:20:03","date_gmt":"2025-02-02T20:20:03","guid":{"rendered":"https:\/\/halizer.com\/?post_type=product&#038;p=22591"},"modified":"2025-02-02T20:22:04","modified_gmt":"2025-02-02T20:22:04","slug":"woolen-milano-4755-krem","status":"publish","type":"product","link":"https:\/\/halizer.com\/?product=woolen-milano-4755-krem","title":{"rendered":"Woolen Milano 4755 Krem"},"content":{"rendered":"<p>\u0130talyan stilininden ilham al\u0131nan Milano koleksiyonumuz, Woolen Hal\u0131\u2019n\u0131n akrilik iplikten \u00fcretilen modern ve \u015f\u0131k bir serisidir. Bu koleksiyon, akrilik ipli\u011fin dayan\u0131kl\u0131l\u0131\u011f\u0131 ve yumu\u015fak dokusunu, Milano\u2019nun zarif \u00e7izgileriyle birle\u015ftirerek evinizde sofistike bir atmosfer yarat\u0131r. Milano koleksiyonu, modern tasar\u0131m\u0131n yan\u0131 s\u0131ra uzun \u00f6m\u00fcrl\u00fc yap\u0131s\u0131 ve kolay bak\u0131m \u00f6zellikleriyle de dikkat \u00e7eker.<\/p>\n<ul>\n<li><strong>Taban Malzemesi:\u00a0<\/strong>Pamuk<\/li>\n<li>Dokuma Malzemesi: Akrilik \u0130plik \u2013 Pamuk Atk\u0131<\/li>\n<li><strong>Hav Y\u00fcksekli\u011fi:<\/strong> 7mm<\/li>\n<li>m\u00b2 A\u011f\u0131rl\u0131\u011f\u0131: 2050 gr.\/m\u00b2<\/li>\n<li><strong>Garanti Ko\u015fullar\u0131:\u00a0<\/strong>Hal\u0131n\u0131z\u0131n garanti kapsam\u0131ndan \u00e7\u0131kmamas\u0131 i\u00e7in yapman\u0131z gerekenler: Hal\u0131n\u0131z\u0131 kimyasallarla silmeyin!\n<ul>\n<li>Ke\u00e7ele\u015fme ve sertle\u015fme yapmaz<br \/>\nYumu\u015fak dokuya sahip<\/li>\n<li style=\"text-align: left;\">\n<h6><strong style=\"font-family: inherit;\"><em>Modern dokuma taban \u00f6zelliktedir.<\/em><\/strong><\/h6>\n<\/li>\n<li style=\"text-align: left;\">\n<h6><strong><em>Yumu\u015fak ve ipeksi parlakl\u0131\u011fa sahiptir.<\/em><\/strong><br \/>\n<b style=\"font-family: var(--global-body-font-family);\"><\/b><b style=\"font-family: var(--global-body-font-family);\"><\/b><\/h6>\n<\/li>\n<li style=\"text-align: left;\">\n<h6><b style=\"font-family: var(--global-body-font-family);\"><strong>Yan kenarlar\u0131: Lazer kesim<\/strong><\/b><\/h6>\n<p style=\"font-weight: 400;\"><b><strong>Sipari\u015f Vermeden \u00f6nce mutlaka stok sorgulaman\u0131z\u0131 tavsiye ederiz.<\/strong><\/b><\/p>\n<\/li>\n<\/ul>\n<\/li>\n<\/ul>\n","protected":false},"excerpt":{"rendered":"<p>\u0130talyan stilininden ilham al\u0131nan Milano koleksiyonumuz, Woolen Hal\u0131\u2019n\u0131n akrilik iplikten \u00fcretilen modern ve \u015f\u0131k bir serisidir. Bu koleksiyon, akrilik ipli\u011fin dayan\u0131kl\u0131l\u0131\u011f\u0131 ve yumu\u015fak dokusunu, Milano\u2019nun zarif \u00e7izgileriyle birle\u015ftirerek evinizde sofistike bir atmosfer yarat\u0131r. Milano koleksiyonu, modern tasar\u0131m\u0131n yan\u0131 s\u0131ra uzun \u00f6m\u00fcrl\u00fc yap\u0131s\u0131 ve kolay bak\u0131m \u00f6zellikleriyle de dikkat \u00e7eker. Taban Malzemesi:\u00a0Pamuk Dokuma Malzemesi: Akrilik \u0130plik&#8230;<\/p>\n","protected":false},"featured_media":22599,"comment_status":"open","ping_status":"closed","template":"","meta":{"_kadence_starter_templates_imported_post":false,"_kad_post_transparent":"default","_kad_post_title":"","_kad_post_layout":"default","_kad_post_sidebar_id":"","_kad_post_content_style":"default","_kad_post_vertical_padding":"default","_kad_post_feature":"","_kad_post_feature_position":"","_kad_post_header":false,"_kad_post_footer":false,"_kad_post_classname":""},"product_brand":[],"product_cat":[115],"product_tag":[],"class_list":{"0":"post-22591","1":"product","2":"type-product","3":"status-publish","4":"has-post-thumbnail","6":"product_cat-makine-halilari","8":"first","9":"instock","10":"sale","11":"shipping-taxable","12":"purchasable","13":"product-type-variable","14":"entry","15":"content-bg","16":"loop-entry"},"jetpack_sharing_enabled":true,"_links":{"self":[{"href":"https:\/\/halizer.com\/index.php?rest_route=\/wp\/v2\/product\/22591","targetHints":{"allow":["GET"]}}],"collection":[{"href":"https:\/\/halizer.com\/index.php?rest_route=\/wp\/v2\/product"}],"about":[{"href":"https:\/\/halizer.com\/index.php?rest_route=\/wp\/v2\/types\/product"}],"replies":[{"embeddable":true,"href":"https:\/\/halizer.com\/index.php?rest_route=%2Fwp%2Fv2%2Fcomments&post=22591"}],"wp:featuredmedia":[{"embeddable":true,"href":"https:\/\/halizer.com\/index.php?rest_route=\/wp\/v2\/media\/22599"}],"wp:attachment":[{"href":"https:\/\/halizer.com\/index.php?rest_route=%2Fwp%2Fv2%2Fmedia&parent=22591"}],"wp:term":[{"taxonomy":"product_brand","embeddable":true,"href":"https:\/\/halizer.com\/index.php?rest_route=%2Fwp%2Fv2%2Fproduct_brand&post=22591"},{"taxonomy":"product_cat","embeddable":true,"href":"https:\/\/halizer.com\/index.php?rest_route=%2Fwp%2Fv2%2Fproduct_cat&post=22591"},{"taxonomy":"product_tag","embeddable":true,"href":"https:\/\/halizer.com\/index.php?rest_route=%2Fwp%2Fv2%2Fproduct_tag&post=22591"}],"curies":[{"name":"wp","href":"https:\/\/api.w.org\/{rel}","templated":true}]}}