{"id":22751,"date":"2025-02-02T21:28:33","date_gmt":"2025-02-02T21:28:33","guid":{"rendered":"https:\/\/halizer.com\/?post_type=product&#038;p=22751"},"modified":"2025-02-02T21:33:31","modified_gmt":"2025-02-02T21:33:31","slug":"woolen-hali-viola-3401-gold","status":"publish","type":"product","link":"https:\/\/halizer.com\/?product=woolen-hali-viola-3401-gold","title":{"rendered":"Woolen Hal\u0131 Viola 3401 Gold"},"content":{"rendered":"<p>Woolen Hal\u0131\u2019n\u0131n zarif dokunu\u015funu ta\u015f\u0131yan Viola Koleksiyonu, akrilik iplik ve pamuk taban\u0131n m\u00fckemmel uyumunu sunuyor. Bu koleksiyon, y\u00fcksek kalite akrilik ipliklerin dayan\u0131kl\u0131l\u0131\u011f\u0131 ile pamuk taban\u0131n do\u011fal yumu\u015fakl\u0131\u011f\u0131n\u0131 bir araya getirerek, ya\u015fam alanlar\u0131n\u0131za hem konfor hem de estetik kat\u0131yor<\/p>\n<ul>\n<li><strong>Taban Malzemesi: Pamuk Atk\u0131<\/strong><\/li>\n<li>Dokuma Malzemesi: Akrilik \u0130plik<\/li>\n<li><strong>Hav Y\u00fcksekli\u011fi:<\/strong> 8mm<\/li>\n<li><strong>Garanti Ko\u015fullar\u0131:\u00a0<\/strong>Hal\u0131n\u0131z\u0131n garanti kapsam\u0131ndan \u00e7\u0131kmamas\u0131 i\u00e7in yapman\u0131z gerekenler: Hal\u0131n\u0131z\u0131 kimyasallarla silmeyin!<\/li>\n<li>Ke\u00e7ele\u015fme ve sertle\u015fme yapmaz<br \/>\nYumu\u015fak dokuya sahip<\/li>\n<li>\n<h6><strong style=\"font-family: inherit;\"><em>Modern dokuma taban \u00f6zelliktedir.<\/em><\/strong><\/h6>\n<\/li>\n<li>\n<h6><strong><em>Yumu\u015fak ve ipeksi parlakl\u0131\u011fa sahiptir.<\/em><\/strong><\/h6>\n<\/li>\n<li>\n<h6><\/h6>\n<h6><b style=\"font-family: var(--global-body-font-family);\"><strong>Yan kenarlar\u0131: Lazer kesim<\/strong><\/b><\/h6>\n<\/li>\n<li><b style=\"font-family: var(--global-body-font-family);\"><strong>Sipari\u015f Vermeden \u00f6nce mutlaka stok sorgulaman\u0131z\u0131 tavsiye ederiz.<\/strong><\/b><\/li>\n<\/ul>\n","protected":false},"excerpt":{"rendered":"<p>Woolen Hal\u0131\u2019n\u0131n zarif dokunu\u015funu ta\u015f\u0131yan Viola Koleksiyonu, akrilik iplik ve pamuk taban\u0131n m\u00fckemmel uyumunu sunuyor. Bu koleksiyon, y\u00fcksek kalite akrilik ipliklerin dayan\u0131kl\u0131l\u0131\u011f\u0131 ile pamuk taban\u0131n do\u011fal yumu\u015fakl\u0131\u011f\u0131n\u0131 bir araya getirerek, ya\u015fam alanlar\u0131n\u0131za hem konfor hem de estetik kat\u0131yor Taban Malzemesi: Pamuk Atk\u0131 Dokuma Malzemesi: Akrilik \u0130plik Hav Y\u00fcksekli\u011fi: 8mm Garanti Ko\u015fullar\u0131:\u00a0Hal\u0131n\u0131z\u0131n garanti kapsam\u0131ndan \u00e7\u0131kmamas\u0131 i\u00e7in&#8230;<\/p>\n","protected":false},"featured_media":22759,"comment_status":"open","ping_status":"closed","template":"","meta":{"_kadence_starter_templates_imported_post":false,"_kad_post_transparent":"default","_kad_post_title":"","_kad_post_layout":"default","_kad_post_sidebar_id":"","_kad_post_content_style":"default","_kad_post_vertical_padding":"default","_kad_post_feature":"","_kad_post_feature_position":"","_kad_post_header":false,"_kad_post_footer":false,"_kad_post_classname":""},"product_brand":[],"product_cat":[115],"product_tag":[],"class_list":{"0":"post-22751","1":"product","2":"type-product","3":"status-publish","4":"has-post-thumbnail","6":"product_cat-makine-halilari","8":"first","9":"instock","10":"sale","11":"shipping-taxable","12":"purchasable","13":"product-type-variable","14":"entry","15":"content-bg","16":"loop-entry"},"jetpack_sharing_enabled":true,"_links":{"self":[{"href":"https:\/\/halizer.com\/index.php?rest_route=\/wp\/v2\/product\/22751","targetHints":{"allow":["GET"]}}],"collection":[{"href":"https:\/\/halizer.com\/index.php?rest_route=\/wp\/v2\/product"}],"about":[{"href":"https:\/\/halizer.com\/index.php?rest_route=\/wp\/v2\/types\/product"}],"replies":[{"embeddable":true,"href":"https:\/\/halizer.com\/index.php?rest_route=%2Fwp%2Fv2%2Fcomments&post=22751"}],"wp:featuredmedia":[{"embeddable":true,"href":"https:\/\/halizer.com\/index.php?rest_route=\/wp\/v2\/media\/22759"}],"wp:attachment":[{"href":"https:\/\/halizer.com\/index.php?rest_route=%2Fwp%2Fv2%2Fmedia&parent=22751"}],"wp:term":[{"taxonomy":"product_brand","embeddable":true,"href":"https:\/\/halizer.com\/index.php?rest_route=%2Fwp%2Fv2%2Fproduct_brand&post=22751"},{"taxonomy":"product_cat","embeddable":true,"href":"https:\/\/halizer.com\/index.php?rest_route=%2Fwp%2Fv2%2Fproduct_cat&post=22751"},{"taxonomy":"product_tag","embeddable":true,"href":"https:\/\/halizer.com\/index.php?rest_route=%2Fwp%2Fv2%2Fproduct_tag&post=22751"}],"curies":[{"name":"wp","href":"https:\/\/api.w.org\/{rel}","templated":true}]}}