{"id":23159,"date":"2025-02-02T23:11:56","date_gmt":"2025-02-02T23:11:56","guid":{"rendered":"https:\/\/halizer.com\/?post_type=product&#038;p=23159"},"modified":"2025-04-02T08:08:49","modified_gmt":"2025-04-02T08:08:49","slug":"woolen-hali-disney-8006-gri","status":"publish","type":"product","link":"https:\/\/halizer.com\/?product=woolen-hali-disney-8006-gri","title":{"rendered":"Woolen Hal\u0131 Disney 8006 Gri"},"content":{"rendered":"<p>\u0130pli\u011fi %100 M\u0130KRO polyester, taban malzemesi ise %100 pamuktur. 810.000 point s\u0131kl\u0131\u011f\u0131ndad\u0131r. Oturma odas\u0131, \u00e7ocuk odas\u0131, yatak odas\u0131, antre, mutfak gibi t\u00fcm mekanlarda kullan\u0131m\u0131na uygundur. Yal\u0131t\u0131ml\u0131 mekanlarda tabandan yal\u0131t\u0131ma uygundur ve yal\u0131t\u0131ma katk\u0131 sa\u011flar. . \u00dcr\u00fcnlerimizde pamuk atk\u0131 kullan\u0131ld\u0131\u011f\u0131 i\u00e7in enden %3 boydan %1 oran\u0131nda \u00e7ekme olabilir. Tekstil \u00fcr\u00fcnlerinde ipliklerin boyanmas\u0131ndan dolay\u0131 \u00fcr\u00fcnler aras\u0131nda k\u00fc\u00e7\u00fck renk (lot) farklar\u0131 olu\u015fabilir. \u00dcr\u00fcn foto\u011fraflar\u0131n\u0131n \u00e7ekimi s\u0131ras\u0131nda ortam \u0131\u015f\u0131\u011f\u0131 ve farkl\u0131 etkenlerden minimum seviyede ton fark\u0131 olabilmektedir.<\/p>\n<p>Mikrofiber polyester iplikten olu\u015fur.<br \/>\nD\u00fcz spor sa\u00e7akl\u0131d\u0131r.<br \/>\n8-mm kal\u0131nl\u0131\u011f\u0131ndad\u0131r.<br \/>\nModern dokuma taban \u00f6zelliktedir.<br \/>\nYumu\u015fak ve ipeksi parlakl\u0131\u011fa sahiptir.<br \/>\nAntibakteriyel \u00fcr\u00fcnd\u00fcr.<br \/>\nHav vermez ve tozumaz \u00f6zelli\u011fe sahiptir.<\/p>\n<ul>\n<li><strong>Taban Malzemesi:\u00a0<\/strong>Pamuk<\/li>\n<li><strong>Hav Y\u00fcksekli\u011fi:<\/strong>\u00a08mm<\/li>\n<li><strong>M2 A\u011f\u0131rl\u0131\u011f\u0131:<\/strong> 1.5 KG<\/li>\n<li><strong>Garanti Ko\u015fullar\u0131:\u00a0<\/strong>Hal\u0131n\u0131z\u0131n garanti kapsam\u0131ndan \u00e7\u0131kmamas\u0131 i\u00e7in yapman\u0131z gerekenler: Hal\u0131n\u0131z\u0131 kimyasallarla silmeyin!<\/li>\n<li><em><strong>\u0130NSTAGRAM \u00dcZER\u0130NDEN \u00d6ZEL \u00d6L\u00c7\u00dcLER\u0130N\u0130Z\u0130 \u0130LETEB\u0130L\u0130RS\u0130N\u0130Z.<\/strong><\/em><\/li>\n<li><strong><em>D\u00fcz spor sa\u00e7akl\u0131d\u0131r.<\/em><\/strong><\/li>\n<li><strong style=\"font-family: inherit;\"><em>Modern dokuma taban \u00f6zelliktedir.<\/em><\/strong><\/li>\n<li><strong><em>Yumu\u015fak ve ipeksi parlakl\u0131\u011fa sahiptir.<\/em><\/strong><\/li>\n<li><strong><em>Antibakteriyel \u00fcr\u00fcnd\u00fcr.<\/em><\/strong><br \/>\n<b style=\"font-family: var(--global-body-font-family);\"><\/b><\/li>\n<li><b style=\"font-family: var(--global-body-font-family);\"><strong>Yan kenarlar\u0131: <\/strong><\/b><span style=\"font-family: var(--global-body-font-family);\">Overlok<\/span><\/li>\n<li><b style=\"font-family: var(--global-body-font-family); font-size: 17px;\"><strong>\u0130ste\u011fe Ba\u011fl\u0131 Ki\u015fiye \u00f6zel \u00f6l\u00e7\u00fclerde fiyat fark\u0131 olmadan \u00fcretim yap\u0131lmaktad\u0131r.<\/strong><\/b><\/li>\n<li>\n<p style=\"font-weight: 400;\"><b><strong>Kesme Rulo Ebatlar\u0131:<\/strong><\/b>\u00a080, 100, 120, 160, 200<\/p>\n<p style=\"font-weight: 400;\"><b><strong>Sipari\u015f Vermeden \u00f6nce mutlaka stok sorgulaman\u0131z\u0131 tavsiye ederiz.<\/strong><\/b><\/p>\n<\/li>\n<\/ul>\n","protected":false},"excerpt":{"rendered":"<p>\u0130pli\u011fi %100 M\u0130KRO polyester, taban malzemesi ise %100 pamuktur. 810.000 point s\u0131kl\u0131\u011f\u0131ndad\u0131r. Oturma odas\u0131, \u00e7ocuk odas\u0131, yatak odas\u0131, antre, mutfak gibi t\u00fcm mekanlarda kullan\u0131m\u0131na uygundur. Yal\u0131t\u0131ml\u0131 mekanlarda tabandan yal\u0131t\u0131ma uygundur ve yal\u0131t\u0131ma katk\u0131 sa\u011flar. . \u00dcr\u00fcnlerimizde pamuk atk\u0131 kullan\u0131ld\u0131\u011f\u0131 i\u00e7in enden %3 boydan %1 oran\u0131nda \u00e7ekme olabilir. Tekstil \u00fcr\u00fcnlerinde ipliklerin boyanmas\u0131ndan dolay\u0131 \u00fcr\u00fcnler aras\u0131nda k\u00fc\u00e7\u00fck&#8230;<\/p>\n","protected":false},"featured_media":23183,"comment_status":"open","ping_status":"closed","template":"","meta":{"_kadence_starter_templates_imported_post":false,"_kad_post_transparent":"default","_kad_post_title":"","_kad_post_layout":"default","_kad_post_sidebar_id":"","_kad_post_content_style":"default","_kad_post_vertical_padding":"default","_kad_post_feature":"","_kad_post_feature_position":"","_kad_post_header":false,"_kad_post_footer":false,"_kad_post_classname":""},"product_brand":[],"product_cat":[48],"product_tag":[],"class_list":{"0":"post-23159","1":"product","2":"type-product","3":"status-publish","4":"has-post-thumbnail","6":"product_cat-iskandinav","8":"first","9":"instock","10":"sale","11":"shipping-taxable","12":"purchasable","13":"product-type-variable","14":"entry","15":"content-bg","16":"loop-entry"},"jetpack_sharing_enabled":true,"_links":{"self":[{"href":"https:\/\/halizer.com\/index.php?rest_route=\/wp\/v2\/product\/23159","targetHints":{"allow":["GET"]}}],"collection":[{"href":"https:\/\/halizer.com\/index.php?rest_route=\/wp\/v2\/product"}],"about":[{"href":"https:\/\/halizer.com\/index.php?rest_route=\/wp\/v2\/types\/product"}],"replies":[{"embeddable":true,"href":"https:\/\/halizer.com\/index.php?rest_route=%2Fwp%2Fv2%2Fcomments&post=23159"}],"wp:featuredmedia":[{"embeddable":true,"href":"https:\/\/halizer.com\/index.php?rest_route=\/wp\/v2\/media\/23183"}],"wp:attachment":[{"href":"https:\/\/halizer.com\/index.php?rest_route=%2Fwp%2Fv2%2Fmedia&parent=23159"}],"wp:term":[{"taxonomy":"product_brand","embeddable":true,"href":"https:\/\/halizer.com\/index.php?rest_route=%2Fwp%2Fv2%2Fproduct_brand&post=23159"},{"taxonomy":"product_cat","embeddable":true,"href":"https:\/\/halizer.com\/index.php?rest_route=%2Fwp%2Fv2%2Fproduct_cat&post=23159"},{"taxonomy":"product_tag","embeddable":true,"href":"https:\/\/halizer.com\/index.php?rest_route=%2Fwp%2Fv2%2Fproduct_tag&post=23159"}],"curies":[{"name":"wp","href":"https:\/\/api.w.org\/{rel}","templated":true}]}}