{"id":23662,"date":"2025-02-05T21:00:35","date_gmt":"2025-02-05T21:00:35","guid":{"rendered":"https:\/\/halizer.com\/?post_type=product&#038;p=23662"},"modified":"2025-02-05T21:02:07","modified_gmt":"2025-02-05T21:02:07","slug":"tugra-hali-galata-gt04","status":"publish","type":"product","link":"https:\/\/halizer.com\/?product=tugra-hali-galata-gt04","title":{"rendered":"Tu\u011fra Hal\u0131 Galata GT04"},"content":{"rendered":"<ul>\n<li>Taban Malzemesi: Pamuk Atk\u0131<\/li>\n<li>Dokuma Malzemesi: %100 Akrilik<\/li>\n<li>Hav Y\u00fcksekli\u011fi: 7mm<\/li>\n<li>Garanti Ko\u015fullar\u0131:\u00a0Hal\u0131n\u0131z\u0131n garanti kapsam\u0131ndan \u00e7\u0131kmamas\u0131 i\u00e7in yapman\u0131z gerekenler: Hal\u0131n\u0131z\u0131 kimyasallarla silmeyin!<\/li>\n<li>Ke\u00e7ele\u015fme ve sertle\u015fme yapmaz<\/li>\n<li>Yumu\u015fak dokuya sahip<\/li>\n<li><em>Modern dokuma taban \u00f6zelliktedir.<\/em><\/li>\n<li><em>Yumu\u015fak ve ipeksi parlakl\u0131\u011fa sahiptir.<\/em><\/li>\n<li>Sipari\u015f Vermeden \u00f6nce mutlaka stok sorgulaman\u0131z\u0131 tavsiye ederiz.<\/li>\n<\/ul>\n<p><span style=\"color: #400040;\"><u><span style=\"font-size: x-large;\">Bak\u0131m ve Kullan\u0131m \u00d6nerileri :<\/span><\/u>\u00a0<\/span><\/p>\n<p><strong><span style=\"color: #400040;\"><span style=\"font-size: large;\"><u>Genel Kullan\u0131m<\/u><\/span><\/span><\/strong><\/p>\n<ul>\n<li><strong><span style=\"color: #400040;\"><span style=\"font-size: medium;\">Hal\u0131n\u0131z \u00e7\u0131rp\u0131lmamal\u0131, d\u00f6v\u00fclmemeli, elektrik s\u00fcp\u00fcrgesinin f\u0131r\u00e7as\u0131z u\u00e7lar\u0131 ile s\u00fcp\u00fcr\u00fclmelidir.<\/span><\/span><\/strong><\/li>\n<li><strong><span style=\"color: #400040;\"><span style=\"font-size: medium;\">Hal\u0131n\u0131z\u0131n \u00fczerine koyulan sehpa, koltuk vs. e\u015fya var ise iz yapmamas\u0131 i\u00e7in yerleri ara ara de\u011fi\u015ftirilmeli, temas eden yerler elektrik s\u00fcp\u00fcrgesinin f\u0131r\u00e7as\u0131z u\u00e7lar\u0131 ile s\u00fcp\u00fcr\u00fclmelidir.<\/span><\/span><\/strong><\/li>\n<\/ul>\n<p><strong><u><span style=\"color: #400040;\"><span style=\"font-size: large;\">Leke \u00c7\u0131karma<\/span><\/span><\/u><\/strong><\/p>\n<p><strong><span style=\"color: #400040;\"><span style=\"font-size: medium;\">E\u011fer hal\u0131n\u0131za bir \u015fey d\u00f6k\u00fcl\u00fcrse \u00e7ok h\u0131zl\u0131 bir \u015fekilde harekete ge\u00e7ilmelidir.<\/span><\/span><\/strong><\/p>\n<ul>\n<li><strong><span style=\"color: #400040;\"><span style=\"font-size: medium;\">Bu gibi durumlarda \u00f6ncelikle s\u0131v\u0131 da\u011f\u0131lmadan ka\u011f\u0131t havlu ile tampon uygulanarak fazla s\u0131v\u0131 emilmeli, kesinlikle a\u011fart\u0131c\u0131 kimyasal i\u00e7eren temizlik maddeleri (\u00e7ama\u015f\u0131r suyu gibi) kullan\u0131lmamal\u0131d\u0131r.<\/span><\/span><\/strong><\/li>\n<li><strong><span style=\"color: #400040;\"><span style=\"font-size: medium;\">S\u0131v\u0131n\u0131n d\u00f6k\u00fcld\u00fc\u011f\u00fc alan tampon uygulamas\u0131ndan sonra so\u011fuk su ve do\u011fal sabun ile silinmelidir.<\/span><\/span><\/strong><\/li>\n<li><strong><span style=\"color: #400040;\"><span style=\"font-size: medium;\">Silme i\u015flemi lekeyi da\u011f\u0131tmayacak bir \u015fekilde, hav y\u00f6n\u00fcnde yumu\u015fak ve beyaz bir bez yard\u0131m\u0131 ile olmal\u0131; dairesel veya hav y\u00f6n\u00fcn\u00fcn tersine sert ovma i\u015flemlerinden ka\u00e7\u0131n\u0131lmal\u0131d\u0131r.<\/span><\/span><\/strong><\/li>\n<li><strong><span style=\"color: #400040;\"><span style=\"font-size: medium;\">Temizlenen b\u00f6lge tamamen kuruyana kadar \u00fczerine bas\u0131lmamal\u0131d\u0131r.<\/span><\/span><\/strong><\/li>\n<\/ul>\n<p><strong><span style=\"color: #400040;\"><span style=\"font-size: large;\"><u>Derin Temizlik<\/u><\/span><\/span><\/strong><\/p>\n<ul>\n<li><strong><span style=\"color: #400040;\"><span style=\"font-size: medium;\">Hal\u0131n\u0131z\u0131n derin temizli\u011fi i\u00e7in profesyonel hal\u0131 y\u0131kama merkezlerinden destek al\u0131nmal\u0131d\u0131r. Y\u0131kama merkezine y\u0131kama s\u0131ras\u0131nda kesinlikle Sodyum Hidroksit (Kostik) i\u00e7eren a\u011f\u0131r kimyasal temizleyicilerin kullan\u0131lmamas\u0131 gerekti\u011fi vurgulanmal\u0131d\u0131r.<\/span><\/span><\/strong><\/li>\n<li><strong><span style=\"color: #400040;\"><span style=\"font-size: medium;\">Temizleme sonras\u0131na hal\u0131n\u0131z as\u0131lmadan, yere serili olarak k\u0131sa s\u00fcrede kurutulmal\u0131d\u0131r.<\/span><\/span><\/strong><\/li>\n<li><strong><span style=\"color: #400040;\"><span style=\"font-size: medium;\">Hal\u0131n\u0131z \u0131slakken kullan\u0131lmamal\u0131 ve direkt g\u00fcne\u015f \u0131\u015f\u0131\u011f\u0131ndan korunmal\u0131d\u0131r.<\/span><\/span><\/strong><\/li>\n<\/ul>\n","protected":false},"excerpt":{"rendered":"<p>Taban Malzemesi: Pamuk Atk\u0131 Dokuma Malzemesi: %100 Akrilik Hav Y\u00fcksekli\u011fi: 7mm Garanti Ko\u015fullar\u0131:\u00a0Hal\u0131n\u0131z\u0131n garanti kapsam\u0131ndan \u00e7\u0131kmamas\u0131 i\u00e7in yapman\u0131z gerekenler: Hal\u0131n\u0131z\u0131 kimyasallarla silmeyin! Ke\u00e7ele\u015fme ve sertle\u015fme yapmaz Yumu\u015fak dokuya sahip Modern dokuma taban \u00f6zelliktedir. Yumu\u015fak ve ipeksi parlakl\u0131\u011fa sahiptir. Sipari\u015f Vermeden \u00f6nce mutlaka stok sorgulaman\u0131z\u0131 tavsiye ederiz. Bak\u0131m ve Kullan\u0131m \u00d6nerileri :\u00a0 Genel Kullan\u0131m Hal\u0131n\u0131z \u00e7\u0131rp\u0131lmamal\u0131,&#8230;<\/p>\n","protected":false},"featured_media":23675,"comment_status":"open","ping_status":"closed","template":"","meta":{"_kadence_starter_templates_imported_post":false,"_kad_post_transparent":"default","_kad_post_title":"","_kad_post_layout":"default","_kad_post_sidebar_id":"","_kad_post_content_style":"default","_kad_post_vertical_padding":"default","_kad_post_feature":"","_kad_post_feature_position":"","_kad_post_header":false,"_kad_post_footer":false,"_kad_post_classname":""},"product_brand":[],"product_cat":[115],"product_tag":[],"class_list":{"0":"post-23662","1":"product","2":"type-product","3":"status-publish","4":"has-post-thumbnail","6":"product_cat-makine-halilari","8":"first","9":"instock","10":"sale","11":"shipping-taxable","12":"purchasable","13":"product-type-variable","14":"entry","15":"content-bg","16":"loop-entry"},"jetpack_sharing_enabled":true,"_links":{"self":[{"href":"https:\/\/halizer.com\/index.php?rest_route=\/wp\/v2\/product\/23662","targetHints":{"allow":["GET"]}}],"collection":[{"href":"https:\/\/halizer.com\/index.php?rest_route=\/wp\/v2\/product"}],"about":[{"href":"https:\/\/halizer.com\/index.php?rest_route=\/wp\/v2\/types\/product"}],"replies":[{"embeddable":true,"href":"https:\/\/halizer.com\/index.php?rest_route=%2Fwp%2Fv2%2Fcomments&post=23662"}],"wp:featuredmedia":[{"embeddable":true,"href":"https:\/\/halizer.com\/index.php?rest_route=\/wp\/v2\/media\/23675"}],"wp:attachment":[{"href":"https:\/\/halizer.com\/index.php?rest_route=%2Fwp%2Fv2%2Fmedia&parent=23662"}],"wp:term":[{"taxonomy":"product_brand","embeddable":true,"href":"https:\/\/halizer.com\/index.php?rest_route=%2Fwp%2Fv2%2Fproduct_brand&post=23662"},{"taxonomy":"product_cat","embeddable":true,"href":"https:\/\/halizer.com\/index.php?rest_route=%2Fwp%2Fv2%2Fproduct_cat&post=23662"},{"taxonomy":"product_tag","embeddable":true,"href":"https:\/\/halizer.com\/index.php?rest_route=%2Fwp%2Fv2%2Fproduct_tag&post=23662"}],"curies":[{"name":"wp","href":"https:\/\/api.w.org\/{rel}","templated":true}]}}