{"id":24212,"date":"2025-04-09T13:41:57","date_gmt":"2025-04-09T13:41:57","guid":{"rendered":"https:\/\/halizer.com\/?post_type=product&#038;p=24212"},"modified":"2025-05-15T10:14:57","modified_gmt":"2025-05-15T07:14:57","slug":"turkmen-hali-siesta-1503-bej-sisal","status":"publish","type":"product","link":"https:\/\/halizer.com\/?product=turkmen-hali-siesta-1503-bej-sisal","title":{"rendered":"T\u00fcrkmen Hal\u0131 Siesta 1503 Bej Sisal"},"content":{"rendered":"<ul class=\"detail-desc-list two-columns\">\n<li>4 mm hav y\u00fcksekli\u011finde.<\/li>\n<li>Antibakteriyel-antialerjiktir.<\/li>\n<li>Kolay temizlenebilir.<\/li>\n<li>Tozu yok, hav vermez.<\/li>\n<li>Sisal Hal\u0131lar her \u00e7e\u015fit dekorasyonunuza uyum sa\u011flayarak modern bir g\u00f6r\u00fcnt\u00fc yakalaman\u0131z i\u00e7in m\u00fckemmel bir tercihtir.<\/li>\n<li>\u0130\u00e7 d\u0131\u015f mekanda kullan\u0131m tercih edilebilir.<\/li>\n<li>Kullan\u0131m\u0131 rahatt\u0131r, robot s\u00fcp\u00fcrge temizli\u011fine uygundur.<\/li>\n<li>Tok yap\u0131s\u0131 sayesinde kaliteli ve \u015f\u0131k durur.<\/li>\n<li>T\u00fcrkmen hal\u0131 kalitesinde bord\u00fcrl\u00fc sisal hal\u0131lar i\u00e7inde en \u00e7ok tercih edilen seridir.<\/li>\n<\/ul>\n","protected":false},"excerpt":{"rendered":"<p>4 mm hav y\u00fcksekli\u011finde. Antibakteriyel-antialerjiktir. Kolay temizlenebilir. Tozu yok, hav vermez. Sisal Hal\u0131lar her \u00e7e\u015fit dekorasyonunuza uyum sa\u011flayarak modern bir g\u00f6r\u00fcnt\u00fc yakalaman\u0131z i\u00e7in m\u00fckemmel bir tercihtir. \u0130\u00e7 d\u0131\u015f mekanda kullan\u0131m tercih edilebilir. Kullan\u0131m\u0131 rahatt\u0131r, robot s\u00fcp\u00fcrge temizli\u011fine uygundur. Tok yap\u0131s\u0131 sayesinde kaliteli ve \u015f\u0131k durur. T\u00fcrkmen hal\u0131 kalitesinde bord\u00fcrl\u00fc sisal hal\u0131lar i\u00e7inde en \u00e7ok tercih&#8230;<\/p>\n","protected":false},"featured_media":24213,"comment_status":"open","ping_status":"closed","template":"","meta":{"_kadence_starter_templates_imported_post":false,"_kad_post_transparent":"default","_kad_post_title":"","_kad_post_layout":"default","_kad_post_sidebar_id":"","_kad_post_content_style":"default","_kad_post_vertical_padding":"default","_kad_post_feature":"","_kad_post_feature_position":"","_kad_post_header":false,"_kad_post_footer":false,"_kad_post_classname":""},"product_brand":[173],"product_cat":[36],"product_tag":[],"class_list":{"0":"post-24212","1":"product","2":"type-product","3":"status-publish","4":"has-post-thumbnail","6":"product_brand-turkmen-hali","7":"product_cat-sisal","9":"first","10":"instock","11":"sale","12":"shipping-taxable","13":"purchasable","14":"product-type-variable","15":"entry","16":"content-bg","17":"loop-entry"},"jetpack_sharing_enabled":true,"_links":{"self":[{"href":"https:\/\/halizer.com\/index.php?rest_route=\/wp\/v2\/product\/24212","targetHints":{"allow":["GET"]}}],"collection":[{"href":"https:\/\/halizer.com\/index.php?rest_route=\/wp\/v2\/product"}],"about":[{"href":"https:\/\/halizer.com\/index.php?rest_route=\/wp\/v2\/types\/product"}],"replies":[{"embeddable":true,"href":"https:\/\/halizer.com\/index.php?rest_route=%2Fwp%2Fv2%2Fcomments&post=24212"}],"wp:featuredmedia":[{"embeddable":true,"href":"https:\/\/halizer.com\/index.php?rest_route=\/wp\/v2\/media\/24213"}],"wp:attachment":[{"href":"https:\/\/halizer.com\/index.php?rest_route=%2Fwp%2Fv2%2Fmedia&parent=24212"}],"wp:term":[{"taxonomy":"product_brand","embeddable":true,"href":"https:\/\/halizer.com\/index.php?rest_route=%2Fwp%2Fv2%2Fproduct_brand&post=24212"},{"taxonomy":"product_cat","embeddable":true,"href":"https:\/\/halizer.com\/index.php?rest_route=%2Fwp%2Fv2%2Fproduct_cat&post=24212"},{"taxonomy":"product_tag","embeddable":true,"href":"https:\/\/halizer.com\/index.php?rest_route=%2Fwp%2Fv2%2Fproduct_tag&post=24212"}],"curies":[{"name":"wp","href":"https:\/\/api.w.org\/{rel}","templated":true}]}}